{"id":100,"date":"2019-12-27T14:04:32","date_gmt":"2019-12-27T14:04:32","guid":{"rendered":"https:\/\/anamoreira.km35633-02.keymachine.de\/cmi\/?page_id=100"},"modified":"2023-01-26T15:56:19","modified_gmt":"2023-01-26T15:56:19","slug":"links-uteis","status":"publish","type":"page","link":"https:\/\/anamoreira.pt\/cmi\/links-uteis\/","title":{"rendered":"Links \u00dateis"},"content":{"rendered":"\t\t<div data-elementor-type=\"wp-page\" data-elementor-id=\"100\" class=\"elementor elementor-100\" data-elementor-post-type=\"page\">\n\t\t\t\t\t\t<section class=\"elementor-section elementor-top-section elementor-element elementor-element-f66f458 elementor-section-boxed elementor-section-height-default elementor-section-height-default\" data-id=\"f66f458\" data-element_type=\"section\" data-e-type=\"section\">\n\t\t\t\t\t\t<div class=\"elementor-container elementor-column-gap-default\">\n\t\t\t\t\t<div class=\"elementor-column elementor-col-100 elementor-top-column elementor-element elementor-element-255876a\" data-id=\"255876a\" data-element_type=\"column\" data-e-type=\"column\">\n\t\t\t<div class=\"elementor-widget-wrap elementor-element-populated\">\n\t\t\t\t\t\t<div class=\"elementor-element elementor-element-86cf9a2 elementor-widget elementor-widget-eael-adv-accordion\" data-id=\"86cf9a2\" data-element_type=\"widget\" data-e-type=\"widget\" data-widget_type=\"eael-adv-accordion.default\">\n\t\t\t\t<div class=\"elementor-widget-container\">\n\t\t\t\t\t            <div class=\"eael-adv-accordion\" id=\"eael-adv-accordion-86cf9a2\" data-scroll-on-click=\"no\" data-scroll-speed=\"300\" data-accordion-id=\"86cf9a2\" data-accordion-type=\"accordion\" data-toogle-speed=\"300\">\n            <div class=\"eael-accordion-list\">\n\t\t\t\t\t<div id=\"medicina-sintergetica\" class=\"elementor-tab-title eael-accordion-header\" tabindex=\"0\" data-tab=\"1\" aria-controls=\"elementor-tab-content-1411\"><span class=\"eael-accordion-tab-title\">Medicina Sintergetica<\/span><i aria-hidden=\"true\" class=\"fa-toggle fas fa-angle-right\"><\/i><\/div><div id=\"elementor-tab-content-1411\" class=\"eael-accordion-content clearfix\" data-tab=\"1\" aria-labelledby=\"medicina-sintergetica\"><h3><a href=\"http:\/\/www.sintergeticanet.com\/\">www.sintergeticanet.com<\/a><\/h3><h3><a href=\"http:\/\/www.davida-red.org\/\">www.davida-red.org<\/a><\/h3><h3><a href=\"http:\/\/www.sintergetica.cl\/\">www.sintergetica.cl<\/a><\/h3><h3><a href=\"http:\/\/www.sintergeticabrasil.com\/\">www.sintergeticabrasil.com<\/a><\/h3><h3><a href=\"http:\/\/www.viaserperu.net\/\">www.viaserperu.net<\/a><\/h3><h3><a href=\"http:\/\/www.fundacionananta.org\/\">www.fundacionananta.org<\/a><\/h3><\/div>\n\t\t\t\t\t<\/div><div class=\"eael-accordion-list\">\n\t\t\t\t\t<div id=\"alimentao\" class=\"elementor-tab-title eael-accordion-header\" tabindex=\"0\" data-tab=\"2\" aria-controls=\"elementor-tab-content-1412\"><span class=\"eael-accordion-tab-title\">Alimenta\u00e7\u00e3o<\/span><i aria-hidden=\"true\" class=\"fa-toggle fas fa-angle-right\"><\/i><\/div><div id=\"elementor-tab-content-1412\" class=\"eael-accordion-content clearfix\" data-tab=\"2\" aria-labelledby=\"alimentao\"><h3><a href=\"http:\/\/www.diospiro.pt\/\">www.diospiro.pt<\/a><\/h3><h3><a href=\"http:\/\/www.ajcn.org\/\">www.ajcn.org<\/a><\/h3><h3><a href=\"http:\/\/www.preventcancer.com\/\">www.preventcancer.com<\/a><\/h3><h3><a href=\"http:\/\/www.foodmatters.tv\/\">www.foodmatters.tv<\/a><\/h3><\/div>\n\t\t\t\t\t<\/div><div class=\"eael-accordion-list\">\n\t\t\t\t\t<div id=\"outros\" class=\"elementor-tab-title eael-accordion-header\" tabindex=\"0\" data-tab=\"3\" aria-controls=\"elementor-tab-content-1413\"><span class=\"eael-accordion-tab-title\">Outros<\/span><i aria-hidden=\"true\" class=\"fa-toggle fas fa-angle-right\"><\/i><\/div><div id=\"elementor-tab-content-1413\" class=\"eael-accordion-content clearfix\" data-tab=\"3\" aria-labelledby=\"outros\"><h3><a href=\"http:\/\/www.topdocumentaryfilms.com\/\">www.topdocumentaryfilms.com<\/a><\/h3><h3><a href=\"http:\/\/www.novosmedicamentoshomeopaticos.com\/\">www.novosmedicamentoshomeopaticos.com<\/a><\/h3><h3><a href=\"http:\/\/www.homeozulian.med.br\/\">www.homeozulian.med.br<\/a><\/h3><h3><a href=\"http:\/\/www.fm.usp.br\/homeopatia\">www.fm.usp.br\/homeopatia<\/a><\/h3><h3><a href=\"http:\/\/www.iacworld.org\/\">www.iacworld.org<\/a><\/h3><h3><a href=\"http:\/\/www.cognitiva.eu\/\">www.cognitiva.eu<\/a><\/h3><h3><a href=\"http:\/\/www.ceaec.org\/\">www.ceaec.org<\/a><\/h3><h3><a href=\"http:\/\/www.iipc.org\/\">www.iipc.org<\/a><\/h3><h3><a href=\"http:\/\/www.apexinternational.org\/\">www.apexinternational.org<\/a><\/h3><h3><a href=\"http:\/\/www.ecim-congress.org\/\">www.ecim-congress.org<\/a><\/h3><h3><a href=\"http:\/\/www.youtube.com\/watch?feature=player_embedded&amp;hl=pt-PT&amp;v=WS50OExGRpg\">Fly Paper: Mapping the Protein Interactions of Our Distant Relative<\/a><\/h3><h3><a href=\"http:\/\/espaber.uspnet.usp.br\/espaber\/?materia=homeopatia-no-sistema-unico-de-saude-e-suas-provas-cientificas\">Revista Espa\u00e7o Aberto \u2013 Homeopatia no Sistema \u00danico de Sa\u00fade e suas provas cient\u00edficas<\/a><\/h3><\/div>\n\t\t\t\t\t<\/div><\/div>\t\t\t\t<\/div>\n\t\t\t\t<\/div>\n\t\t\t\t\t<\/div>\n\t\t<\/div>\n\t\t\t\t\t<\/div>\n\t\t<\/section>\n\t\t\t\t<section class=\"elementor-section elementor-top-section elementor-element elementor-element-2d6f6de elementor-section-boxed elementor-section-height-default elementor-section-height-default\" data-id=\"2d6f6de\" data-element_type=\"section\" data-e-type=\"section\">\n\t\t\t\t\t\t<div class=\"elementor-container elementor-column-gap-default\">\n\t\t\t\t\t<div class=\"elementor-column elementor-col-100 elementor-top-column elementor-element elementor-element-88b70f5\" data-id=\"88b70f5\" data-element_type=\"column\" data-e-type=\"column\">\n\t\t\t<div class=\"elementor-widget-wrap elementor-element-populated\">\n\t\t\t\t\t\t<div class=\"elementor-element elementor-element-ba4fa63 elementor-widget elementor-widget-spacer\" data-id=\"ba4fa63\" data-element_type=\"widget\" data-e-type=\"widget\" data-widget_type=\"spacer.default\">\n\t\t\t\t<div class=\"elementor-widget-container\">\n\t\t\t\t\t\t\t<div class=\"elementor-spacer\">\n\t\t\t<div class=\"elementor-spacer-inner\"><\/div>\n\t\t<\/div>\n\t\t\t\t\t\t<\/div>\n\t\t\t\t<\/div>\n\t\t\t\t\t<\/div>\n\t\t<\/div>\n\t\t\t\t\t<\/div>\n\t\t<\/section>\n\t\t\t\t<section class=\"elementor-section elementor-top-section elementor-element elementor-element-3f579d25 elementor-section-boxed elementor-section-height-default elementor-section-height-default\" data-id=\"3f579d25\" data-element_type=\"section\" data-e-type=\"section\">\n\t\t\t\t\t\t<div class=\"elementor-container elementor-column-gap-default\">\n\t\t\t\t\t<div class=\"elementor-column elementor-col-12 elementor-top-column elementor-element elementor-element-4f4ee64d\" data-id=\"4f4ee64d\" data-element_type=\"column\" data-e-type=\"column\">\n\t\t\t<div class=\"elementor-widget-wrap elementor-element-populated\">\n\t\t\t\t\t\t<div class=\"elementor-element elementor-element-288fe0c9 elementor-view-framed elementor-shape-circle elementor-widget elementor-widget-icon\" data-id=\"288fe0c9\" data-element_type=\"widget\" data-e-type=\"widget\" data-widget_type=\"icon.default\">\n\t\t\t\t<div class=\"elementor-widget-container\">\n\t\t\t\t\t\t\t<div class=\"elementor-icon-wrapper\">\n\t\t\t<a class=\"elementor-icon elementor-animation-shrink\" href=\"\/cmi\/marcacao-de-consulta\/\">\n\t\t\t<i aria-hidden=\"true\" class=\"fas fa-calendar-alt\"><\/i>\t\t\t<\/a>\n\t\t<\/div>\n\t\t\t\t\t\t<\/div>\n\t\t\t\t<\/div>\n\t\t\t\t<div class=\"elementor-element elementor-element-388ee480 elementor-widget elementor-widget-heading\" data-id=\"388ee480\" data-element_type=\"widget\" data-e-type=\"widget\" data-widget_type=\"heading.default\">\n\t\t\t\t<div class=\"elementor-widget-container\">\n\t\t\t\t\t<h5 class=\"elementor-heading-title elementor-size-default\"><a href=\"\/cmi\/marcacao-de-consulta\/\">Marca\u00e7\u00e3o de Consulta<\/a><\/h5>\t\t\t\t<\/div>\n\t\t\t\t<\/div>\n\t\t\t\t\t<\/div>\n\t\t<\/div>\n\t\t\t\t<div class=\"elementor-column elementor-col-12 elementor-top-column elementor-element elementor-element-7b5eb191\" data-id=\"7b5eb191\" data-element_type=\"column\" data-e-type=\"column\">\n\t\t\t<div class=\"elementor-widget-wrap elementor-element-populated\">\n\t\t\t\t\t\t<div class=\"elementor-element elementor-element-15038181 elementor-view-framed elementor-shape-circle elementor-widget elementor-widget-icon\" data-id=\"15038181\" data-element_type=\"widget\" data-e-type=\"widget\" data-widget_type=\"icon.default\">\n\t\t\t\t<div class=\"elementor-widget-container\">\n\t\t\t\t\t\t\t<div class=\"elementor-icon-wrapper\">\n\t\t\t<a class=\"elementor-icon elementor-animation-shrink\" href=\"\/cmi\/equipa\/\">\n\t\t\t<i aria-hidden=\"true\" class=\"fas fa-users\"><\/i>\t\t\t<\/a>\n\t\t<\/div>\n\t\t\t\t\t\t<\/div>\n\t\t\t\t<\/div>\n\t\t\t\t<div class=\"elementor-element elementor-element-619efbc2 elementor-widget elementor-widget-heading\" data-id=\"619efbc2\" data-element_type=\"widget\" data-e-type=\"widget\" data-widget_type=\"heading.default\">\n\t\t\t\t<div class=\"elementor-widget-container\">\n\t\t\t\t\t<h5 class=\"elementor-heading-title elementor-size-default\"><a href=\"\/cmi\/equipa\/\">Equipa<\/a><\/h5>\t\t\t\t<\/div>\n\t\t\t\t<\/div>\n\t\t\t\t\t<\/div>\n\t\t<\/div>\n\t\t\t\t<div class=\"elementor-column elementor-col-12 elementor-top-column elementor-element elementor-element-637a7b62\" data-id=\"637a7b62\" data-element_type=\"column\" data-e-type=\"column\">\n\t\t\t<div class=\"elementor-widget-wrap elementor-element-populated\">\n\t\t\t\t\t\t<div class=\"elementor-element elementor-element-34f052fe elementor-view-framed elementor-shape-circle elementor-widget elementor-widget-icon\" data-id=\"34f052fe\" data-element_type=\"widget\" data-e-type=\"widget\" data-widget_type=\"icon.default\">\n\t\t\t\t<div class=\"elementor-widget-container\">\n\t\t\t\t\t\t\t<div class=\"elementor-icon-wrapper\">\n\t\t\t<a class=\"elementor-icon elementor-animation-shrink\" href=\"\/cmi\/cons-medicas\/\">\n\t\t\t<i aria-hidden=\"true\" class=\"fas fa-user-md\"><\/i>\t\t\t<\/a>\n\t\t<\/div>\n\t\t\t\t\t\t<\/div>\n\t\t\t\t<\/div>\n\t\t\t\t<div class=\"elementor-element elementor-element-1f09d50 elementor-widget elementor-widget-heading\" data-id=\"1f09d50\" data-element_type=\"widget\" data-e-type=\"widget\" data-widget_type=\"heading.default\">\n\t\t\t\t<div class=\"elementor-widget-container\">\n\t\t\t\t\t<h5 class=\"elementor-heading-title elementor-size-default\"><a href=\"\/cmi\/cons-medicas\/\">Consultas M\u00e9dicas<\/a><\/h5>\t\t\t\t<\/div>\n\t\t\t\t<\/div>\n\t\t\t\t\t<\/div>\n\t\t<\/div>\n\t\t\t\t<div class=\"elementor-column elementor-col-12 elementor-top-column elementor-element elementor-element-32fc6731\" data-id=\"32fc6731\" data-element_type=\"column\" data-e-type=\"column\">\n\t\t\t<div class=\"elementor-widget-wrap elementor-element-populated\">\n\t\t\t\t\t\t<div class=\"elementor-element elementor-element-33ede992 elementor-view-framed elementor-shape-circle elementor-widget elementor-widget-icon\" data-id=\"33ede992\" data-element_type=\"widget\" data-e-type=\"widget\" data-widget_type=\"icon.default\">\n\t\t\t\t<div class=\"elementor-widget-container\">\n\t\t\t\t\t\t\t<div class=\"elementor-icon-wrapper\">\n\t\t\t<a class=\"elementor-icon elementor-animation-shrink\" href=\"\/cmi\/cons-medicina-integrativa\/\">\n\t\t\t<i aria-hidden=\"true\" class=\"fas fa-heartbeat\"><\/i>\t\t\t<\/a>\n\t\t<\/div>\n\t\t\t\t\t\t<\/div>\n\t\t\t\t<\/div>\n\t\t\t\t<div class=\"elementor-element elementor-element-13f30f06 elementor-widget elementor-widget-heading\" data-id=\"13f30f06\" data-element_type=\"widget\" data-e-type=\"widget\" data-widget_type=\"heading.default\">\n\t\t\t\t<div class=\"elementor-widget-container\">\n\t\t\t\t\t<h5 class=\"elementor-heading-title elementor-size-default\"><a href=\"\/cmi\/cons-medicina-integrativa\/\">Medicina Integrativa<\/a><\/h5>\t\t\t\t<\/div>\n\t\t\t\t<\/div>\n\t\t\t\t\t<\/div>\n\t\t<\/div>\n\t\t\t\t<div class=\"elementor-column elementor-col-12 elementor-top-column elementor-element elementor-element-59f11f19\" data-id=\"59f11f19\" data-element_type=\"column\" data-e-type=\"column\">\n\t\t\t<div class=\"elementor-widget-wrap elementor-element-populated\">\n\t\t\t\t\t\t<div class=\"elementor-element elementor-element-1aed6f6e elementor-view-framed elementor-shape-circle elementor-widget elementor-widget-icon\" data-id=\"1aed6f6e\" data-element_type=\"widget\" data-e-type=\"widget\" data-widget_type=\"icon.default\">\n\t\t\t\t<div class=\"elementor-widget-container\">\n\t\t\t\t\t\t\t<div class=\"elementor-icon-wrapper\">\n\t\t\t<a class=\"elementor-icon elementor-animation-shrink\" href=\"\/cmi\/recrutamento\/\">\n\t\t\t<i aria-hidden=\"true\" class=\"fas fa-user-plus\"><\/i>\t\t\t<\/a>\n\t\t<\/div>\n\t\t\t\t\t\t<\/div>\n\t\t\t\t<\/div>\n\t\t\t\t<div class=\"elementor-element elementor-element-5043b3c1 elementor-widget elementor-widget-heading\" data-id=\"5043b3c1\" data-element_type=\"widget\" data-e-type=\"widget\" data-widget_type=\"heading.default\">\n\t\t\t\t<div class=\"elementor-widget-container\">\n\t\t\t\t\t<h5 class=\"elementor-heading-title elementor-size-default\"><a href=\"\/cmi\/recrutamento\/\">Recrutamento<\/a><\/h5>\t\t\t\t<\/div>\n\t\t\t\t<\/div>\n\t\t\t\t\t<\/div>\n\t\t<\/div>\n\t\t\t\t<div class=\"elementor-column elementor-col-12 elementor-top-column elementor-element elementor-element-7a440488\" data-id=\"7a440488\" data-element_type=\"column\" data-e-type=\"column\">\n\t\t\t<div class=\"elementor-widget-wrap elementor-element-populated\">\n\t\t\t\t\t\t<div class=\"elementor-element elementor-element-5161a8c9 elementor-view-framed elementor-shape-circle elementor-widget elementor-widget-icon\" data-id=\"5161a8c9\" data-element_type=\"widget\" data-e-type=\"widget\" data-widget_type=\"icon.default\">\n\t\t\t\t<div class=\"elementor-widget-container\">\n\t\t\t\t\t\t\t<div class=\"elementor-icon-wrapper\">\n\t\t\t<a class=\"elementor-icon elementor-animation-shrink\" href=\"\/cmi\/outros-servicos\/\">\n\t\t\t<i aria-hidden=\"true\" class=\"fas fa-briefcase\"><\/i>\t\t\t<\/a>\n\t\t<\/div>\n\t\t\t\t\t\t<\/div>\n\t\t\t\t<\/div>\n\t\t\t\t<div class=\"elementor-element elementor-element-47c371d5 elementor-widget elementor-widget-heading\" data-id=\"47c371d5\" data-element_type=\"widget\" data-e-type=\"widget\" data-widget_type=\"heading.default\">\n\t\t\t\t<div class=\"elementor-widget-container\">\n\t\t\t\t\t<h5 class=\"elementor-heading-title elementor-size-default\"><a href=\"\/cmi\/outros-servicos\/\">Outros Servi\u00e7os<\/a><\/h5>\t\t\t\t<\/div>\n\t\t\t\t<\/div>\n\t\t\t\t\t<\/div>\n\t\t<\/div>\n\t\t\t\t<div class=\"elementor-column elementor-col-12 elementor-top-column elementor-element elementor-element-1b48f8f3\" data-id=\"1b48f8f3\" data-element_type=\"column\" data-e-type=\"column\">\n\t\t\t<div class=\"elementor-widget-wrap elementor-element-populated\">\n\t\t\t\t\t\t<div class=\"elementor-element elementor-element-28323f49 elementor-view-framed elementor-shape-circle elementor-widget elementor-widget-icon\" data-id=\"28323f49\" data-element_type=\"widget\" data-e-type=\"widget\" data-widget_type=\"icon.default\">\n\t\t\t\t<div class=\"elementor-widget-container\">\n\t\t\t\t\t\t\t<div class=\"elementor-icon-wrapper\">\n\t\t\t<a class=\"elementor-icon elementor-animation-shrink\" href=\"\/cmi\/responsabilidade-social\/\">\n\t\t\t<i aria-hidden=\"true\" class=\"fas fa-people-carry\"><\/i>\t\t\t<\/a>\n\t\t<\/div>\n\t\t\t\t\t\t<\/div>\n\t\t\t\t<\/div>\n\t\t\t\t<div class=\"elementor-element elementor-element-2a0a70a8 elementor-widget elementor-widget-heading\" data-id=\"2a0a70a8\" data-element_type=\"widget\" data-e-type=\"widget\" data-widget_type=\"heading.default\">\n\t\t\t\t<div class=\"elementor-widget-container\">\n\t\t\t\t\t<h5 class=\"elementor-heading-title elementor-size-default\"><a href=\"\/cmi\/responsabilidade-social\/\">Responsabilidade Social<\/a><\/h5>\t\t\t\t<\/div>\n\t\t\t\t<\/div>\n\t\t\t\t\t<\/div>\n\t\t<\/div>\n\t\t\t\t<div class=\"elementor-column elementor-col-12 elementor-top-column elementor-element elementor-element-43d32589\" data-id=\"43d32589\" data-element_type=\"column\" data-e-type=\"column\">\n\t\t\t<div class=\"elementor-widget-wrap elementor-element-populated\">\n\t\t\t\t\t\t<div class=\"elementor-element elementor-element-65186661 elementor-view-framed elementor-shape-circle elementor-widget elementor-widget-icon\" data-id=\"65186661\" data-element_type=\"widget\" data-e-type=\"widget\" data-widget_type=\"icon.default\">\n\t\t\t\t<div class=\"elementor-widget-container\">\n\t\t\t\t\t\t\t<div class=\"elementor-icon-wrapper\">\n\t\t\t<a class=\"elementor-icon elementor-animation-shrink\" href=\"\/cmi\/mais-informacoes\/\">\n\t\t\t<i aria-hidden=\"true\" class=\"fab fa-readme\"><\/i>\t\t\t<\/a>\n\t\t<\/div>\n\t\t\t\t\t\t<\/div>\n\t\t\t\t<\/div>\n\t\t\t\t<div class=\"elementor-element elementor-element-65331b55 elementor-widget elementor-widget-heading\" data-id=\"65331b55\" data-element_type=\"widget\" data-e-type=\"widget\" data-widget_type=\"heading.default\">\n\t\t\t\t<div class=\"elementor-widget-container\">\n\t\t\t\t\t<h5 class=\"elementor-heading-title elementor-size-default\"><a href=\"\/cmi\/mais-informacoes\/\">Mais Informa\u00e7\u00f5es<\/a><\/h5>\t\t\t\t<\/div>\n\t\t\t\t<\/div>\n\t\t\t\t\t<\/div>\n\t\t<\/div>\n\t\t\t\t\t<\/div>\n\t\t<\/section>\n\t\t\t\t<\/div>\n\t\t","protected":false},"excerpt":{"rendered":"<p>Medicina Sintergetica www.sintergeticanet.com www.davida-red.org www.sintergetica.cl www.sintergeticabrasil.com www.viaserperu.net www.fundacionananta.org Alimenta\u00e7\u00e3o www.diospiro.pt www.ajcn.org www.preventcancer.com www.foodmatters.tv Outros www.topdocumentaryfilms.com www.novosmedicamentoshomeopaticos.com www.homeozulian.med.br www.fm.usp.br\/homeopatia www.iacworld.org www.cognitiva.eu www.ceaec.org www.iipc.org www.apexinternational.org www.ecim-congress.org Fly Paper: Mapping the Protein Interactions of Our Distant Relative Revista Espa\u00e7o Aberto \u2013 Homeopatia no [&hellip;]<\/p>\n","protected":false},"author":1,"featured_media":0,"parent":0,"menu_order":0,"comment_status":"closed","ping_status":"closed","template":"page-templates\/page_fullwidth.php","meta":{"footnotes":""},"class_list":["post-100","page","type-page","status-publish","hentry","clearfix"],"_links":{"self":[{"href":"https:\/\/anamoreira.pt\/cmi\/wp-json\/wp\/v2\/pages\/100","targetHints":{"allow":["GET"]}}],"collection":[{"href":"https:\/\/anamoreira.pt\/cmi\/wp-json\/wp\/v2\/pages"}],"about":[{"href":"https:\/\/anamoreira.pt\/cmi\/wp-json\/wp\/v2\/types\/page"}],"author":[{"embeddable":true,"href":"https:\/\/anamoreira.pt\/cmi\/wp-json\/wp\/v2\/users\/1"}],"replies":[{"embeddable":true,"href":"https:\/\/anamoreira.pt\/cmi\/wp-json\/wp\/v2\/comments?post=100"}],"version-history":[{"count":30,"href":"https:\/\/anamoreira.pt\/cmi\/wp-json\/wp\/v2\/pages\/100\/revisions"}],"predecessor-version":[{"id":6073,"href":"https:\/\/anamoreira.pt\/cmi\/wp-json\/wp\/v2\/pages\/100\/revisions\/6073"}],"wp:attachment":[{"href":"https:\/\/anamoreira.pt\/cmi\/wp-json\/wp\/v2\/media?parent=100"}],"curies":[{"name":"wp","href":"https:\/\/api.w.org\/{rel}","templated":true}]}}