{"id":2448,"date":"2020-09-09T18:11:00","date_gmt":"2020-09-09T18:11:00","guid":{"rendered":"https:\/\/anamoreira.pt\/cmi\/?page_id=2448"},"modified":"2023-04-14T09:28:24","modified_gmt":"2023-04-14T09:28:24","slug":"cons-medicina-integrativa","status":"publish","type":"page","link":"https:\/\/anamoreira.pt\/cmi\/cons-medicina-integrativa\/","title":{"rendered":"Medicina Integrativa"},"content":{"rendered":"\t\t<div data-elementor-type=\"wp-page\" data-elementor-id=\"2448\" class=\"elementor elementor-2448\" data-elementor-post-type=\"page\">\n\t\t\t\t\t\t<section class=\"elementor-section elementor-top-section elementor-element elementor-element-0477c66 elementor-section-boxed elementor-section-height-default elementor-section-height-default\" data-id=\"0477c66\" data-element_type=\"section\" data-e-type=\"section\">\n\t\t\t\t\t\t<div class=\"elementor-container elementor-column-gap-default\">\n\t\t\t\t\t<div class=\"elementor-column elementor-col-100 elementor-top-column elementor-element elementor-element-6a2d1bf\" data-id=\"6a2d1bf\" data-element_type=\"column\" data-e-type=\"column\">\n\t\t\t<div class=\"elementor-widget-wrap elementor-element-populated\">\n\t\t\t\t\t\t<div class=\"elementor-element elementor-element-f9f28ed elementor-widget elementor-widget-eael-adv-accordion\" data-id=\"f9f28ed\" data-element_type=\"widget\" data-e-type=\"widget\" data-widget_type=\"eael-adv-accordion.default\">\n\t\t\t\t<div class=\"elementor-widget-container\">\n\t\t\t\t\t            <div class=\"eael-adv-accordion\" id=\"eael-adv-accordion-f9f28ed\" data-scroll-on-click=\"no\" data-scroll-speed=\"300\" data-accordion-id=\"f9f28ed\" data-accordion-type=\"toggle\" data-toogle-speed=\"300\">\n            <div class=\"eael-accordion-list\">\n\t\t\t\t\t<div id=\"medicina-integrativa\" class=\"elementor-tab-title eael-accordion-header\" tabindex=\"0\" data-tab=\"1\" aria-controls=\"elementor-tab-content-2621\"><span class=\"eael-accordion-tab-title\">Medicina Integrativa<\/span><i aria-hidden=\"true\" class=\"fa-toggle fas fa-angle-right\"><\/i><\/div><div id=\"elementor-tab-content-2621\" class=\"eael-accordion-content clearfix\" data-tab=\"1\" aria-labelledby=\"medicina-integrativa\"><p>Cada vez mais pessoas escolhem a Medicina Integrativa quando est\u00e3o doentes. A raz\u00e3o para esta mudan\u00e7a tem duas causas: a preocupa\u00e7\u00e3o sobre os poss\u00edveis efeitos secund\u00e1rios dos medicamentos e o alerta crescente para viver uma vida saud\u00e1vel, com todos os seus benef\u00edcios.<br \/><strong>O que \u00e9 que o termo \u201cMedicina Integrativa\u201d quer dizer?<\/strong><br \/>Medicina Integrativa \u00e9 tratar o corpo como um sistema global, hol\u00edstico, ou seja, tratar a mente, o corpo e o esp\u00edrito.<br \/>A Medicina Integrativa ajuda o corpo a curar-se a ele pr\u00f3prio atrav\u00e9s da ativa\u00e7\u00e3o dos seus pr\u00f3prios mecanismos de defesa.<br \/>Este conceito de Medicina Integrativa \u00e9 tamb\u00e9m encontrado no homotoxicologia e homeopatia.<br \/><strong>Qual a compara\u00e7\u00e3o entre a medicina \u201cocidental cl\u00e1ssica\u201d e a medicina integrativa?<\/strong><br \/>Tirando o facto de que ambas s\u00e3o praticadas por m\u00e9dicos, licenciados em faculdades de medicina p\u00fablicas, n\u00e3o se pode comparar duas coisas que s\u00e3o incompar\u00e1veis; isto porque, \u201ca medicina convencional visa tratar, atrav\u00e9s de rea\u00e7\u00f5es qu\u00edmicas, uso de medicamentos que atuam sobre um \u00fanico receptor (como uma chave que \u00e9 inserida numa fechadura) e eliminar um determinado sintoma\u201d.<br \/>Pelo contr\u00e1rio a medicina integrativa atua por princ\u00edpios energ\u00e9ticos biof\u00edsicos, para produzir rea\u00e7\u00f5es biol\u00f3gicas de cura no pr\u00f3prio organismo do doente e restabelecer o equil\u00edbrio homeost\u00e1tico interno; A sua a\u00e7\u00e3o pode comparar-se \u00e1 do sol, que n\u00e3o induz nenhuma rea\u00e7\u00e3o qu\u00edmica, mas cujos efeitos s\u00e3o apreci\u00e1veis (o corpo recebe uma energia da radia\u00e7\u00e3o solar que leva \u00e0 ativa\u00e7\u00e3o dos melan\u00f3citos da pele, fazendo com que estes fabriquem melanina, protegendo a pele dos raios UV).<\/p><\/div>\n\t\t\t\t\t<\/div><\/div>\t\t\t\t<\/div>\n\t\t\t\t<\/div>\n\t\t\t\t\t<\/div>\n\t\t<\/div>\n\t\t\t\t\t<\/div>\n\t\t<\/section>\n\t\t\t\t<section class=\"elementor-section elementor-top-section elementor-element elementor-element-42aa1a0 elementor-section-boxed elementor-section-height-default elementor-section-height-default\" data-id=\"42aa1a0\" data-element_type=\"section\" data-e-type=\"section\">\n\t\t\t\t\t\t<div class=\"elementor-container elementor-column-gap-default\">\n\t\t\t\t\t<div class=\"elementor-column elementor-col-100 elementor-top-column elementor-element elementor-element-2539689\" data-id=\"2539689\" data-element_type=\"column\" data-e-type=\"column\">\n\t\t\t<div class=\"elementor-widget-wrap elementor-element-populated\">\n\t\t\t\t\t\t<div class=\"elementor-element elementor-element-58d3c4e elementor-widget elementor-widget-spacer\" data-id=\"58d3c4e\" data-element_type=\"widget\" data-e-type=\"widget\" data-widget_type=\"spacer.default\">\n\t\t\t\t<div class=\"elementor-widget-container\">\n\t\t\t\t\t\t\t<div class=\"elementor-spacer\">\n\t\t\t<div class=\"elementor-spacer-inner\"><\/div>\n\t\t<\/div>\n\t\t\t\t\t\t<\/div>\n\t\t\t\t<\/div>\n\t\t\t\t\t<\/div>\n\t\t<\/div>\n\t\t\t\t\t<\/div>\n\t\t<\/section>\n\t\t\t\t<section class=\"elementor-section elementor-top-section elementor-element elementor-element-27b1c9fc elementor-section-boxed elementor-section-height-default elementor-section-height-default\" data-id=\"27b1c9fc\" data-element_type=\"section\" data-e-type=\"section\">\n\t\t\t\t\t\t<div class=\"elementor-container elementor-column-gap-default\">\n\t\t\t\t\t<div class=\"elementor-column elementor-col-16 elementor-top-column elementor-element elementor-element-73d9d1d5\" data-id=\"73d9d1d5\" data-element_type=\"column\" data-e-type=\"column\">\n\t\t\t<div class=\"elementor-widget-wrap elementor-element-populated\">\n\t\t\t\t\t\t<div class=\"elementor-element elementor-element-7c38af6e elementor-view-framed elementor-shape-circle elementor-widget elementor-widget-icon\" data-id=\"7c38af6e\" data-element_type=\"widget\" data-e-type=\"widget\" data-widget_type=\"icon.default\">\n\t\t\t\t<div class=\"elementor-widget-container\">\n\t\t\t\t\t\t\t<div class=\"elementor-icon-wrapper\">\n\t\t\t<a class=\"elementor-icon elementor-animation-shrink\" href=\"\/cmi\/\">\n\t\t\t<i aria-hidden=\"true\" class=\"fas fa-home\"><\/i>\t\t\t<\/a>\n\t\t<\/div>\n\t\t\t\t\t\t<\/div>\n\t\t\t\t<\/div>\n\t\t\t\t<div class=\"elementor-element elementor-element-5c3e0089 elementor-widget elementor-widget-heading\" data-id=\"5c3e0089\" data-element_type=\"widget\" data-e-type=\"widget\" data-widget_type=\"heading.default\">\n\t\t\t\t<div class=\"elementor-widget-container\">\n\t\t\t\t\t<h5 class=\"elementor-heading-title elementor-size-default\"><a href=\"\/cmi\/\">In\u00edcio<\/a><\/h5>\t\t\t\t<\/div>\n\t\t\t\t<\/div>\n\t\t\t\t\t<\/div>\n\t\t<\/div>\n\t\t\t\t<div class=\"elementor-column elementor-col-16 elementor-top-column elementor-element elementor-element-4965b1cc\" data-id=\"4965b1cc\" data-element_type=\"column\" data-e-type=\"column\">\n\t\t\t<div class=\"elementor-widget-wrap elementor-element-populated\">\n\t\t\t\t\t\t<div class=\"elementor-element elementor-element-663d9f2f elementor-view-framed elementor-shape-circle elementor-widget elementor-widget-icon\" data-id=\"663d9f2f\" data-element_type=\"widget\" data-e-type=\"widget\" data-widget_type=\"icon.default\">\n\t\t\t\t<div class=\"elementor-widget-container\">\n\t\t\t\t\t\t\t<div class=\"elementor-icon-wrapper\">\n\t\t\t<a class=\"elementor-icon elementor-animation-shrink\" href=\"\/cmi\/marcacao-de-consulta\/\">\n\t\t\t<i aria-hidden=\"true\" class=\"fas fa-calendar-alt\"><\/i>\t\t\t<\/a>\n\t\t<\/div>\n\t\t\t\t\t\t<\/div>\n\t\t\t\t<\/div>\n\t\t\t\t<div class=\"elementor-element elementor-element-2606fa20 elementor-widget elementor-widget-heading\" data-id=\"2606fa20\" data-element_type=\"widget\" data-e-type=\"widget\" data-widget_type=\"heading.default\">\n\t\t\t\t<div class=\"elementor-widget-container\">\n\t\t\t\t\t<h5 class=\"elementor-heading-title elementor-size-default\"><a href=\"\/cmi\/marcacao-de-consulta\/\">Marca\u00e7\u00e3o de Consulta<\/a><\/h5>\t\t\t\t<\/div>\n\t\t\t\t<\/div>\n\t\t\t\t\t<\/div>\n\t\t<\/div>\n\t\t\t\t<div class=\"elementor-column elementor-col-16 elementor-top-column elementor-element elementor-element-4211ed8a\" data-id=\"4211ed8a\" data-element_type=\"column\" data-e-type=\"column\">\n\t\t\t<div class=\"elementor-widget-wrap elementor-element-populated\">\n\t\t\t\t\t\t<div class=\"elementor-element elementor-element-3e9ae590 elementor-view-framed elementor-shape-circle elementor-widget elementor-widget-icon\" data-id=\"3e9ae590\" data-element_type=\"widget\" data-e-type=\"widget\" data-widget_type=\"icon.default\">\n\t\t\t\t<div class=\"elementor-widget-container\">\n\t\t\t\t\t\t\t<div class=\"elementor-icon-wrapper\">\n\t\t\t<a class=\"elementor-icon elementor-animation-shrink\" href=\"\/cmi\/cons-medicas\/\">\n\t\t\t<i aria-hidden=\"true\" class=\"fas fa-user-md\"><\/i>\t\t\t<\/a>\n\t\t<\/div>\n\t\t\t\t\t\t<\/div>\n\t\t\t\t<\/div>\n\t\t\t\t<div class=\"elementor-element elementor-element-2c8eb0d elementor-widget elementor-widget-heading\" data-id=\"2c8eb0d\" data-element_type=\"widget\" data-e-type=\"widget\" data-widget_type=\"heading.default\">\n\t\t\t\t<div class=\"elementor-widget-container\">\n\t\t\t\t\t<h5 class=\"elementor-heading-title elementor-size-default\"><a href=\"\/cmi\/cons-medicas\/\">Consultas M\u00e9dicas<\/a><\/h5>\t\t\t\t<\/div>\n\t\t\t\t<\/div>\n\t\t\t\t\t<\/div>\n\t\t<\/div>\n\t\t\t\t<div class=\"elementor-column elementor-col-16 elementor-top-column elementor-element elementor-element-e779780\" data-id=\"e779780\" data-element_type=\"column\" data-e-type=\"column\">\n\t\t\t<div class=\"elementor-widget-wrap elementor-element-populated\">\n\t\t\t\t\t\t<div class=\"elementor-element elementor-element-3723de05 elementor-view-framed elementor-shape-circle elementor-widget elementor-widget-icon\" data-id=\"3723de05\" data-element_type=\"widget\" data-e-type=\"widget\" data-widget_type=\"icon.default\">\n\t\t\t\t<div class=\"elementor-widget-container\">\n\t\t\t\t\t\t\t<div class=\"elementor-icon-wrapper\">\n\t\t\t<a class=\"elementor-icon elementor-animation-shrink\" href=\"\/cmi\/areas-complementares\/\">\n\t\t\t<i aria-hidden=\"true\" class=\"fas fa-users-cog\"><\/i>\t\t\t<\/a>\n\t\t<\/div>\n\t\t\t\t\t\t<\/div>\n\t\t\t\t<\/div>\n\t\t\t\t<div class=\"elementor-element elementor-element-1062b419 elementor-widget elementor-widget-heading\" data-id=\"1062b419\" data-element_type=\"widget\" data-e-type=\"widget\" data-widget_type=\"heading.default\">\n\t\t\t\t<div class=\"elementor-widget-container\">\n\t\t\t\t\t<h5 class=\"elementor-heading-title elementor-size-default\"><a href=\"\/cmi\/areas-complementares\/\">Terapias \/ \u00c1reas Complementares<\/a><\/h5>\t\t\t\t<\/div>\n\t\t\t\t<\/div>\n\t\t\t\t\t<\/div>\n\t\t<\/div>\n\t\t\t\t<div class=\"elementor-column elementor-col-16 elementor-top-column elementor-element elementor-element-1a00357\" data-id=\"1a00357\" data-element_type=\"column\" data-e-type=\"column\">\n\t\t\t<div class=\"elementor-widget-wrap elementor-element-populated\">\n\t\t\t\t\t\t<div class=\"elementor-element elementor-element-cc419a5 elementor-view-framed elementor-shape-circle elementor-widget elementor-widget-icon\" data-id=\"cc419a5\" data-element_type=\"widget\" data-e-type=\"widget\" data-widget_type=\"icon.default\">\n\t\t\t\t<div class=\"elementor-widget-container\">\n\t\t\t\t\t\t\t<div class=\"elementor-icon-wrapper\">\n\t\t\t<a class=\"elementor-icon elementor-animation-shrink\" href=\"\/cmi\/medicina-dentaria-integrativa\/\">\n\t\t\t<i aria-hidden=\"true\" class=\"fas fa-tooth\"><\/i>\t\t\t<\/a>\n\t\t<\/div>\n\t\t\t\t\t\t<\/div>\n\t\t\t\t<\/div>\n\t\t\t\t<div class=\"elementor-element elementor-element-bff6a2d elementor-widget elementor-widget-heading\" data-id=\"bff6a2d\" data-element_type=\"widget\" data-e-type=\"widget\" data-widget_type=\"heading.default\">\n\t\t\t\t<div class=\"elementor-widget-container\">\n\t\t\t\t\t<h5 class=\"elementor-heading-title elementor-size-default\"><a href=\"\/cmi\/medicina-dentaria-integrativa\/\">Medicina Dent\u00e1ria<\/a><\/h5>\t\t\t\t<\/div>\n\t\t\t\t<\/div>\n\t\t\t\t\t<\/div>\n\t\t<\/div>\n\t\t\t\t<div class=\"elementor-column elementor-col-16 elementor-top-column elementor-element elementor-element-d88b9db\" data-id=\"d88b9db\" data-element_type=\"column\" data-e-type=\"column\">\n\t\t\t<div class=\"elementor-widget-wrap elementor-element-populated\">\n\t\t\t\t\t\t<div class=\"elementor-element elementor-element-66b5561 elementor-view-framed elementor-shape-circle elementor-widget elementor-widget-icon\" data-id=\"66b5561\" data-element_type=\"widget\" data-e-type=\"widget\" data-widget_type=\"icon.default\">\n\t\t\t\t<div class=\"elementor-widget-container\">\n\t\t\t\t\t\t\t<div class=\"elementor-icon-wrapper\">\n\t\t\t<a class=\"elementor-icon elementor-animation-shrink\" href=\"\/cmi\/psicologia\/\">\n\t\t\t<i aria-hidden=\"true\" class=\"fas fa-brain\"><\/i>\t\t\t<\/a>\n\t\t<\/div>\n\t\t\t\t\t\t<\/div>\n\t\t\t\t<\/div>\n\t\t\t\t<div class=\"elementor-element elementor-element-4c6df7e elementor-widget elementor-widget-heading\" data-id=\"4c6df7e\" data-element_type=\"widget\" data-e-type=\"widget\" data-widget_type=\"heading.default\">\n\t\t\t\t<div class=\"elementor-widget-container\">\n\t\t\t\t\t<h5 class=\"elementor-heading-title elementor-size-default\"><a href=\"\/cmi\/psicologia\/\">Psicologia<\/a><\/h5>\t\t\t\t<\/div>\n\t\t\t\t<\/div>\n\t\t\t\t\t<\/div>\n\t\t<\/div>\n\t\t\t\t\t<\/div>\n\t\t<\/section>\n\t\t\t\t<\/div>\n\t\t","protected":false},"excerpt":{"rendered":"<p>Medicina Integrativa Cada vez mais pessoas escolhem a Medicina Integrativa quando est\u00e3o doentes. A raz\u00e3o para esta mudan\u00e7a tem duas causas: a preocupa\u00e7\u00e3o sobre os poss\u00edveis efeitos secund\u00e1rios dos medicamentos e o alerta crescente para viver uma vida saud\u00e1vel, com [&hellip;]<\/p>\n","protected":false},"author":1,"featured_media":0,"parent":0,"menu_order":0,"comment_status":"closed","ping_status":"closed","template":"page-templates\/page_fullwidth.php","meta":{"footnotes":""},"class_list":["post-2448","page","type-page","status-publish","hentry","clearfix"],"_links":{"self":[{"href":"https:\/\/anamoreira.pt\/cmi\/wp-json\/wp\/v2\/pages\/2448","targetHints":{"allow":["GET"]}}],"collection":[{"href":"https:\/\/anamoreira.pt\/cmi\/wp-json\/wp\/v2\/pages"}],"about":[{"href":"https:\/\/anamoreira.pt\/cmi\/wp-json\/wp\/v2\/types\/page"}],"author":[{"embeddable":true,"href":"https:\/\/anamoreira.pt\/cmi\/wp-json\/wp\/v2\/users\/1"}],"replies":[{"embeddable":true,"href":"https:\/\/anamoreira.pt\/cmi\/wp-json\/wp\/v2\/comments?post=2448"}],"version-history":[{"count":20,"href":"https:\/\/anamoreira.pt\/cmi\/wp-json\/wp\/v2\/pages\/2448\/revisions"}],"predecessor-version":[{"id":6493,"href":"https:\/\/anamoreira.pt\/cmi\/wp-json\/wp\/v2\/pages\/2448\/revisions\/6493"}],"wp:attachment":[{"href":"https:\/\/anamoreira.pt\/cmi\/wp-json\/wp\/v2\/media?parent=2448"}],"curies":[{"name":"wp","href":"https:\/\/api.w.org\/{rel}","templated":true}]}}