{"id":2910,"date":"2020-11-30T19:59:23","date_gmt":"2020-11-30T19:59:23","guid":{"rendered":"https:\/\/anamoreira.pt\/cmi\/?page_id=2910"},"modified":"2020-12-10T11:49:21","modified_gmt":"2020-12-10T11:49:21","slug":"congressos","status":"publish","type":"page","link":"https:\/\/anamoreira.pt\/cmi\/congressos\/","title":{"rendered":"Congressos"},"content":{"rendered":"\t\t<div data-elementor-type=\"wp-page\" data-elementor-id=\"2910\" class=\"elementor elementor-2910\" data-elementor-post-type=\"page\">\n\t\t\t\t\t\t<section class=\"elementor-section elementor-top-section elementor-element elementor-element-08ed5a3 elementor-section-boxed elementor-section-height-default elementor-section-height-default\" data-id=\"08ed5a3\" data-element_type=\"section\" data-e-type=\"section\">\n\t\t\t\t\t\t<div class=\"elementor-container elementor-column-gap-default\">\n\t\t\t\t\t<div class=\"elementor-column elementor-col-100 elementor-top-column elementor-element elementor-element-36a8ad2\" data-id=\"36a8ad2\" data-element_type=\"column\" data-e-type=\"column\">\n\t\t\t<div class=\"elementor-widget-wrap elementor-element-populated\">\n\t\t\t\t\t\t<div class=\"elementor-element elementor-element-5cc30b1 elementor-widget elementor-widget-text-editor\" data-id=\"5cc30b1\" data-element_type=\"widget\" data-e-type=\"widget\" data-widget_type=\"text-editor.default\">\n\t\t\t\t<div class=\"elementor-widget-container\">\n\t\t\t\t\t\t\t\t\t<p>Com mais de uma d\u00e9cada de experi\u00eancia na \u00e1rea da sa\u00fade Integrativa, a equipa do Centro de Medicina Integrativa Dra Ana Moreira tem como uma das suas grandes ocupa\u00e7\u00f5es a produ\u00e7\u00e3o e dissemina\u00e7\u00e3o do conhecimento cient\u00edfico dentro desta \u00e1rea.<span class=\"im\"><br \/>Nesta sec\u00e7\u00e3o, encontramos diversas participa\u00e7\u00f5es de membros da nossa equipa em eventos cient\u00edficos, em especial da nossa diretora cl\u00ednica, Dra Ana Moreira.<\/span><\/p>\t\t\t\t\t\t\t\t<\/div>\n\t\t\t\t<\/div>\n\t\t\t\t\t<\/div>\n\t\t<\/div>\n\t\t\t\t\t<\/div>\n\t\t<\/section>\n\t\t\t\t<section class=\"elementor-section elementor-top-section elementor-element elementor-element-b94f9e0 elementor-section-boxed elementor-section-height-default elementor-section-height-default\" data-id=\"b94f9e0\" data-element_type=\"section\" data-e-type=\"section\">\n\t\t\t\t\t\t<div class=\"elementor-container elementor-column-gap-default\">\n\t\t\t\t\t<div class=\"elementor-column elementor-col-100 elementor-top-column elementor-element elementor-element-b5fe2ce\" data-id=\"b5fe2ce\" data-element_type=\"column\" data-e-type=\"column\">\n\t\t\t<div class=\"elementor-widget-wrap elementor-element-populated\">\n\t\t\t\t\t\t<div class=\"elementor-element elementor-element-7eaf96c elementor-grid-eael-col-4 elementor-grid-tablet-eael-col-2 elementor-grid-mobile-eael-col-1 elementor-widget elementor-widget-eael-post-grid\" data-id=\"7eaf96c\" data-element_type=\"widget\" data-e-type=\"widget\" data-settings=\"{&quot;eael_post_grid_columns&quot;:&quot;eael-col-4&quot;,&quot;eael_post_grid_columns_tablet&quot;:&quot;eael-col-2&quot;,&quot;eael_post_grid_columns_mobile&quot;:&quot;eael-col-1&quot;}\" data-widget_type=\"eael-post-grid.default\">\n\t\t\t\t<div class=\"elementor-widget-container\">\n\t\t\t\t\t<div id=\"eael-post-grid-7eaf96c\" class=\"eael-post-grid-container\">\n            <div class=\"eael-post-grid eael-post-appender eael-post-appender-7eaf96c eael-post-grid-style-one\" data-layout-mode=\"masonry\"><article class=\"eael-grid-post  eael-post-grid-column eael-pg-post-2919 category-congressos-anteriores\" data-id=\"2919\">\n        <div class=\"eael-grid-post-holder\">\n            <div class=\"eael-grid-post-holder-inner\"><div class=\"eael-entry-media\"><div class=\"eael-entry-overlay fade-in\"><i class=\"fas fa-long-arrow-alt-right\" aria-hidden=\"true\"><\/i><a href=\"https:\/\/anamoreira.pt\/cmi\/2020\/11\/30\/global-consciousness-summit-how-consciousness-contribute-to-health-integrative-medicine-point-of-view\/\"><\/a><\/div><div class=\"eael-entry-thumbnail \">\n                <img fetchpriority=\"high\" decoding=\"async\" width=\"300\" height=\"300\" src=\"https:\/\/anamoreira.pt\/cmi\/wp-content\/uploads\/2020\/11\/The-global-consciousness-300x300.jpeg\" class=\"attachment-medium size-medium wp-image-2920\" alt=\"\" srcset=\"https:\/\/anamoreira.pt\/cmi\/wp-content\/uploads\/2020\/11\/The-global-consciousness-300x300.jpeg 300w, https:\/\/anamoreira.pt\/cmi\/wp-content\/uploads\/2020\/11\/The-global-consciousness.jpeg 1024w, https:\/\/anamoreira.pt\/cmi\/wp-content\/uploads\/2020\/11\/The-global-consciousness-150x150.jpeg 150w, https:\/\/anamoreira.pt\/cmi\/wp-content\/uploads\/2020\/11\/The-global-consciousness-768x768.jpeg 768w, https:\/\/anamoreira.pt\/cmi\/wp-content\/uploads\/2020\/11\/The-global-consciousness-700x700.jpeg 700w, https:\/\/anamoreira.pt\/cmi\/wp-content\/uploads\/2020\/11\/The-global-consciousness-520x520.jpeg 520w, https:\/\/anamoreira.pt\/cmi\/wp-content\/uploads\/2020\/11\/The-global-consciousness-360x360.jpeg 360w, https:\/\/anamoreira.pt\/cmi\/wp-content\/uploads\/2020\/11\/The-global-consciousness-250x250.jpeg 250w, https:\/\/anamoreira.pt\/cmi\/wp-content\/uploads\/2020\/11\/The-global-consciousness-100x100.jpeg 100w\" sizes=\"(max-width: 300px) 100vw, 300px\" \/>\n            <\/div>\n        <\/div><div class=\"eael-entry-wrapper\"><header class=\"eael-entry-header\"><h2 class=\"eael-entry-title\"><a class=\"eael-grid-post-link\" href=\"https:\/\/anamoreira.pt\/cmi\/2020\/11\/30\/global-consciousness-summit-how-consciousness-contribute-to-health-integrative-medicine-point-of-view\/\" title=\"Global Consciousness Summit \u2013 How Consciousness contribute to Health: Integrative Medicine point of view\">Global Consciousness Summit \u2013 How Consciousness contribute to Health: Integrative Medicine point of view<\/a><\/h2><\/header><div class=\"eael-entry-content\">\n                        <div class=\"eael-grid-post-excerpt\"><p>[voltar]<\/p><a href=\"https:\/\/anamoreira.pt\/cmi\/2020\/11\/30\/global-consciousness-summit-how-consciousness-contribute-to-health-integrative-medicine-point-of-view\/\" class=\"eael-post-elements-readmore-btn\">Read More<\/a><\/div>\n                    <\/div><div class=\"eael-entry-footer\"><div class=\"eael-author-avatar\"><a href=\"https:\/\/anamoreira.pt\/cmi\/author\/anamoreira\/\"><img alt='Centro de Medicina Integrativa' src='https:\/\/secure.gravatar.com\/avatar\/31f7f6911f5344ff5cc1dd85003a2e4f?s=96&#038;d=mm&#038;r=g' srcset='https:\/\/secure.gravatar.com\/avatar\/31f7f6911f5344ff5cc1dd85003a2e4f?s=192&#038;d=mm&#038;r=g 2x' class='avatar avatar-96 photo' height='96' width='96' \/><\/a><\/div><div class=\"eael-entry-meta\"><span class=\"eael-posted-by\"><a href=\"https:\/\/anamoreira.pt\/cmi\/author\/anamoreira\/\" title=\"Posts by Centro de Medicina Integrativa\" rel=\"author\">Centro de Medicina Integrativa<\/a><\/span><span class=\"eael-posted-on\"><time datetime=\"30 de Novembro, 2020\">30 de Novembro, 2020<\/time><\/span><\/div><\/div><\/div><\/div>\n        <\/div>\n    <\/article><article class=\"eael-grid-post  eael-post-grid-column eael-pg-post-2938 category-congressos-anteriores\" data-id=\"2938\">\n        <div class=\"eael-grid-post-holder\">\n            <div class=\"eael-grid-post-holder-inner\"><div class=\"eael-entry-media\"><div class=\"eael-entry-overlay fade-in\"><i class=\"fas fa-long-arrow-alt-right\" aria-hidden=\"true\"><\/i><a href=\"https:\/\/anamoreira.pt\/cmi\/2020\/10\/31\/spmi-live-com-a-dra-ana-moreira\/\"><\/a><\/div><div class=\"eael-entry-thumbnail \">\n                <img decoding=\"async\" width=\"300\" height=\"228\" src=\"https:\/\/anamoreira.pt\/cmi\/wp-content\/uploads\/2020\/11\/SPMI-Live.-Dra.ana-moreira2-300x228.jpg\" class=\"attachment-medium size-medium wp-image-2939\" alt=\"\" srcset=\"https:\/\/anamoreira.pt\/cmi\/wp-content\/uploads\/2020\/11\/SPMI-Live.-Dra.ana-moreira2-300x228.jpg 300w, https:\/\/anamoreira.pt\/cmi\/wp-content\/uploads\/2020\/11\/SPMI-Live.-Dra.ana-moreira2-1024x777.jpg 1024w, https:\/\/anamoreira.pt\/cmi\/wp-content\/uploads\/2020\/11\/SPMI-Live.-Dra.ana-moreira2-768x583.jpg 768w, https:\/\/anamoreira.pt\/cmi\/wp-content\/uploads\/2020\/11\/SPMI-Live.-Dra.ana-moreira2-700x531.jpg 700w, https:\/\/anamoreira.pt\/cmi\/wp-content\/uploads\/2020\/11\/SPMI-Live.-Dra.ana-moreira2-520x395.jpg 520w, https:\/\/anamoreira.pt\/cmi\/wp-content\/uploads\/2020\/11\/SPMI-Live.-Dra.ana-moreira2-360x273.jpg 360w, https:\/\/anamoreira.pt\/cmi\/wp-content\/uploads\/2020\/11\/SPMI-Live.-Dra.ana-moreira2-250x190.jpg 250w, https:\/\/anamoreira.pt\/cmi\/wp-content\/uploads\/2020\/11\/SPMI-Live.-Dra.ana-moreira2-100x76.jpg 100w, https:\/\/anamoreira.pt\/cmi\/wp-content\/uploads\/2020\/11\/SPMI-Live.-Dra.ana-moreira2.jpg 1080w\" sizes=\"(max-width: 300px) 100vw, 300px\" \/>\n            <\/div>\n        <\/div><div class=\"eael-entry-wrapper\"><header class=\"eael-entry-header\"><h2 class=\"eael-entry-title\"><a class=\"eael-grid-post-link\" href=\"https:\/\/anamoreira.pt\/cmi\/2020\/10\/31\/spmi-live-com-a-dra-ana-moreira\/\" title=\"Apresenta\u00e7\u00e3o do II Congresso Nacional de Medicina Integrativa &#8211;  LIVE com a Dra. Ana Moreira\">Apresenta\u00e7\u00e3o do II Congresso Nacional de Medicina Integrativa &#8211;  LIVE com a Dra. Ana Moreira<\/a><\/h2><\/header><div class=\"eael-entry-content\">\n                        <div class=\"eael-grid-post-excerpt\"><p>A Dra. Ana Moreira ir\u00e1 dar-vos as principais novidades do...<\/p><a href=\"https:\/\/anamoreira.pt\/cmi\/2020\/10\/31\/spmi-live-com-a-dra-ana-moreira\/\" class=\"eael-post-elements-readmore-btn\">Read More<\/a><\/div>\n                    <\/div><div class=\"eael-entry-footer\"><div class=\"eael-author-avatar\"><a href=\"https:\/\/anamoreira.pt\/cmi\/author\/anamoreira\/\"><img alt='Centro de Medicina Integrativa' src='https:\/\/secure.gravatar.com\/avatar\/31f7f6911f5344ff5cc1dd85003a2e4f?s=96&#038;d=mm&#038;r=g' srcset='https:\/\/secure.gravatar.com\/avatar\/31f7f6911f5344ff5cc1dd85003a2e4f?s=192&#038;d=mm&#038;r=g 2x' class='avatar avatar-96 photo' height='96' width='96' \/><\/a><\/div><div class=\"eael-entry-meta\"><span class=\"eael-posted-by\"><a href=\"https:\/\/anamoreira.pt\/cmi\/author\/anamoreira\/\" title=\"Posts by Centro de Medicina Integrativa\" rel=\"author\">Centro de Medicina Integrativa<\/a><\/span><span class=\"eael-posted-on\"><time datetime=\"31 de Outubro, 2020\">31 de Outubro, 2020<\/time><\/span><\/div><\/div><\/div><\/div>\n        <\/div>\n    <\/article><article class=\"eael-grid-post  eael-post-grid-column eael-pg-post-2928 category-congressos-anteriores\" data-id=\"2928\">\n        <div class=\"eael-grid-post-holder\">\n            <div class=\"eael-grid-post-holder-inner\"><div class=\"eael-entry-media\"><div class=\"eael-entry-overlay fade-in\"><i class=\"fas fa-long-arrow-alt-right\" aria-hidden=\"true\"><\/i><a href=\"https:\/\/anamoreira.pt\/cmi\/2020\/07\/14\/o-perigo-das-radiacoes\/\"><\/a><\/div><div class=\"eael-entry-thumbnail \">\n                <img decoding=\"async\" width=\"300\" height=\"300\" src=\"https:\/\/anamoreira.pt\/cmi\/wp-content\/uploads\/2020\/07\/O-perigo-das-radiacoes-300x300.jpeg\" class=\"attachment-medium size-medium wp-image-2930\" alt=\"\" srcset=\"https:\/\/anamoreira.pt\/cmi\/wp-content\/uploads\/2020\/07\/O-perigo-das-radiacoes-300x300.jpeg 300w, https:\/\/anamoreira.pt\/cmi\/wp-content\/uploads\/2020\/07\/O-perigo-das-radiacoes.jpeg 1024w, https:\/\/anamoreira.pt\/cmi\/wp-content\/uploads\/2020\/07\/O-perigo-das-radiacoes-150x150.jpeg 150w, https:\/\/anamoreira.pt\/cmi\/wp-content\/uploads\/2020\/07\/O-perigo-das-radiacoes-768x768.jpeg 768w, https:\/\/anamoreira.pt\/cmi\/wp-content\/uploads\/2020\/07\/O-perigo-das-radiacoes-700x700.jpeg 700w, https:\/\/anamoreira.pt\/cmi\/wp-content\/uploads\/2020\/07\/O-perigo-das-radiacoes-520x520.jpeg 520w, https:\/\/anamoreira.pt\/cmi\/wp-content\/uploads\/2020\/07\/O-perigo-das-radiacoes-360x360.jpeg 360w, https:\/\/anamoreira.pt\/cmi\/wp-content\/uploads\/2020\/07\/O-perigo-das-radiacoes-250x250.jpeg 250w, https:\/\/anamoreira.pt\/cmi\/wp-content\/uploads\/2020\/07\/O-perigo-das-radiacoes-100x100.jpeg 100w\" sizes=\"(max-width: 300px) 100vw, 300px\" \/>\n            <\/div>\n        <\/div><div class=\"eael-entry-wrapper\"><header class=\"eael-entry-header\"><h2 class=\"eael-entry-title\"><a class=\"eael-grid-post-link\" href=\"https:\/\/anamoreira.pt\/cmi\/2020\/07\/14\/o-perigo-das-radiacoes\/\" title=\"O Perigo das Radia\u00e7\u00f5es\">O Perigo das Radia\u00e7\u00f5es<\/a><\/h2><\/header><div class=\"eael-entry-content\">\n                        <div class=\"eael-grid-post-excerpt\"><p>[voltar]<\/p><a href=\"https:\/\/anamoreira.pt\/cmi\/2020\/07\/14\/o-perigo-das-radiacoes\/\" class=\"eael-post-elements-readmore-btn\">Read More<\/a><\/div>\n                    <\/div><div class=\"eael-entry-footer\"><div class=\"eael-author-avatar\"><a href=\"https:\/\/anamoreira.pt\/cmi\/author\/anamoreira\/\"><img alt='Centro de Medicina Integrativa' src='https:\/\/secure.gravatar.com\/avatar\/31f7f6911f5344ff5cc1dd85003a2e4f?s=96&#038;d=mm&#038;r=g' srcset='https:\/\/secure.gravatar.com\/avatar\/31f7f6911f5344ff5cc1dd85003a2e4f?s=192&#038;d=mm&#038;r=g 2x' class='avatar avatar-96 photo' height='96' width='96' \/><\/a><\/div><div class=\"eael-entry-meta\"><span class=\"eael-posted-by\"><a href=\"https:\/\/anamoreira.pt\/cmi\/author\/anamoreira\/\" title=\"Posts by Centro de Medicina Integrativa\" rel=\"author\">Centro de Medicina Integrativa<\/a><\/span><span class=\"eael-posted-on\"><time datetime=\"14 de Julho, 2020\">14 de Julho, 2020<\/time><\/span><\/div><\/div><\/div><\/div>\n        <\/div>\n    <\/article><\/div>\n            <div class=\"clearfix\"><\/div>\n        <\/div>\t\t\t\t<\/div>\n\t\t\t\t<\/div>\n\t\t\t\t\t<\/div>\n\t\t<\/div>\n\t\t\t\t\t<\/div>\n\t\t<\/section>\n\t\t\t\t<\/div>\n\t\t","protected":false},"excerpt":{"rendered":"<p>Com mais de uma d\u00e9cada de experi\u00eancia na \u00e1rea da sa\u00fade Integrativa, a equipa do Centro de Medicina Integrativa Dra Ana Moreira tem como uma das suas grandes ocupa\u00e7\u00f5es a produ\u00e7\u00e3o e dissemina\u00e7\u00e3o do conhecimento cient\u00edfico dentro desta \u00e1rea. Nesta [&hellip;]<\/p>\n","protected":false},"author":1,"featured_media":0,"parent":0,"menu_order":0,"comment_status":"closed","ping_status":"closed","template":"page-templates\/page_fullwidth.php","meta":{"footnotes":""},"class_list":["post-2910","page","type-page","status-publish","hentry","clearfix"],"_links":{"self":[{"href":"https:\/\/anamoreira.pt\/cmi\/wp-json\/wp\/v2\/pages\/2910","targetHints":{"allow":["GET"]}}],"collection":[{"href":"https:\/\/anamoreira.pt\/cmi\/wp-json\/wp\/v2\/pages"}],"about":[{"href":"https:\/\/anamoreira.pt\/cmi\/wp-json\/wp\/v2\/types\/page"}],"author":[{"embeddable":true,"href":"https:\/\/anamoreira.pt\/cmi\/wp-json\/wp\/v2\/users\/1"}],"replies":[{"embeddable":true,"href":"https:\/\/anamoreira.pt\/cmi\/wp-json\/wp\/v2\/comments?post=2910"}],"version-history":[{"count":5,"href":"https:\/\/anamoreira.pt\/cmi\/wp-json\/wp\/v2\/pages\/2910\/revisions"}],"predecessor-version":[{"id":2966,"href":"https:\/\/anamoreira.pt\/cmi\/wp-json\/wp\/v2\/pages\/2910\/revisions\/2966"}],"wp:attachment":[{"href":"https:\/\/anamoreira.pt\/cmi\/wp-json\/wp\/v2\/media?parent=2910"}],"curies":[{"name":"wp","href":"https:\/\/api.w.org\/{rel}","templated":true}]}}