{"id":3300,"date":"2021-04-01T09:05:52","date_gmt":"2021-04-01T09:05:52","guid":{"rendered":"https:\/\/anamoreira.pt\/cmi\/?page_id=3300"},"modified":"2021-04-01T09:11:36","modified_gmt":"2021-04-01T09:11:36","slug":"medicina-trabalho","status":"publish","type":"page","link":"https:\/\/anamoreira.pt\/cmi\/medicina-trabalho\/","title":{"rendered":"Medicina Trabalho"},"content":{"rendered":"\t\t<div data-elementor-type=\"wp-page\" data-elementor-id=\"3300\" class=\"elementor elementor-3300\" data-elementor-post-type=\"page\">\n\t\t\t\t\t\t<section class=\"elementor-section elementor-top-section elementor-element elementor-element-db67a12 elementor-section-boxed elementor-section-height-default elementor-section-height-default\" data-id=\"db67a12\" data-element_type=\"section\" data-e-type=\"section\">\n\t\t\t\t\t\t<div class=\"elementor-container elementor-column-gap-default\">\n\t\t\t\t\t<div class=\"elementor-column elementor-col-100 elementor-top-column elementor-element elementor-element-ab96b03\" data-id=\"ab96b03\" data-element_type=\"column\" data-e-type=\"column\">\n\t\t\t<div class=\"elementor-widget-wrap elementor-element-populated\">\n\t\t\t\t\t\t<div class=\"elementor-element elementor-element-a25ff3a elementor-widget elementor-widget-text-editor\" data-id=\"a25ff3a\" data-element_type=\"widget\" data-e-type=\"widget\" data-widget_type=\"text-editor.default\">\n\t\t\t\t<div class=\"elementor-widget-container\">\n\t\t\t\t\t\t\t\t\t<p>A Medicina do Trabalho \u00e9 uma especialidade m\u00e9dica, portaria n\u00ba. 307\/2012, de 8 de outubro, com uma interven\u00e7\u00e3o preventiva de base tendo em conta as condi\u00e7\u00f5es de trabalho da pessoa e com o sentido de prote\u00e7\u00e3o, vigil\u00e2ncia e promo\u00e7\u00e3o da sa\u00fade das pessoas trabalhadoras expostas a fatores de risco profissionais.<\/p><p>Uma boa abordagem m\u00e9dica e preventiva de forma precoce contribue para o bem estar f\u00edsico, ps\u00edquico e emocional da pessoa humana.<\/p><p>Problemas musculoesquel\u00e9ticos, problemas de sa\u00fade relacionados com a parte de sa\u00fade mental, cansa\u00e7o, insonia, dificuldade de concentra\u00e7\u00e3o e mem\u00f3ria s\u00e3o alguns dos exemplos de patologias preven\u00edveis e onde a Medicina do Trabalho tem um papel vital.<\/p><p>H\u00e1bitos alimentares saud\u00e1veis, preven\u00e7\u00e3o de consumo de subtancias t\u00f3xicas, bem como realiza\u00e7\u00e3o de exerc\u00edcio f\u00edsico regular e bons h\u00e1bitos de sono s\u00e3o alguns dos aspetos simples do dia a dia para uma sa\u00fade mais saud\u00e1vel. Aprender a gerir os conflitos interrelacionais, o stress do dia a dia, bem como as in\u00fameras dificuldades laborais da atualidade s\u00e3o outros exemplos de uma abordagem de Medicina do Trabalho que contribue fortemente para a qualidade de vida e a sa\u00fade integral de cada pessoa.<\/p><p>Tal interven\u00e7\u00e3o previne o absentismo ou o presente\u00edsmo que representam perdas para as pessoas, a sua sa\u00fade, as entidades patronais e a sociedade em geral.<\/p><p>Pelo anterior, o exame de sa\u00fade de Medicina do Trabalho torna-se uma mais valia em sa\u00fade, tanto a nivel individual como a nivel coletivo.<\/p><p>Fa\u00e7a connosco o seu exame e disfrute de descontos.<\/p><p><strong>Temos v\u00e1rios programas disponiveis: <\/strong><\/p><p>Os programas pretendem oferecer aos e \u00e0s nossas clientes um servi\u00e7o mais espec\u00edfico na abordagem da sua sa\u00fade.<\/p><p>Est\u00e3o abertos a toda a popula\u00e7\u00e3o e t\u00eam descontos para utentes habituais.<\/p><p>Os pre\u00e7os s\u00e3o: por pessoa, com facilidades de pagamentos e descontos na adquisi\u00e7\u00e3o dos tratamentos.<\/p><table width=\"643\"><tbody><tr><td width=\"159\"><p><strong>Programa Kit<\/strong><\/p><\/td><td width=\"299\"><p><strong>Temas a abordar<\/strong><\/p><\/td><td width=\"105\"><p><strong>Objetivos<\/strong><\/p><\/td><\/tr><tr><td width=\"159\"><p>Promo\u00e7\u00e3o de Sa\u00fade Global<\/p><\/td><td width=\"299\"><p>1. Consulta MT<\/p><p>2. Consulta MI<\/p><p>3. Exame de biorressonancia<\/p><p>4. Consulta de Stress-Managment<\/p><p>5. Consulta de Osteopatia Integrativa<\/p><p>6. Consulta de Nutri\u00e7\u00e3o<\/p><p>7. Sess\u00e3o Sauna Infravermelhos<\/p><p>8. Forma\u00e7\u00e3o: Promo\u00e7\u00e3o de h\u00e1bitos saud\u00e1veis<\/p><\/td><td width=\"105\"><p>Abordar diferentes aspetos da sa\u00fade humana e promover h\u00e1bitos de sa\u00fade saud\u00e1veis<\/p><\/td><\/tr><tr><td width=\"159\"><p>Alimenta\u00e7\u00e3o saud\u00e1vel<\/p><\/td><td width=\"299\"><p>&#8211; Consulta de MI<\/p><p>&#8211; Consulta de Nutri\u00e7\u00e3o<\/p><p>&#8211; Exame de biorresson\u00e2ncia<\/p><p>&#8211; Forma\u00e7\u00e3o Alimenta\u00e7\u00e3o saud\u00e1vel<\/p><\/td><td width=\"105\"><p>Melhorar h\u00e1bitos alimentares para uma sa\u00fade plena; prevenir doen\u00e7as relacionadas com a alimenta\u00e7\u00e3o<\/p><\/td><\/tr><tr><td width=\"159\"><p>Cessa\u00e7\u00e3o Tab\u00e1gica e alcoo\u00f3lica<\/p><\/td><td width=\"299\"><p>&#8211; Consulta de MI<\/p><p>&#8211; Consulta de estimula\u00e7\u00e3o transcraneal (de acordo \u00e0s necessidades)<\/p><p>&#8211; Exame biorressonancia<\/p><\/td><td width=\"105\"><p>Apoiar com t\u00e9cnicas na cessa\u00e7\u00e3o tab\u00e1gica e alco\u00f3lica \u2013 melhorar estado de sa\u00fade global<\/p><\/td><\/tr><tr><td width=\"159\"><p>Patologia Musculoesquel\u00e9tica<\/p><\/td><td width=\"299\"><p>&#8211; Consulta de Osteopatia Integrativa<\/p><p>&#8211; Forma\u00e7\u00e3o em Patologia LMERT<\/p><\/td><td width=\"105\"><p>Minimizar problemas osteoarticulares e ergonomia<\/p><\/td><\/tr><tr><td width=\"159\"><p>Patologia Mental<\/p><\/td><td width=\"299\"><p>&#8211; Consulta de MI<\/p><p>&#8211; Consulta Geometria<\/p><p>Forma\u00e7\u00e3o: Sono saud\u00e1vel e Prosperidade\/Coaching<\/p><\/td><td width=\"105\"><p>Reduzir riscos para evitar patologia mental;<\/p><\/td><\/tr><tr><td width=\"159\"><p>Gest\u00e3o do Stress do quotidiano<\/p><\/td><td width=\"299\"><p>&#8211; Consulta de MI<\/p><p>&#8211; Consulta Stress-managment (2 sess\u00f5es)<\/p><p>&#8211; Consulta Geometria<\/p><p>&#8211; Forma\u00e7\u00e3o: Prosperidade\/Coaching<\/p><\/td><td width=\"105\"><p>Reduzir risco para patologias relacionadas com o stress<\/p><\/td><\/tr><tr><td width=\"159\"><p>Patologias Autoinmunes<\/p><\/td><td width=\"299\"><p>&#8211; Consulta de MI<\/p><p>&#8211; Exame de biorressonancia<\/p><p>&#8211; Consulta Geometria<\/p><p>&#8211; Sauna Infravermelhos<\/p><\/td><td width=\"105\"><p>Identificar poss\u00edveis fatores de risco para patologia autoinumne e preven\u00e7\u00e3o<\/p><\/td><\/tr><tr><td width=\"159\"><p>Patologia auditiva<\/p><\/td><td width=\"299\"><p>&#8211; Consulta de MI<\/p><p>&#8211; Exame de biorresson\u00e2ncia<\/p><p>&#8211; Sauna de infravermelhos<\/p><\/td><td width=\"105\"><p>Minimizar hipoacusia por causa laboral ou ambiental<\/p><\/td><\/tr><tr><td width=\"159\"><p>Prote\u00e7\u00e3o radiol\u00f3gica e prote\u00e7\u00e3o qu\u00edmica<\/p><\/td><td width=\"299\"><p>-Consulta de MI<\/p><p>&#8211; Exame de biorresson\u00e2ncia<\/p><p>&#8211; Sauna de infravermelhos<\/p><p>&#8211; Ozonoterapia<\/p><p>&#8211; Forma\u00e7\u00e3o prote\u00e7\u00e3o radiol\u00f3gica e quimica<\/p><\/td><td width=\"105\"><p>Minimizar efeitos da exposi\u00e7\u00e3o a produtos qu\u00edmicos e elementos radiol\u00f3gicos<\/p><\/td><\/tr><\/tbody><\/table><p>Pergunte os nossos pre\u00e7os e em caso de interesse pergunte-nos sobre os nossos programas!<\/p><p>Formamos e damos sa\u00fade na \u00e1rea que precise, porque a sa\u00fade, connosco \u00e9 uma realidade ao seu alcance!<\/p>\t\t\t\t\t\t\t\t<\/div>\n\t\t\t\t<\/div>\n\t\t\t\t\t<\/div>\n\t\t<\/div>\n\t\t\t\t\t<\/div>\n\t\t<\/section>\n\t\t\t\t<section class=\"elementor-section elementor-top-section elementor-element elementor-element-8f9a64c elementor-section-boxed elementor-section-height-default elementor-section-height-default\" data-id=\"8f9a64c\" data-element_type=\"section\" data-e-type=\"section\">\n\t\t\t\t\t\t<div class=\"elementor-container elementor-column-gap-default\">\n\t\t\t\t\t<div class=\"elementor-column elementor-col-100 elementor-top-column elementor-element elementor-element-97aeef9\" data-id=\"97aeef9\" data-element_type=\"column\" data-e-type=\"column\">\n\t\t\t<div class=\"elementor-widget-wrap elementor-element-populated\">\n\t\t\t\t\t\t<div class=\"elementor-element elementor-element-81b0520 elementor-widget elementor-widget-spacer\" data-id=\"81b0520\" data-element_type=\"widget\" data-e-type=\"widget\" data-widget_type=\"spacer.default\">\n\t\t\t\t<div class=\"elementor-widget-container\">\n\t\t\t\t\t\t\t<div class=\"elementor-spacer\">\n\t\t\t<div class=\"elementor-spacer-inner\"><\/div>\n\t\t<\/div>\n\t\t\t\t\t\t<\/div>\n\t\t\t\t<\/div>\n\t\t\t\t\t<\/div>\n\t\t<\/div>\n\t\t\t\t\t<\/div>\n\t\t<\/section>\n\t\t\t\t<section class=\"elementor-section elementor-top-section elementor-element elementor-element-1d008d3b elementor-section-boxed elementor-section-height-default elementor-section-height-default\" data-id=\"1d008d3b\" data-element_type=\"section\" data-e-type=\"section\">\n\t\t\t\t\t\t<div class=\"elementor-container elementor-column-gap-default\">\n\t\t\t\t\t<div class=\"elementor-column elementor-col-16 elementor-top-column elementor-element elementor-element-33bce2ec\" data-id=\"33bce2ec\" data-element_type=\"column\" data-e-type=\"column\">\n\t\t\t<div class=\"elementor-widget-wrap elementor-element-populated\">\n\t\t\t\t\t\t<div class=\"elementor-element elementor-element-30a9c963 elementor-view-framed elementor-shape-circle elementor-widget elementor-widget-icon\" data-id=\"30a9c963\" data-element_type=\"widget\" data-e-type=\"widget\" data-widget_type=\"icon.default\">\n\t\t\t\t<div class=\"elementor-widget-container\">\n\t\t\t\t\t\t\t<div class=\"elementor-icon-wrapper\">\n\t\t\t<a class=\"elementor-icon elementor-animation-shrink\" href=\"\/cmi\/\">\n\t\t\t<i aria-hidden=\"true\" class=\"fas fa-home\"><\/i>\t\t\t<\/a>\n\t\t<\/div>\n\t\t\t\t\t\t<\/div>\n\t\t\t\t<\/div>\n\t\t\t\t<div class=\"elementor-element elementor-element-15486d09 elementor-widget elementor-widget-heading\" data-id=\"15486d09\" data-element_type=\"widget\" data-e-type=\"widget\" data-widget_type=\"heading.default\">\n\t\t\t\t<div class=\"elementor-widget-container\">\n\t\t\t\t\t<h5 class=\"elementor-heading-title elementor-size-default\"><a href=\"\/cmi\/\">In\u00edcio<\/a><\/h5>\t\t\t\t<\/div>\n\t\t\t\t<\/div>\n\t\t\t\t\t<\/div>\n\t\t<\/div>\n\t\t\t\t<div class=\"elementor-column elementor-col-16 elementor-top-column elementor-element elementor-element-33863db7\" data-id=\"33863db7\" data-element_type=\"column\" data-e-type=\"column\">\n\t\t\t<div class=\"elementor-widget-wrap elementor-element-populated\">\n\t\t\t\t\t\t<div class=\"elementor-element elementor-element-520ff4ef elementor-view-framed elementor-shape-circle elementor-widget elementor-widget-icon\" data-id=\"520ff4ef\" data-element_type=\"widget\" data-e-type=\"widget\" data-widget_type=\"icon.default\">\n\t\t\t\t<div class=\"elementor-widget-container\">\n\t\t\t\t\t\t\t<div class=\"elementor-icon-wrapper\">\n\t\t\t<a class=\"elementor-icon elementor-animation-shrink\" href=\"\/cmi\/marcacao-de-consulta\/\">\n\t\t\t<i aria-hidden=\"true\" class=\"fas fa-calendar-alt\"><\/i>\t\t\t<\/a>\n\t\t<\/div>\n\t\t\t\t\t\t<\/div>\n\t\t\t\t<\/div>\n\t\t\t\t<div class=\"elementor-element elementor-element-870e6d8 elementor-widget elementor-widget-heading\" data-id=\"870e6d8\" data-element_type=\"widget\" data-e-type=\"widget\" data-widget_type=\"heading.default\">\n\t\t\t\t<div class=\"elementor-widget-container\">\n\t\t\t\t\t<h5 class=\"elementor-heading-title elementor-size-default\"><a href=\"\/cmi\/marcacao-de-consulta\/\">Marca\u00e7\u00e3o de Consulta<\/a><\/h5>\t\t\t\t<\/div>\n\t\t\t\t<\/div>\n\t\t\t\t\t<\/div>\n\t\t<\/div>\n\t\t\t\t<div class=\"elementor-column elementor-col-16 elementor-top-column elementor-element elementor-element-7488f8d7\" data-id=\"7488f8d7\" data-element_type=\"column\" data-e-type=\"column\">\n\t\t\t<div class=\"elementor-widget-wrap elementor-element-populated\">\n\t\t\t\t\t\t<div class=\"elementor-element elementor-element-da71982 elementor-view-framed elementor-shape-circle elementor-widget elementor-widget-icon\" data-id=\"da71982\" data-element_type=\"widget\" data-e-type=\"widget\" data-widget_type=\"icon.default\">\n\t\t\t\t<div class=\"elementor-widget-container\">\n\t\t\t\t\t\t\t<div class=\"elementor-icon-wrapper\">\n\t\t\t<a class=\"elementor-icon elementor-animation-shrink\" href=\"\/cmi\/cons-medicina-integrativa\/\">\n\t\t\t<i aria-hidden=\"true\" class=\"fas fa-heartbeat\"><\/i>\t\t\t<\/a>\n\t\t<\/div>\n\t\t\t\t\t\t<\/div>\n\t\t\t\t<\/div>\n\t\t\t\t<div class=\"elementor-element elementor-element-352543e elementor-widget elementor-widget-heading\" data-id=\"352543e\" data-element_type=\"widget\" data-e-type=\"widget\" data-widget_type=\"heading.default\">\n\t\t\t\t<div class=\"elementor-widget-container\">\n\t\t\t\t\t<h5 class=\"elementor-heading-title elementor-size-default\"><a href=\"\/cmi\/cons-medicina-integrativa\/\">Medicina Integrativa<\/a><\/h5>\t\t\t\t<\/div>\n\t\t\t\t<\/div>\n\t\t\t\t\t<\/div>\n\t\t<\/div>\n\t\t\t\t<div class=\"elementor-column elementor-col-16 elementor-top-column elementor-element elementor-element-a656e89\" data-id=\"a656e89\" data-element_type=\"column\" data-e-type=\"column\">\n\t\t\t<div class=\"elementor-widget-wrap elementor-element-populated\">\n\t\t\t\t\t\t<div class=\"elementor-element elementor-element-74fac7db elementor-view-framed elementor-shape-circle elementor-widget elementor-widget-icon\" data-id=\"74fac7db\" data-element_type=\"widget\" data-e-type=\"widget\" data-widget_type=\"icon.default\">\n\t\t\t\t<div class=\"elementor-widget-container\">\n\t\t\t\t\t\t\t<div class=\"elementor-icon-wrapper\">\n\t\t\t<a class=\"elementor-icon elementor-animation-shrink\" href=\"\/cmi\/cons-medicas\/\">\n\t\t\t<i aria-hidden=\"true\" class=\"fas fa-user-md\"><\/i>\t\t\t<\/a>\n\t\t<\/div>\n\t\t\t\t\t\t<\/div>\n\t\t\t\t<\/div>\n\t\t\t\t<div class=\"elementor-element elementor-element-2b6c4617 elementor-widget elementor-widget-heading\" data-id=\"2b6c4617\" data-element_type=\"widget\" data-e-type=\"widget\" data-widget_type=\"heading.default\">\n\t\t\t\t<div class=\"elementor-widget-container\">\n\t\t\t\t\t<h5 class=\"elementor-heading-title elementor-size-default\"><a href=\"\/cmi\/cons-medicas\/\">Consultas M\u00e9dicas<\/a><\/h5>\t\t\t\t<\/div>\n\t\t\t\t<\/div>\n\t\t\t\t\t<\/div>\n\t\t<\/div>\n\t\t\t\t<div class=\"elementor-column elementor-col-16 elementor-top-column elementor-element elementor-element-6e266cc2\" data-id=\"6e266cc2\" data-element_type=\"column\" data-e-type=\"column\">\n\t\t\t<div class=\"elementor-widget-wrap elementor-element-populated\">\n\t\t\t\t\t\t<div class=\"elementor-element elementor-element-67fd7468 elementor-view-framed elementor-shape-circle elementor-widget elementor-widget-icon\" data-id=\"67fd7468\" data-element_type=\"widget\" data-e-type=\"widget\" data-widget_type=\"icon.default\">\n\t\t\t\t<div class=\"elementor-widget-container\">\n\t\t\t\t\t\t\t<div class=\"elementor-icon-wrapper\">\n\t\t\t<a class=\"elementor-icon elementor-animation-shrink\" href=\"\/cmi\/areas-complementares\/\">\n\t\t\t<i aria-hidden=\"true\" class=\"fas fa-users-cog\"><\/i>\t\t\t<\/a>\n\t\t<\/div>\n\t\t\t\t\t\t<\/div>\n\t\t\t\t<\/div>\n\t\t\t\t<div class=\"elementor-element elementor-element-1afc53b8 elementor-widget elementor-widget-heading\" data-id=\"1afc53b8\" data-element_type=\"widget\" data-e-type=\"widget\" data-widget_type=\"heading.default\">\n\t\t\t\t<div class=\"elementor-widget-container\">\n\t\t\t\t\t<h5 class=\"elementor-heading-title elementor-size-default\"><a href=\"\/cmi\/areas-complementares\/\">Terapias \/ \u00c1reas Complementares<\/a><\/h5>\t\t\t\t<\/div>\n\t\t\t\t<\/div>\n\t\t\t\t\t<\/div>\n\t\t<\/div>\n\t\t\t\t<div class=\"elementor-column elementor-col-16 elementor-top-column elementor-element elementor-element-022e769\" data-id=\"022e769\" data-element_type=\"column\" data-e-type=\"column\">\n\t\t\t<div class=\"elementor-widget-wrap elementor-element-populated\">\n\t\t\t\t\t\t<div class=\"elementor-element elementor-element-db30344 elementor-view-framed elementor-shape-circle elementor-widget elementor-widget-icon\" data-id=\"db30344\" data-element_type=\"widget\" data-e-type=\"widget\" data-widget_type=\"icon.default\">\n\t\t\t\t<div class=\"elementor-widget-container\">\n\t\t\t\t\t\t\t<div class=\"elementor-icon-wrapper\">\n\t\t\t<a class=\"elementor-icon elementor-animation-shrink\" href=\"\/cmi\/areas-complementares\/\">\n\t\t\t<i aria-hidden=\"true\" class=\"fas fa-brain\"><\/i>\t\t\t<\/a>\n\t\t<\/div>\n\t\t\t\t\t\t<\/div>\n\t\t\t\t<\/div>\n\t\t\t\t<div class=\"elementor-element elementor-element-0ca585a elementor-widget elementor-widget-heading\" data-id=\"0ca585a\" data-element_type=\"widget\" data-e-type=\"widget\" data-widget_type=\"heading.default\">\n\t\t\t\t<div class=\"elementor-widget-container\">\n\t\t\t\t\t<h5 class=\"elementor-heading-title elementor-size-default\"><a href=\"\/cmi\/psicologia\/\">Psicologia<\/a><\/h5>\t\t\t\t<\/div>\n\t\t\t\t<\/div>\n\t\t\t\t\t<\/div>\n\t\t<\/div>\n\t\t\t\t\t<\/div>\n\t\t<\/section>\n\t\t\t\t<\/div>\n\t\t","protected":false},"excerpt":{"rendered":"<p>A Medicina do Trabalho \u00e9 uma especialidade m\u00e9dica, portaria n\u00ba. 307\/2012, de 8 de outubro, com uma interven\u00e7\u00e3o preventiva de base tendo em conta as condi\u00e7\u00f5es de trabalho da pessoa e com o sentido de prote\u00e7\u00e3o, vigil\u00e2ncia e promo\u00e7\u00e3o da [&hellip;]<\/p>\n","protected":false},"author":1,"featured_media":3201,"parent":0,"menu_order":0,"comment_status":"closed","ping_status":"closed","template":"","meta":{"footnotes":""},"class_list":["post-3300","page","type-page","status-publish","has-post-thumbnail","hentry","clearfix"],"_links":{"self":[{"href":"https:\/\/anamoreira.pt\/cmi\/wp-json\/wp\/v2\/pages\/3300","targetHints":{"allow":["GET"]}}],"collection":[{"href":"https:\/\/anamoreira.pt\/cmi\/wp-json\/wp\/v2\/pages"}],"about":[{"href":"https:\/\/anamoreira.pt\/cmi\/wp-json\/wp\/v2\/types\/page"}],"author":[{"embeddable":true,"href":"https:\/\/anamoreira.pt\/cmi\/wp-json\/wp\/v2\/users\/1"}],"replies":[{"embeddable":true,"href":"https:\/\/anamoreira.pt\/cmi\/wp-json\/wp\/v2\/comments?post=3300"}],"version-history":[{"count":9,"href":"https:\/\/anamoreira.pt\/cmi\/wp-json\/wp\/v2\/pages\/3300\/revisions"}],"predecessor-version":[{"id":3309,"href":"https:\/\/anamoreira.pt\/cmi\/wp-json\/wp\/v2\/pages\/3300\/revisions\/3309"}],"wp:featuredmedia":[{"embeddable":true,"href":"https:\/\/anamoreira.pt\/cmi\/wp-json\/wp\/v2\/media\/3201"}],"wp:attachment":[{"href":"https:\/\/anamoreira.pt\/cmi\/wp-json\/wp\/v2\/media?parent=3300"}],"curies":[{"name":"wp","href":"https:\/\/api.w.org\/{rel}","templated":true}]}}