{"id":618,"date":"2020-01-01T13:47:45","date_gmt":"2020-01-01T13:47:45","guid":{"rendered":"https:\/\/anamoreira.km35633-02.keymachine.de\/cmi\/?page_id=618"},"modified":"2020-03-07T23:11:20","modified_gmt":"2020-03-07T23:11:20","slug":"mais-informacoes-alimentacao-artigos-cientificos","status":"publish","type":"page","link":"https:\/\/anamoreira.pt\/cmi\/mais-informacoes-alimentacao-artigos-cientificos\/","title":{"rendered":"Mais Informa\u00e7\u00f5es | Alimenta\u00e7\u00e3o | Artigos Cient\u00edficos"},"content":{"rendered":"\t\t<div data-elementor-type=\"wp-page\" data-elementor-id=\"618\" class=\"elementor elementor-618\" data-elementor-post-type=\"page\">\n\t\t\t\t\t\t<section class=\"elementor-section elementor-top-section elementor-element elementor-element-b85f026 elementor-section-boxed elementor-section-height-default elementor-section-height-default\" data-id=\"b85f026\" data-element_type=\"section\" data-e-type=\"section\">\n\t\t\t\t\t\t<div class=\"elementor-container elementor-column-gap-default\">\n\t\t\t\t\t<div class=\"elementor-column elementor-col-100 elementor-top-column elementor-element elementor-element-4f62435\" data-id=\"4f62435\" data-element_type=\"column\" data-e-type=\"column\">\n\t\t\t<div class=\"elementor-widget-wrap elementor-element-populated\">\n\t\t\t\t\t\t<div class=\"elementor-element elementor-element-f3ffee6 elementor-grid-eael-col-2 elementor-grid-tablet-eael-col-2 elementor-grid-mobile-eael-col-1 elementor-widget elementor-widget-eael-post-grid\" data-id=\"f3ffee6\" data-element_type=\"widget\" data-e-type=\"widget\" data-settings=\"{&quot;eael_post_grid_columns&quot;:&quot;eael-col-2&quot;,&quot;eael_post_grid_columns_tablet&quot;:&quot;eael-col-2&quot;,&quot;eael_post_grid_columns_mobile&quot;:&quot;eael-col-1&quot;}\" data-widget_type=\"eael-post-grid.default\">\n\t\t\t\t<div class=\"elementor-widget-container\">\n\t\t\t\t\t<div id=\"eael-post-grid-f3ffee6\" class=\"eael-post-grid-container\">\n            <div class=\"eael-post-grid eael-post-appender eael-post-appender-f3ffee6 eael-post-grid-style-one\" data-layout-mode=\"masonry\"><article class=\"eael-grid-post  eael-post-grid-column eael-pg-post-446 category-alimentacao-artigos-cientificos-alimentacao\" data-id=\"446\">\n        <div class=\"eael-grid-post-holder\">\n            <div class=\"eael-grid-post-holder-inner\"><div class=\"eael-entry-wrapper\"><header class=\"eael-entry-header\"><h2 class=\"eael-entry-title\"><a class=\"eael-grid-post-link\" href=\"https:\/\/anamoreira.pt\/cmi\/2019\/12\/31\/il-ruolo-del-tessuto-adiposo-nellinfiammazione\/\" title=\"Il ruolo del tessuto adiposo nell\u2019infiammazione\">Il ruolo del tessuto adiposo nell\u2019infiammazione<\/a><\/h2><\/header><div class=\"eael-entry-header-after\"><div class=\"eael-author-avatar\"><a href=\"https:\/\/anamoreira.pt\/cmi\/author\/anamoreira\/\"><img alt='Centro de Medicina Integrativa' src='https:\/\/secure.gravatar.com\/avatar\/31f7f6911f5344ff5cc1dd85003a2e4f?s=96&#038;d=mm&#038;r=g' srcset='https:\/\/secure.gravatar.com\/avatar\/31f7f6911f5344ff5cc1dd85003a2e4f?s=192&#038;d=mm&#038;r=g 2x' class='avatar avatar-96 photo' height='96' width='96' \/><\/a><\/div><div class=\"eael-entry-meta\"><span class=\"eael-posted-by\"><a href=\"https:\/\/anamoreira.pt\/cmi\/author\/anamoreira\/\" title=\"Posts by Centro de Medicina Integrativa\" rel=\"author\">Centro de Medicina Integrativa<\/a><\/span><span class=\"eael-posted-on\"><time datetime=\"31 de Dezembro, 2019\">31 de Dezembro, 2019<\/time><\/span><\/div><\/div><div class=\"eael-entry-content\">\n                        <div class=\"eael-grid-post-excerpt\"><p><\/p><a href=\"https:\/\/anamoreira.pt\/cmi\/2019\/12\/31\/il-ruolo-del-tessuto-adiposo-nellinfiammazione\/\" class=\"eael-post-elements-readmore-btn\">Ler Mais<\/a><\/div>\n                    <\/div><\/div><\/div>\n        <\/div>\n    <\/article><article class=\"eael-grid-post  eael-post-grid-column eael-pg-post-443 category-alimentacao-artigos-cientificos-alimentacao\" data-id=\"443\">\n        <div class=\"eael-grid-post-holder\">\n            <div class=\"eael-grid-post-holder-inner\"><div class=\"eael-entry-wrapper\"><header class=\"eael-entry-header\"><h2 class=\"eael-entry-title\"><a class=\"eael-grid-post-link\" href=\"https:\/\/anamoreira.pt\/cmi\/2019\/12\/31\/effects-of-weight-loss-and-long-term-weight-maintenance\/\" title=\"Effects of weight loss and long-term weight maintenance\">Effects of weight loss and long-term weight maintenance<\/a><\/h2><\/header><div class=\"eael-entry-header-after\"><div class=\"eael-author-avatar\"><a href=\"https:\/\/anamoreira.pt\/cmi\/author\/anamoreira\/\"><img alt='Centro de Medicina Integrativa' src='https:\/\/secure.gravatar.com\/avatar\/31f7f6911f5344ff5cc1dd85003a2e4f?s=96&#038;d=mm&#038;r=g' srcset='https:\/\/secure.gravatar.com\/avatar\/31f7f6911f5344ff5cc1dd85003a2e4f?s=192&#038;d=mm&#038;r=g 2x' class='avatar avatar-96 photo' height='96' width='96' \/><\/a><\/div><div class=\"eael-entry-meta\"><span class=\"eael-posted-by\"><a href=\"https:\/\/anamoreira.pt\/cmi\/author\/anamoreira\/\" title=\"Posts by Centro de Medicina Integrativa\" rel=\"author\">Centro de Medicina Integrativa<\/a><\/span><span class=\"eael-posted-on\"><time datetime=\"31 de Dezembro, 2019\">31 de Dezembro, 2019<\/time><\/span><\/div><\/div><div class=\"eael-entry-content\">\n                        <div class=\"eael-grid-post-excerpt\"><p><\/p><a href=\"https:\/\/anamoreira.pt\/cmi\/2019\/12\/31\/effects-of-weight-loss-and-long-term-weight-maintenance\/\" class=\"eael-post-elements-readmore-btn\">Ler Mais<\/a><\/div>\n                    <\/div><\/div><\/div>\n        <\/div>\n    <\/article><\/div>\n            <div class=\"clearfix\"><\/div>\n        <\/div>\t\t\t\t<\/div>\n\t\t\t\t<\/div>\n\t\t\t\t\t<\/div>\n\t\t<\/div>\n\t\t\t\t\t<\/div>\n\t\t<\/section>\n\t\t\t\t<section class=\"elementor-section elementor-top-section elementor-element elementor-element-81ca846 elementor-section-boxed elementor-section-height-default elementor-section-height-default\" data-id=\"81ca846\" data-element_type=\"section\" data-e-type=\"section\">\n\t\t\t\t\t\t<div class=\"elementor-container elementor-column-gap-default\">\n\t\t\t\t\t<div class=\"elementor-column elementor-col-100 elementor-top-column elementor-element elementor-element-8bf1689\" data-id=\"8bf1689\" data-element_type=\"column\" data-e-type=\"column\">\n\t\t\t<div class=\"elementor-widget-wrap elementor-element-populated\">\n\t\t\t\t\t\t<div class=\"elementor-element elementor-element-9b23832 elementor-widget elementor-widget-html\" data-id=\"9b23832\" data-element_type=\"widget\" data-e-type=\"widget\" data-widget_type=\"html.default\">\n\t\t\t\t<div class=\"elementor-widget-container\">\n\t\t\t\t\t<p><a href=\"\/cmi\/mais-informacoes-alimentacao\/\">[voltar]<\/a><\/p>\t\t\t\t<\/div>\n\t\t\t\t<\/div>\n\t\t\t\t\t<\/div>\n\t\t<\/div>\n\t\t\t\t\t<\/div>\n\t\t<\/section>\n\t\t\t\t<\/div>\n\t\t","protected":false},"excerpt":{"rendered":"<p>Il ruolo del tessuto adiposo nell\u2019infiammazione anamoreira 31 de Dezembro, 2019 Ler Mais Effects of weight loss and long-term weight maintenance anamoreira 31 de Dezembro, 2019 Ler Mais [voltar]<\/p>\n","protected":false},"author":1,"featured_media":0,"parent":0,"menu_order":0,"comment_status":"closed","ping_status":"closed","template":"page-templates\/page_fullwidth.php","meta":{"footnotes":""},"class_list":["post-618","page","type-page","status-publish","hentry","clearfix"],"_links":{"self":[{"href":"https:\/\/anamoreira.pt\/cmi\/wp-json\/wp\/v2\/pages\/618","targetHints":{"allow":["GET"]}}],"collection":[{"href":"https:\/\/anamoreira.pt\/cmi\/wp-json\/wp\/v2\/pages"}],"about":[{"href":"https:\/\/anamoreira.pt\/cmi\/wp-json\/wp\/v2\/types\/page"}],"author":[{"embeddable":true,"href":"https:\/\/anamoreira.pt\/cmi\/wp-json\/wp\/v2\/users\/1"}],"replies":[{"embeddable":true,"href":"https:\/\/anamoreira.pt\/cmi\/wp-json\/wp\/v2\/comments?post=618"}],"version-history":[{"count":4,"href":"https:\/\/anamoreira.pt\/cmi\/wp-json\/wp\/v2\/pages\/618\/revisions"}],"predecessor-version":[{"id":1723,"href":"https:\/\/anamoreira.pt\/cmi\/wp-json\/wp\/v2\/pages\/618\/revisions\/1723"}],"wp:attachment":[{"href":"https:\/\/anamoreira.pt\/cmi\/wp-json\/wp\/v2\/media?parent=618"}],"curies":[{"name":"wp","href":"https:\/\/api.w.org\/{rel}","templated":true}]}}