{"id":622,"date":"2020-01-01T13:54:30","date_gmt":"2020-01-01T13:54:30","guid":{"rendered":"https:\/\/anamoreira.km35633-02.keymachine.de\/cmi\/?page_id=622"},"modified":"2020-03-07T23:11:45","modified_gmt":"2020-03-07T23:11:45","slug":"mais-informacoes-alimentacao-noticias","status":"publish","type":"page","link":"https:\/\/anamoreira.pt\/cmi\/mais-informacoes-alimentacao-noticias\/","title":{"rendered":"Mais Informa\u00e7\u00f5es | Alimenta\u00e7\u00e3o | Not\u00edcias"},"content":{"rendered":"\t\t<div data-elementor-type=\"wp-page\" data-elementor-id=\"622\" class=\"elementor elementor-622\" data-elementor-post-type=\"page\">\n\t\t\t\t\t\t<section class=\"elementor-section elementor-top-section elementor-element elementor-element-a465433 elementor-section-boxed elementor-section-height-default elementor-section-height-default\" data-id=\"a465433\" data-element_type=\"section\" data-e-type=\"section\">\n\t\t\t\t\t\t<div class=\"elementor-container elementor-column-gap-default\">\n\t\t\t\t\t<div class=\"elementor-column elementor-col-100 elementor-top-column elementor-element elementor-element-bc8e84b\" data-id=\"bc8e84b\" data-element_type=\"column\" data-e-type=\"column\">\n\t\t\t<div class=\"elementor-widget-wrap elementor-element-populated\">\n\t\t\t\t\t\t<div class=\"elementor-element elementor-element-09608c4 elementor-grid-eael-col-4 elementor-grid-tablet-eael-col-2 elementor-grid-mobile-eael-col-1 elementor-widget elementor-widget-eael-post-grid\" data-id=\"09608c4\" data-element_type=\"widget\" data-e-type=\"widget\" data-settings=\"{&quot;eael_post_grid_columns&quot;:&quot;eael-col-4&quot;,&quot;eael_post_grid_columns_tablet&quot;:&quot;eael-col-2&quot;,&quot;eael_post_grid_columns_mobile&quot;:&quot;eael-col-1&quot;}\" data-widget_type=\"eael-post-grid.default\">\n\t\t\t\t<div class=\"elementor-widget-container\">\n\t\t\t\t\t<div id=\"eael-post-grid-09608c4\" class=\"eael-post-grid-container\">\n            <div class=\"eael-post-grid eael-post-appender eael-post-appender-09608c4 eael-post-grid-style-one\" data-layout-mode=\"masonry\"><article class=\"eael-grid-post  eael-post-grid-column eael-pg-post-565 category-alimentacao-noticias-alimentacao\" data-id=\"565\">\n        <div class=\"eael-grid-post-holder\">\n            <div class=\"eael-grid-post-holder-inner\"><div class=\"eael-entry-wrapper\"><header class=\"eael-entry-header\"><h2 class=\"eael-entry-title\"><a class=\"eael-grid-post-link\" href=\"https:\/\/anamoreira.pt\/cmi\/2019\/12\/31\/harvard-retira-leite-e-lacticinios-da-piramide-alimentar\/\" title=\"Harvard retira leite e lacticinios da piramide alimentar\">Harvard retira leite e lacticinios da piramide alimentar<\/a><\/h2><\/header><div class=\"eael-entry-header-after\"><div class=\"eael-author-avatar\"><a href=\"https:\/\/anamoreira.pt\/cmi\/author\/anamoreira\/\"><img alt='Centro de Medicina Integrativa' src='https:\/\/secure.gravatar.com\/avatar\/31f7f6911f5344ff5cc1dd85003a2e4f?s=96&#038;d=mm&#038;r=g' srcset='https:\/\/secure.gravatar.com\/avatar\/31f7f6911f5344ff5cc1dd85003a2e4f?s=192&#038;d=mm&#038;r=g 2x' class='avatar avatar-96 photo' height='96' width='96' \/><\/a><\/div><div class=\"eael-entry-meta\"><span class=\"eael-posted-by\"><a href=\"https:\/\/anamoreira.pt\/cmi\/author\/anamoreira\/\" title=\"Posts by Centro de Medicina Integrativa\" rel=\"author\">Centro de Medicina Integrativa<\/a><\/span><span class=\"eael-posted-on\"><time datetime=\"31 de Dezembro, 2019\">31 de Dezembro, 2019<\/time><\/span><\/div><\/div><div class=\"eael-entry-content\">\n                        <div class=\"eael-grid-post-excerpt\"><p>Healthy Eating Plate The new Healthy Eating Plate was created by Harvard Health Publications and nutrition experts at the Harvard...<\/p><a href=\"https:\/\/anamoreira.pt\/cmi\/2019\/12\/31\/harvard-retira-leite-e-lacticinios-da-piramide-alimentar\/\" class=\"eael-post-elements-readmore-btn\">Ler Mais<\/a><\/div>\n                    <\/div><\/div><\/div>\n        <\/div>\n    <\/article><article class=\"eael-grid-post  eael-post-grid-column eael-pg-post-561 category-alimentacao-noticias-alimentacao\" data-id=\"561\">\n        <div class=\"eael-grid-post-holder\">\n            <div class=\"eael-grid-post-holder-inner\"><div class=\"eael-entry-wrapper\"><header class=\"eael-entry-header\"><h2 class=\"eael-entry-title\"><a class=\"eael-grid-post-link\" href=\"https:\/\/anamoreira.pt\/cmi\/2019\/12\/31\/elementor-561\/\" title=\"Somos o que comemos (Grande reportagem \u2013 SIC)\">Somos o que comemos (Grande reportagem \u2013 SIC)<\/a><\/h2><\/header><div class=\"eael-entry-header-after\"><div class=\"eael-author-avatar\"><a href=\"https:\/\/anamoreira.pt\/cmi\/author\/anamoreira\/\"><img alt='Centro de Medicina Integrativa' src='https:\/\/secure.gravatar.com\/avatar\/31f7f6911f5344ff5cc1dd85003a2e4f?s=96&#038;d=mm&#038;r=g' srcset='https:\/\/secure.gravatar.com\/avatar\/31f7f6911f5344ff5cc1dd85003a2e4f?s=192&#038;d=mm&#038;r=g 2x' class='avatar avatar-96 photo' height='96' width='96' \/><\/a><\/div><div class=\"eael-entry-meta\"><span class=\"eael-posted-by\"><a href=\"https:\/\/anamoreira.pt\/cmi\/author\/anamoreira\/\" title=\"Posts by Centro de Medicina Integrativa\" rel=\"author\">Centro de Medicina Integrativa<\/a><\/span><span class=\"eael-posted-on\"><time datetime=\"31 de Dezembro, 2019\">31 de Dezembro, 2019<\/time><\/span><\/div><\/div><div class=\"eael-entry-content\">\n                        <div class=\"eael-grid-post-excerpt\"><p>Com a Grande Reportagem SIC estreamos um formato interativo onde pode encontrar mais conte\u00fados . Guiados pela pediatra J\u00falia Galhardo...<\/p><a href=\"https:\/\/anamoreira.pt\/cmi\/2019\/12\/31\/elementor-561\/\" class=\"eael-post-elements-readmore-btn\">Ler Mais<\/a><\/div>\n                    <\/div><\/div><\/div>\n        <\/div>\n    <\/article><article class=\"eael-grid-post  eael-post-grid-column eael-pg-post-558 category-alimentacao-noticias-alimentacao\" data-id=\"558\">\n        <div class=\"eael-grid-post-holder\">\n            <div class=\"eael-grid-post-holder-inner\"><div class=\"eael-entry-wrapper\"><header class=\"eael-entry-header\"><h2 class=\"eael-entry-title\"><a class=\"eael-grid-post-link\" href=\"https:\/\/anamoreira.pt\/cmi\/2019\/12\/31\/sugar-eliminate-this-one-ingredient-and-watch-your-health-soar\/\" title=\"SUGAR: Eliminate This ONE Ingredient and Watch Your Health Soar\">SUGAR: Eliminate This ONE Ingredient and Watch Your Health Soar<\/a><\/h2><\/header><div class=\"eael-entry-header-after\"><div class=\"eael-author-avatar\"><a href=\"https:\/\/anamoreira.pt\/cmi\/author\/anamoreira\/\"><img alt='Centro de Medicina Integrativa' src='https:\/\/secure.gravatar.com\/avatar\/31f7f6911f5344ff5cc1dd85003a2e4f?s=96&#038;d=mm&#038;r=g' srcset='https:\/\/secure.gravatar.com\/avatar\/31f7f6911f5344ff5cc1dd85003a2e4f?s=192&#038;d=mm&#038;r=g 2x' class='avatar avatar-96 photo' height='96' width='96' \/><\/a><\/div><div class=\"eael-entry-meta\"><span class=\"eael-posted-by\"><a href=\"https:\/\/anamoreira.pt\/cmi\/author\/anamoreira\/\" title=\"Posts by Centro de Medicina Integrativa\" rel=\"author\">Centro de Medicina Integrativa<\/a><\/span><span class=\"eael-posted-on\"><time datetime=\"31 de Dezembro, 2019\">31 de Dezembro, 2019<\/time><\/span><\/div><\/div><div class=\"eael-entry-content\">\n                        <div class=\"eael-grid-post-excerpt\"><p>https:\/\/youtu.be\/dBnniua6-oM<\/p><a href=\"https:\/\/anamoreira.pt\/cmi\/2019\/12\/31\/sugar-eliminate-this-one-ingredient-and-watch-your-health-soar\/\" class=\"eael-post-elements-readmore-btn\">Ler Mais<\/a><\/div>\n                    <\/div><\/div><\/div>\n        <\/div>\n    <\/article><\/div>\n            <div class=\"clearfix\"><\/div>\n        <\/div>\t\t\t\t<\/div>\n\t\t\t\t<\/div>\n\t\t\t\t\t<\/div>\n\t\t<\/div>\n\t\t\t\t\t<\/div>\n\t\t<\/section>\n\t\t\t\t<section class=\"elementor-section elementor-top-section elementor-element elementor-element-7826a7b elementor-section-boxed elementor-section-height-default elementor-section-height-default\" data-id=\"7826a7b\" data-element_type=\"section\" data-e-type=\"section\">\n\t\t\t\t\t\t<div class=\"elementor-container elementor-column-gap-default\">\n\t\t\t\t\t<div class=\"elementor-column elementor-col-100 elementor-top-column elementor-element elementor-element-c9cf037\" data-id=\"c9cf037\" data-element_type=\"column\" data-e-type=\"column\">\n\t\t\t<div class=\"elementor-widget-wrap elementor-element-populated\">\n\t\t\t\t\t\t<div class=\"elementor-element elementor-element-8191d66 elementor-widget elementor-widget-text-editor\" data-id=\"8191d66\" data-element_type=\"widget\" data-e-type=\"widget\" data-widget_type=\"text-editor.default\">\n\t\t\t\t<div class=\"elementor-widget-container\">\n\t\t\t\t\t\t\t\t\t<p><a href=\"\/cmi\/mais-informacoes-alimentacao\/\">[voltar]<\/a><\/p>\t\t\t\t\t\t\t\t<\/div>\n\t\t\t\t<\/div>\n\t\t\t\t\t<\/div>\n\t\t<\/div>\n\t\t\t\t\t<\/div>\n\t\t<\/section>\n\t\t\t\t<\/div>\n\t\t","protected":false},"excerpt":{"rendered":"<p>Harvard retira leite e lacticinios da piramide alimentar anamoreira 31 de Dezembro, 2019 Healthy Eating Plate The new Healthy Eating Plate was created by Harvard Health Publications and nutrition experts at the Harvard&#8230; Ler Mais Somos o que comemos (Grande [&hellip;]<\/p>\n","protected":false},"author":1,"featured_media":0,"parent":0,"menu_order":0,"comment_status":"closed","ping_status":"closed","template":"page-templates\/page_fullwidth.php","meta":{"footnotes":""},"class_list":["post-622","page","type-page","status-publish","hentry","clearfix"],"_links":{"self":[{"href":"https:\/\/anamoreira.pt\/cmi\/wp-json\/wp\/v2\/pages\/622","targetHints":{"allow":["GET"]}}],"collection":[{"href":"https:\/\/anamoreira.pt\/cmi\/wp-json\/wp\/v2\/pages"}],"about":[{"href":"https:\/\/anamoreira.pt\/cmi\/wp-json\/wp\/v2\/types\/page"}],"author":[{"embeddable":true,"href":"https:\/\/anamoreira.pt\/cmi\/wp-json\/wp\/v2\/users\/1"}],"replies":[{"embeddable":true,"href":"https:\/\/anamoreira.pt\/cmi\/wp-json\/wp\/v2\/comments?post=622"}],"version-history":[{"count":5,"href":"https:\/\/anamoreira.pt\/cmi\/wp-json\/wp\/v2\/pages\/622\/revisions"}],"predecessor-version":[{"id":1724,"href":"https:\/\/anamoreira.pt\/cmi\/wp-json\/wp\/v2\/pages\/622\/revisions\/1724"}],"wp:attachment":[{"href":"https:\/\/anamoreira.pt\/cmi\/wp-json\/wp\/v2\/media?parent=622"}],"curies":[{"name":"wp","href":"https:\/\/api.w.org\/{rel}","templated":true}]}}