{"id":6474,"date":"2023-04-14T09:16:34","date_gmt":"2023-04-14T09:16:34","guid":{"rendered":"https:\/\/anamoreira.pt\/cmi\/?page_id=6474"},"modified":"2023-04-14T09:46:07","modified_gmt":"2023-04-14T09:46:07","slug":"medicina-dentaria-integrativa","status":"publish","type":"page","link":"https:\/\/anamoreira.pt\/cmi\/medicina-dentaria-integrativa\/","title":{"rendered":"Medicina Dent\u00e1ria Integrativa"},"content":{"rendered":"\t\t<div data-elementor-type=\"wp-page\" data-elementor-id=\"6474\" class=\"elementor elementor-6474\" data-elementor-post-type=\"page\">\n\t\t\t\t\t\t<section class=\"elementor-section elementor-top-section elementor-element elementor-element-a02294d elementor-section-boxed elementor-section-height-default elementor-section-height-default\" data-id=\"a02294d\" data-element_type=\"section\" data-e-type=\"section\">\n\t\t\t\t\t\t<div class=\"elementor-container elementor-column-gap-default\">\n\t\t\t\t\t<div class=\"elementor-column elementor-col-100 elementor-top-column elementor-element elementor-element-854d948\" data-id=\"854d948\" data-element_type=\"column\" data-e-type=\"column\">\n\t\t\t<div class=\"elementor-widget-wrap elementor-element-populated\">\n\t\t\t\t\t\t<div class=\"elementor-element elementor-element-3318fb7 elementor-widget elementor-widget-text-editor\" data-id=\"3318fb7\" data-element_type=\"widget\" data-e-type=\"widget\" data-widget_type=\"text-editor.default\">\n\t\t\t\t<div class=\"elementor-widget-container\">\n\t\t\t\t\t\t\t\t\t<p>A Medicina Integrativa foca-se na sa\u00fade global e na perspectiva da cura; condicionando a doen\u00e7a e o seu tratamento a um n\u00edvel multi-foco. Al\u00e9m do corpo f\u00edsico, engloba a emo\u00e7\u00e3o vivida, o processo da mente e at\u00e9 o esp\u00edrito, quer no diagn\u00f3stico, quer no plano terap\u00eautico.<\/p><p>O Mundo atual est\u00e1 em constante evolu\u00e7\u00e3o e o ser humano tem de se adaptar a novas realidades permanentemente. Com o progresso cient\u00edfico nas terapias complementares \u00e9 necess\u00e1rio que a Medicina Dent\u00e1ria convencional tamb\u00e9m evolua no sentido de incluir a filosofia integrativa no tratamento dos pacientes, porque sabemos que isso vai influenciar a sa\u00fade global daquela pessoa.<\/p><p>Ao utilizar a express\u00e3o \u201cMedicina Dent\u00e1ria Integrativa\u201d referimo-nos \u00e0 aplica\u00e7\u00e3o da vis\u00e3o integrativa do paciente e da sa\u00fade na Odontologia. Neste contexto, alargamos o foco do m\u00e9dico dentista e da sua equipa, que al\u00e9m da boca passa a analisar o paciente como um todo, mantendo assim o equil\u00edbrio entre a sa\u00fade oral e o estado de sa\u00fade em geral.<\/p><p>O foco da medicina dent\u00e1ria convencional \u00e9 manter a cavidade oral saud\u00e1vel e fazer a dete\u00e7\u00e3o de doen\u00e7as orais. Ao adoptar uma perspectiva Integrativa na Medicina Dent\u00e1ria n\u00e3o descrevemos uma nova especialidade, mas sim uma filosofia que pode ser aplicada a todas as facetas da pr\u00e1tica odontol\u00f3gica e aos cuidados de sa\u00fade em geral: procurar sempre a forma mais segura e menos t\u00f3xica para o tratamento, interferindo o m\u00ednimo poss\u00edvel com o terreno biol\u00f3gico do paciente.<\/p><p>Neste sentido, este tipo de Medicina Dent\u00e1ria \u00e9 muitas vezes denominado Dent\u00e1ria Biol\u00f3gica Regenerativa, pois aplica uma abordagem mais biocompat\u00edvel na procura da sa\u00fade bucal. Fazendo distin\u00e7\u00f5es \u2013 algumas \u00f3bvias e outras subtis \u2013 entre os materiais e procedimentos dispon\u00edveis, podemos reduzir o impacto nas respostas funcionais dos pacientes.<\/p><p>Atrav\u00e9s do uso de terapias complementares \u00e9 poss\u00edvel encontrar solu\u00e7\u00f5es mais adequadas e biocompat\u00edveis, definindo um plano de tratamento integrativo que respeite as necessidades do paciente.<\/p><p>As terapias complementares que podem ser utilizadas na dent\u00e1ria s\u00e3o: homeopatia, acupuntura, aromaterapia, exerc\u00edcios de respira\u00e7\u00e3o neuro-vasculares, t\u00e9cnicas de coer\u00eancia card\u00edaca, ozonoterapia, terapia neural e outras. Vamos ouvir uma m\u00e9dica a falar da import\u00e2ncia dos colegas dentistas estarem presentes e atentos ao modo como trabalham e como isso pode melhorar (ou agravar) a sa\u00fade global de um ser humano.<\/p><p>Entre em contacto connosco atrav\u00e9s do email <strong>consultorio@anamoreira.pt<\/strong>, ou atrav\u00e9s do n\u00famero <strong>932 348 037<\/strong> no WhatsApp, e marque j\u00e1 a sua consulta!<\/p>\t\t\t\t\t\t\t\t<\/div>\n\t\t\t\t<\/div>\n\t\t\t\t<div class=\"elementor-element elementor-element-cb003a6 elementor-widget elementor-widget-image\" data-id=\"cb003a6\" data-element_type=\"widget\" data-e-type=\"widget\" data-widget_type=\"image.default\">\n\t\t\t\t<div class=\"elementor-widget-container\">\n\t\t\t\t\t\t\t\t\t\t\t\t\t\t\t<img fetchpriority=\"high\" decoding=\"async\" width=\"640\" height=\"360\" src=\"https:\/\/anamoreira.pt\/cmi\/wp-content\/uploads\/2023\/04\/mulher-sentada-no-dentista-1170x658-1-768x432.jpg\" class=\"attachment-medium_large size-medium_large wp-image-6518\" alt=\"\" srcset=\"https:\/\/anamoreira.pt\/cmi\/wp-content\/uploads\/2023\/04\/mulher-sentada-no-dentista-1170x658-1-768x432.jpg 768w, https:\/\/anamoreira.pt\/cmi\/wp-content\/uploads\/2023\/04\/mulher-sentada-no-dentista-1170x658-1-300x169.jpg 300w, https:\/\/anamoreira.pt\/cmi\/wp-content\/uploads\/2023\/04\/mulher-sentada-no-dentista-1170x658-1-1024x576.jpg 1024w, https:\/\/anamoreira.pt\/cmi\/wp-content\/uploads\/2023\/04\/mulher-sentada-no-dentista-1170x658-1-700x394.jpg 700w, https:\/\/anamoreira.pt\/cmi\/wp-content\/uploads\/2023\/04\/mulher-sentada-no-dentista-1170x658-1-520x292.jpg 520w, https:\/\/anamoreira.pt\/cmi\/wp-content\/uploads\/2023\/04\/mulher-sentada-no-dentista-1170x658-1-360x202.jpg 360w, https:\/\/anamoreira.pt\/cmi\/wp-content\/uploads\/2023\/04\/mulher-sentada-no-dentista-1170x658-1-250x141.jpg 250w, https:\/\/anamoreira.pt\/cmi\/wp-content\/uploads\/2023\/04\/mulher-sentada-no-dentista-1170x658-1-100x56.jpg 100w, https:\/\/anamoreira.pt\/cmi\/wp-content\/uploads\/2023\/04\/mulher-sentada-no-dentista-1170x658-1.jpg 1170w\" sizes=\"(max-width: 640px) 100vw, 640px\" \/>\t\t\t\t\t\t\t\t\t\t\t\t\t\t\t<\/div>\n\t\t\t\t<\/div>\n\t\t\t\t\t<\/div>\n\t\t<\/div>\n\t\t\t\t\t<\/div>\n\t\t<\/section>\n\t\t\t\t<section class=\"elementor-section elementor-top-section elementor-element elementor-element-73fc1b elementor-section-boxed elementor-section-height-default elementor-section-height-default\" data-id=\"73fc1b\" data-element_type=\"section\" data-e-type=\"section\">\n\t\t\t\t\t\t<div class=\"elementor-container elementor-column-gap-default\">\n\t\t\t\t\t<div class=\"elementor-column elementor-col-20 elementor-top-column elementor-element elementor-element-432dae02\" data-id=\"432dae02\" data-element_type=\"column\" data-e-type=\"column\">\n\t\t\t<div class=\"elementor-widget-wrap elementor-element-populated\">\n\t\t\t\t\t\t<div class=\"elementor-element elementor-element-63b8e8be elementor-view-framed elementor-shape-circle elementor-widget elementor-widget-icon\" data-id=\"63b8e8be\" data-element_type=\"widget\" data-e-type=\"widget\" data-widget_type=\"icon.default\">\n\t\t\t\t<div class=\"elementor-widget-container\">\n\t\t\t\t\t\t\t<div class=\"elementor-icon-wrapper\">\n\t\t\t<a class=\"elementor-icon elementor-animation-shrink\" href=\"\/cmi\/\">\n\t\t\t<i aria-hidden=\"true\" class=\"fas fa-home\"><\/i>\t\t\t<\/a>\n\t\t<\/div>\n\t\t\t\t\t\t<\/div>\n\t\t\t\t<\/div>\n\t\t\t\t<div class=\"elementor-element elementor-element-5d6635b2 elementor-widget elementor-widget-heading\" data-id=\"5d6635b2\" data-element_type=\"widget\" data-e-type=\"widget\" data-widget_type=\"heading.default\">\n\t\t\t\t<div class=\"elementor-widget-container\">\n\t\t\t\t\t<h5 class=\"elementor-heading-title elementor-size-default\"><a href=\"\/cmi\/\">In\u00edcio<\/a><\/h5>\t\t\t\t<\/div>\n\t\t\t\t<\/div>\n\t\t\t\t\t<\/div>\n\t\t<\/div>\n\t\t\t\t<div class=\"elementor-column elementor-col-20 elementor-top-column elementor-element elementor-element-63874c4\" data-id=\"63874c4\" data-element_type=\"column\" data-e-type=\"column\">\n\t\t\t<div class=\"elementor-widget-wrap elementor-element-populated\">\n\t\t\t\t\t\t<div class=\"elementor-element elementor-element-305114ce elementor-view-framed elementor-shape-circle elementor-widget elementor-widget-icon\" data-id=\"305114ce\" data-element_type=\"widget\" data-e-type=\"widget\" data-widget_type=\"icon.default\">\n\t\t\t\t<div class=\"elementor-widget-container\">\n\t\t\t\t\t\t\t<div class=\"elementor-icon-wrapper\">\n\t\t\t<a class=\"elementor-icon elementor-animation-shrink\" href=\"\/cmi\/marcacao-de-consulta\/\">\n\t\t\t<i aria-hidden=\"true\" class=\"fas fa-calendar-alt\"><\/i>\t\t\t<\/a>\n\t\t<\/div>\n\t\t\t\t\t\t<\/div>\n\t\t\t\t<\/div>\n\t\t\t\t<div class=\"elementor-element elementor-element-b7ff074 elementor-widget elementor-widget-heading\" data-id=\"b7ff074\" data-element_type=\"widget\" data-e-type=\"widget\" data-widget_type=\"heading.default\">\n\t\t\t\t<div class=\"elementor-widget-container\">\n\t\t\t\t\t<h5 class=\"elementor-heading-title elementor-size-default\"><a href=\"\/cmi\/marcacao-de-consulta\/\">Marca\u00e7\u00e3o de Consulta<\/a><\/h5>\t\t\t\t<\/div>\n\t\t\t\t<\/div>\n\t\t\t\t\t<\/div>\n\t\t<\/div>\n\t\t\t\t<div class=\"elementor-column elementor-col-20 elementor-top-column elementor-element elementor-element-3b3d21a2\" data-id=\"3b3d21a2\" data-element_type=\"column\" data-e-type=\"column\">\n\t\t\t<div class=\"elementor-widget-wrap elementor-element-populated\">\n\t\t\t\t\t\t<div class=\"elementor-element elementor-element-73f915fd elementor-view-framed elementor-shape-circle elementor-widget elementor-widget-icon\" data-id=\"73f915fd\" data-element_type=\"widget\" data-e-type=\"widget\" data-widget_type=\"icon.default\">\n\t\t\t\t<div class=\"elementor-widget-container\">\n\t\t\t\t\t\t\t<div class=\"elementor-icon-wrapper\">\n\t\t\t<a class=\"elementor-icon elementor-animation-shrink\" href=\"\/cmi\/cons-medicina-integrativa\/\">\n\t\t\t<i aria-hidden=\"true\" class=\"fas fa-heartbeat\"><\/i>\t\t\t<\/a>\n\t\t<\/div>\n\t\t\t\t\t\t<\/div>\n\t\t\t\t<\/div>\n\t\t\t\t<div class=\"elementor-element elementor-element-ab33b6 elementor-widget elementor-widget-heading\" data-id=\"ab33b6\" data-element_type=\"widget\" data-e-type=\"widget\" data-widget_type=\"heading.default\">\n\t\t\t\t<div class=\"elementor-widget-container\">\n\t\t\t\t\t<h5 class=\"elementor-heading-title elementor-size-default\"><a href=\"\/cmi\/cons-medicina-integrativa\/\">Medicina Integrativa<\/a><\/h5>\t\t\t\t<\/div>\n\t\t\t\t<\/div>\n\t\t\t\t\t<\/div>\n\t\t<\/div>\n\t\t\t\t<div class=\"elementor-column elementor-col-20 elementor-top-column elementor-element elementor-element-55b1f7f1\" data-id=\"55b1f7f1\" data-element_type=\"column\" data-e-type=\"column\">\n\t\t\t<div class=\"elementor-widget-wrap elementor-element-populated\">\n\t\t\t\t\t\t<div class=\"elementor-element elementor-element-31bfda63 elementor-view-framed elementor-shape-circle elementor-widget elementor-widget-icon\" data-id=\"31bfda63\" data-element_type=\"widget\" data-e-type=\"widget\" data-widget_type=\"icon.default\">\n\t\t\t\t<div class=\"elementor-widget-container\">\n\t\t\t\t\t\t\t<div class=\"elementor-icon-wrapper\">\n\t\t\t<a class=\"elementor-icon elementor-animation-shrink\" href=\"\/cmi\/cons-medicas\/\">\n\t\t\t<i aria-hidden=\"true\" class=\"fas fa-user-md\"><\/i>\t\t\t<\/a>\n\t\t<\/div>\n\t\t\t\t\t\t<\/div>\n\t\t\t\t<\/div>\n\t\t\t\t<div class=\"elementor-element elementor-element-3ea8d457 elementor-widget elementor-widget-heading\" data-id=\"3ea8d457\" data-element_type=\"widget\" data-e-type=\"widget\" data-widget_type=\"heading.default\">\n\t\t\t\t<div class=\"elementor-widget-container\">\n\t\t\t\t\t<h5 class=\"elementor-heading-title elementor-size-default\"><a href=\"\/cmi\/cons-medicas\/\">Consultas M\u00e9dicas<\/a><\/h5>\t\t\t\t<\/div>\n\t\t\t\t<\/div>\n\t\t\t\t\t<\/div>\n\t\t<\/div>\n\t\t\t\t<div class=\"elementor-column elementor-col-20 elementor-top-column elementor-element elementor-element-15a4618c\" data-id=\"15a4618c\" data-element_type=\"column\" data-e-type=\"column\">\n\t\t\t<div class=\"elementor-widget-wrap elementor-element-populated\">\n\t\t\t\t\t\t<div class=\"elementor-element elementor-element-2db81b89 elementor-view-framed elementor-shape-circle elementor-widget elementor-widget-icon\" data-id=\"2db81b89\" data-element_type=\"widget\" data-e-type=\"widget\" data-widget_type=\"icon.default\">\n\t\t\t\t<div class=\"elementor-widget-container\">\n\t\t\t\t\t\t\t<div class=\"elementor-icon-wrapper\">\n\t\t\t<a class=\"elementor-icon elementor-animation-shrink\" href=\"\/cmi\/areas-complementares\/\">\n\t\t\t<i aria-hidden=\"true\" class=\"fas fa-users-cog\"><\/i>\t\t\t<\/a>\n\t\t<\/div>\n\t\t\t\t\t\t<\/div>\n\t\t\t\t<\/div>\n\t\t\t\t<div class=\"elementor-element elementor-element-674dd8dc elementor-widget elementor-widget-heading\" data-id=\"674dd8dc\" data-element_type=\"widget\" data-e-type=\"widget\" data-widget_type=\"heading.default\">\n\t\t\t\t<div class=\"elementor-widget-container\">\n\t\t\t\t\t<h5 class=\"elementor-heading-title elementor-size-default\"><a href=\"\/cmi\/areas-complementares\/\">Terapias \/ \u00c1reas Complementares<\/a><\/h5>\t\t\t\t<\/div>\n\t\t\t\t<\/div>\n\t\t\t\t\t<\/div>\n\t\t<\/div>\n\t\t\t\t\t<\/div>\n\t\t<\/section>\n\t\t\t\t<\/div>\n\t\t","protected":false},"excerpt":{"rendered":"<p>A Medicina Integrativa foca-se na sa\u00fade global e na perspectiva da cura; condicionando a doen\u00e7a e o seu tratamento a um n\u00edvel multi-foco. Al\u00e9m do corpo f\u00edsico, engloba a emo\u00e7\u00e3o vivida, o processo da mente e at\u00e9 o esp\u00edrito, quer [&hellip;]<\/p>\n","protected":false},"author":1,"featured_media":6476,"parent":0,"menu_order":0,"comment_status":"closed","ping_status":"closed","template":"page-templates\/page_fullwidth.php","meta":{"footnotes":""},"class_list":["post-6474","page","type-page","status-publish","has-post-thumbnail","hentry","clearfix"],"_links":{"self":[{"href":"https:\/\/anamoreira.pt\/cmi\/wp-json\/wp\/v2\/pages\/6474","targetHints":{"allow":["GET"]}}],"collection":[{"href":"https:\/\/anamoreira.pt\/cmi\/wp-json\/wp\/v2\/pages"}],"about":[{"href":"https:\/\/anamoreira.pt\/cmi\/wp-json\/wp\/v2\/types\/page"}],"author":[{"embeddable":true,"href":"https:\/\/anamoreira.pt\/cmi\/wp-json\/wp\/v2\/users\/1"}],"replies":[{"embeddable":true,"href":"https:\/\/anamoreira.pt\/cmi\/wp-json\/wp\/v2\/comments?post=6474"}],"version-history":[{"count":9,"href":"https:\/\/anamoreira.pt\/cmi\/wp-json\/wp\/v2\/pages\/6474\/revisions"}],"predecessor-version":[{"id":6522,"href":"https:\/\/anamoreira.pt\/cmi\/wp-json\/wp\/v2\/pages\/6474\/revisions\/6522"}],"wp:featuredmedia":[{"embeddable":true,"href":"https:\/\/anamoreira.pt\/cmi\/wp-json\/wp\/v2\/media\/6476"}],"wp:attachment":[{"href":"https:\/\/anamoreira.pt\/cmi\/wp-json\/wp\/v2\/media?parent=6474"}],"curies":[{"name":"wp","href":"https:\/\/api.w.org\/{rel}","templated":true}]}}