{"id":654,"date":"2020-01-01T14:35:17","date_gmt":"2020-01-01T14:35:17","guid":{"rendered":"https:\/\/anamoreira.km35633-02.keymachine.de\/cmi\/?page_id=654"},"modified":"2020-03-07T23:13:44","modified_gmt":"2020-03-07T23:13:44","slug":"mais-informacoes-alimentacao-receitas","status":"publish","type":"page","link":"https:\/\/anamoreira.pt\/cmi\/mais-informacoes-alimentacao-receitas\/","title":{"rendered":"Mais Informa\u00e7\u00f5es | Alimenta\u00e7\u00e3o | Receitas"},"content":{"rendered":"\t\t<div data-elementor-type=\"wp-page\" data-elementor-id=\"654\" class=\"elementor elementor-654\" data-elementor-post-type=\"page\">\n\t\t\t\t\t\t<section class=\"elementor-section elementor-top-section elementor-element elementor-element-6e9a1cf elementor-section-boxed elementor-section-height-default elementor-section-height-default\" data-id=\"6e9a1cf\" data-element_type=\"section\" data-e-type=\"section\">\n\t\t\t\t\t\t<div class=\"elementor-container elementor-column-gap-default\">\n\t\t\t\t\t<div class=\"elementor-column elementor-col-100 elementor-top-column elementor-element elementor-element-0e33ebc\" data-id=\"0e33ebc\" data-element_type=\"column\" data-e-type=\"column\">\n\t\t\t<div class=\"elementor-widget-wrap elementor-element-populated\">\n\t\t\t\t\t\t<div class=\"elementor-element elementor-element-75bdbe2 elementor-widget elementor-widget-eael-post-timeline\" data-id=\"75bdbe2\" data-element_type=\"widget\" data-e-type=\"widget\" data-widget_type=\"eael-post-timeline.default\">\n\t\t\t\t<div class=\"elementor-widget-container\">\n\t\t\t\t\t<div id=\"eael-post-timeline-75bdbe2\" class=\"eael-post-timeline timeline-layout-default eael-post-timeline-arrow-\">\n            <div class=\"eael-post-timeline eael-post-appender eael-post-appender-75bdbe2\"><article class=\"eael-timeline-post eael-timeline-column\">\n    <div class=\"eael-timeline-bullet\"><\/div>\n    <div class=\"eael-timeline-post-inner\">\n        <a class=\"eael-timeline-post-link\" href=\"https:\/\/anamoreira.pt\/cmi\/2020\/01\/01\/iogurte-de-frutos-silvestres\/\" title=\"Iogurte de Frutos Silvestres\">\n            <time datetime=\"1 de Janeiro, 2020\">1 de Janeiro, 2020<\/time>\n            <div class=\"eael-timeline-post-image  attachment-medium size-medium\" style=\"background-image: url(https:\/\/anamoreira.pt\/cmi\/wp-content\/uploads\/2020\/01\/iogurte_framboesa-300x225-1.jpg);\"><\/div><div class=\"eael-timeline-post-excerpt\"><p>Ingredientes \u2013 100 grs de doce de frutos silvestres (sem...<\/p><\/div><div class=\"eael-timeline-post-title\">\n                    <h2 class=\"eael-timeline-post-title-text\">Iogurte de Frutos Silvestres<\/h2>\n                <\/div><\/a>\n    <\/div>\n<\/article><article class=\"eael-timeline-post eael-timeline-column\">\n    <div class=\"eael-timeline-bullet\"><\/div>\n    <div class=\"eael-timeline-post-inner\">\n        <a class=\"eael-timeline-post-link\" href=\"https:\/\/anamoreira.pt\/cmi\/2020\/01\/01\/pao-na-maquina-de-fazer-pao\/\" title=\"P\u00e3o \u2013 Na m\u00e1quina de fazer P\u00e3o\">\n            <time datetime=\"1 de Janeiro, 2020\">1 de Janeiro, 2020<\/time>\n            <div class=\"eael-timeline-post-image  attachment-medium size-medium\" style=\"background-image: url();\"><\/div><div class=\"eael-timeline-post-excerpt\"><p>Colocar os seguintes ingredientes, respeitando esta ordem: \u00c1gua, 500 ml;...<\/p><\/div><div class=\"eael-timeline-post-title\">\n                    <h2 class=\"eael-timeline-post-title-text\">P\u00e3o \u2013 Na m\u00e1quina de fazer P\u00e3o<\/h2>\n                <\/div><\/a>\n    <\/div>\n<\/article><article class=\"eael-timeline-post eael-timeline-column\">\n    <div class=\"eael-timeline-bullet\"><\/div>\n    <div class=\"eael-timeline-post-inner\">\n        <a class=\"eael-timeline-post-link\" href=\"https:\/\/anamoreira.pt\/cmi\/2020\/01\/01\/bolo-de-chocolate\/\" title=\"Bolo de chocolate\">\n            <time datetime=\"1 de Janeiro, 2020\">1 de Janeiro, 2020<\/time>\n            <div class=\"eael-timeline-post-image  attachment-medium size-medium\" style=\"background-image: url();\"><\/div><div class=\"eael-timeline-post-excerpt\"><p>Bolo de chocolate, SEM LEITE E SEM MANTEIGA Bata, durante...<\/p><\/div><div class=\"eael-timeline-post-title\">\n                    <h2 class=\"eael-timeline-post-title-text\">Bolo de chocolate<\/h2>\n                <\/div><\/a>\n    <\/div>\n<\/article><article class=\"eael-timeline-post eael-timeline-column\">\n    <div class=\"eael-timeline-bullet\"><\/div>\n    <div class=\"eael-timeline-post-inner\">\n        <a class=\"eael-timeline-post-link\" href=\"https:\/\/anamoreira.pt\/cmi\/2020\/01\/01\/pao-escuro-na-maquina-de-fazer-pao\/\" title=\"P\u00e3o escuro \u2013 Na m\u00e1quina de fazer P\u00e3o\">\n            <time datetime=\"1 de Janeiro, 2020\">1 de Janeiro, 2020<\/time>\n            <div class=\"eael-timeline-post-image  attachment-medium size-medium\" style=\"background-image: url();\"><\/div><div class=\"eael-timeline-post-excerpt\"><p>Colocar os seguintes ingredientes, respeitando a ordem:\u00c1gua, 325 ml;Flor de...<\/p><\/div><div class=\"eael-timeline-post-title\">\n                    <h2 class=\"eael-timeline-post-title-text\">P\u00e3o escuro \u2013 Na m\u00e1quina de fazer P\u00e3o<\/h2>\n                <\/div><\/a>\n    <\/div>\n<\/article><article class=\"eael-timeline-post eael-timeline-column\">\n    <div class=\"eael-timeline-bullet\"><\/div>\n    <div class=\"eael-timeline-post-inner\">\n        <a class=\"eael-timeline-post-link\" href=\"https:\/\/anamoreira.pt\/cmi\/2020\/01\/01\/paezinhos-da-padeira\/\" title=\"P\u00e3ezinhos da Padeira\">\n            <time datetime=\"1 de Janeiro, 2020\">1 de Janeiro, 2020<\/time>\n            <div class=\"eael-timeline-post-image  attachment-medium size-medium\" style=\"background-image: url();\"><\/div><div class=\"eael-timeline-post-excerpt\"><p>Colocar por esta ordem os ingredientes na m\u00e1quina do p\u00e3o:50...<\/p><\/div><div class=\"eael-timeline-post-title\">\n                    <h2 class=\"eael-timeline-post-title-text\">P\u00e3ezinhos da Padeira<\/h2>\n                <\/div><\/a>\n    <\/div>\n<\/article><article class=\"eael-timeline-post eael-timeline-column\">\n    <div class=\"eael-timeline-bullet\"><\/div>\n    <div class=\"eael-timeline-post-inner\">\n        <a class=\"eael-timeline-post-link\" href=\"https:\/\/anamoreira.pt\/cmi\/2020\/01\/01\/iogurte-de-coco\/\" title=\"Iogurte de coco\">\n            <time datetime=\"1 de Janeiro, 2020\">1 de Janeiro, 2020<\/time>\n            <div class=\"eael-timeline-post-image  attachment-medium size-medium\" style=\"background-image: url(https:\/\/anamoreira.pt\/cmi\/wp-content\/uploads\/2020\/01\/coco_iogurte.jpg);\"><\/div><div class=\"eael-timeline-post-excerpt\"><p>Ingredientes\u2013 50 grs de coco ralado;\u2013 500 grs leite vegetal;\u2013...<\/p><\/div><div class=\"eael-timeline-post-title\">\n                    <h2 class=\"eael-timeline-post-title-text\">Iogurte de coco<\/h2>\n                <\/div><\/a>\n    <\/div>\n<\/article><article class=\"eael-timeline-post eael-timeline-column\">\n    <div class=\"eael-timeline-bullet\"><\/div>\n    <div class=\"eael-timeline-post-inner\">\n        <a class=\"eael-timeline-post-link\" href=\"https:\/\/anamoreira.pt\/cmi\/2019\/12\/31\/receitas-pessoais\/\" title=\"Receitas Pessoais\">\n            <time datetime=\"31 de Dezembro, 2019\">31 de Dezembro, 2019<\/time>\n            <div class=\"eael-timeline-post-image  attachment-medium size-medium\" style=\"background-image: url();\"><\/div><div class=\"eael-timeline-post-excerpt\"><p>Receita de p\u00e3o, na m\u00e1quina de p\u00e3o: Colocar os seguintes...<\/p><\/div><div class=\"eael-timeline-post-title\">\n                    <h2 class=\"eael-timeline-post-title-text\">Receitas Pessoais<\/h2>\n                <\/div><\/a>\n    <\/div>\n<\/article><article class=\"eael-timeline-post eael-timeline-column\">\n    <div class=\"eael-timeline-bullet\"><\/div>\n    <div class=\"eael-timeline-post-inner\">\n        <a class=\"eael-timeline-post-link\" href=\"https:\/\/anamoreira.pt\/cmi\/2020\/01\/01\/iogurte-de-aveia\/\" title=\"Iogurte de aveia\">\n            <time datetime=\"1 de Janeiro, 2020\">1 de Janeiro, 2020<\/time>\n            <div class=\"eael-timeline-post-image  attachment-medium size-medium\" style=\"background-image: url(https:\/\/anamoreira.pt\/cmi\/wp-content\/uploads\/2020\/01\/iogurte_com_aveia-300x200-1.jpg);\"><\/div><div class=\"eael-timeline-post-excerpt\"><p>Ingredientes \u2013 500 grs leite vegetal; \u2013 60 grs de...<\/p><\/div><div class=\"eael-timeline-post-title\">\n                    <h2 class=\"eael-timeline-post-title-text\">Iogurte de aveia<\/h2>\n                <\/div><\/a>\n    <\/div>\n<\/article><\/div>\n\t\t<\/div>            <div class=\"eael-load-more-button-wrap eael-force-hide\">\n                <button class=\"eael-load-more-button\" id=\"eael-load-more-btn-75bdbe2\" data-widget-id=\"75bdbe2\" data-widget=\"75bdbe2\" data-page-id=\"654\" data-template=\"{&quot;dir&quot;:&quot;lite&quot;,&quot;file_name&quot;:&quot;default.php&quot;,&quot;name&quot;:&quot;Post-Timeline&quot;}\" data-class=\"Essential_Addons_Elementor\\Elements\\Post_Timeline\" data-layout=\"\" data-page=\"1\" data-args=\"orderby=rand&amp;order=desc&amp;ignore_sticky_posts=1&amp;post_status=publish&amp;posts_per_page=8&amp;post_type=post&amp;tax_query%5B0%5D%5Btaxonomy%5D=category&amp;tax_query%5B0%5D%5Bfield%5D=term_id&amp;tax_query%5B0%5D%5Bterms%5D%5B0%5D=23&amp;tax_query%5Brelation%5D=AND\" data-max-page=\"2\">\n                    <span class=\"eael-btn-loader button__loader\"><\/span>\n                    <span class=\"eael_load_more_text\"><\/span>\n                <\/button>\n            <\/div>\n            \t\t\t\t<\/div>\n\t\t\t\t<\/div>\n\t\t\t\t\t<\/div>\n\t\t<\/div>\n\t\t\t\t\t<\/div>\n\t\t<\/section>\n\t\t\t\t<section class=\"elementor-section elementor-top-section elementor-element elementor-element-3461e99 elementor-section-boxed elementor-section-height-default elementor-section-height-default\" data-id=\"3461e99\" data-element_type=\"section\" data-e-type=\"section\">\n\t\t\t\t\t\t<div class=\"elementor-container elementor-column-gap-default\">\n\t\t\t\t\t<div class=\"elementor-column elementor-col-100 elementor-top-column elementor-element elementor-element-0d7ac3f\" data-id=\"0d7ac3f\" data-element_type=\"column\" data-e-type=\"column\">\n\t\t\t<div class=\"elementor-widget-wrap elementor-element-populated\">\n\t\t\t\t\t\t<div class=\"elementor-element elementor-element-9515b95 elementor-widget elementor-widget-text-editor\" data-id=\"9515b95\" data-element_type=\"widget\" data-e-type=\"widget\" data-widget_type=\"text-editor.default\">\n\t\t\t\t<div class=\"elementor-widget-container\">\n\t\t\t\t\t\t\t\t\t<p><a href=\"\/cmi\/mais-informacoes-alimentacao\/\">[voltar]<\/a><\/p>\t\t\t\t\t\t\t\t<\/div>\n\t\t\t\t<\/div>\n\t\t\t\t\t<\/div>\n\t\t<\/div>\n\t\t\t\t\t<\/div>\n\t\t<\/section>\n\t\t\t\t<\/div>\n\t\t","protected":false},"excerpt":{"rendered":"<p>31 de Dezembro, 2019 Receita de p\u00e3o, na m\u00e1quina de p\u00e3o: Colocar os seguintes&#8230; Receitas Pessoais 1 de Janeiro, 2020 Ingredientes \u2013 500 grs leite vegetal; \u2013 60 grs de&#8230; Iogurte de aveia 1 de Janeiro, 2020 Para intolerantes ao [&hellip;]<\/p>\n","protected":false},"author":1,"featured_media":0,"parent":0,"menu_order":0,"comment_status":"closed","ping_status":"closed","template":"page-templates\/page_fullwidth.php","meta":{"footnotes":""},"class_list":["post-654","page","type-page","status-publish","hentry","clearfix"],"_links":{"self":[{"href":"https:\/\/anamoreira.pt\/cmi\/wp-json\/wp\/v2\/pages\/654","targetHints":{"allow":["GET"]}}],"collection":[{"href":"https:\/\/anamoreira.pt\/cmi\/wp-json\/wp\/v2\/pages"}],"about":[{"href":"https:\/\/anamoreira.pt\/cmi\/wp-json\/wp\/v2\/types\/page"}],"author":[{"embeddable":true,"href":"https:\/\/anamoreira.pt\/cmi\/wp-json\/wp\/v2\/users\/1"}],"replies":[{"embeddable":true,"href":"https:\/\/anamoreira.pt\/cmi\/wp-json\/wp\/v2\/comments?post=654"}],"version-history":[{"count":7,"href":"https:\/\/anamoreira.pt\/cmi\/wp-json\/wp\/v2\/pages\/654\/revisions"}],"predecessor-version":[{"id":1727,"href":"https:\/\/anamoreira.pt\/cmi\/wp-json\/wp\/v2\/pages\/654\/revisions\/1727"}],"wp:attachment":[{"href":"https:\/\/anamoreira.pt\/cmi\/wp-json\/wp\/v2\/media?parent=654"}],"curies":[{"name":"wp","href":"https:\/\/api.w.org\/{rel}","templated":true}]}}