{"id":780,"date":"2020-01-01T19:35:34","date_gmt":"2020-01-01T19:35:34","guid":{"rendered":"https:\/\/anamoreira.km35633-02.keymachine.de\/cmi\/?page_id=780"},"modified":"2020-03-07T23:15:19","modified_gmt":"2020-03-07T23:15:19","slug":"mais-informacoes-conselhos-pensamentos","status":"publish","type":"page","link":"https:\/\/anamoreira.pt\/cmi\/mais-informacoes-conselhos-pensamentos\/","title":{"rendered":"Mais Informa\u00e7\u00f5es | Conselhos | Pensamentos"},"content":{"rendered":"\t\t<div data-elementor-type=\"wp-page\" data-elementor-id=\"780\" class=\"elementor elementor-780\" data-elementor-post-type=\"page\">\n\t\t\t\t\t\t<section class=\"elementor-section elementor-top-section elementor-element elementor-element-74926eb elementor-section-boxed elementor-section-height-default elementor-section-height-default\" data-id=\"74926eb\" data-element_type=\"section\" data-e-type=\"section\">\n\t\t\t\t\t\t<div class=\"elementor-container elementor-column-gap-default\">\n\t\t\t\t\t<div class=\"elementor-column elementor-col-100 elementor-top-column elementor-element elementor-element-820fd3c\" data-id=\"820fd3c\" data-element_type=\"column\" data-e-type=\"column\">\n\t\t\t<div class=\"elementor-widget-wrap elementor-element-populated\">\n\t\t\t\t\t\t<div class=\"elementor-element elementor-element-2648142 elementor-widget elementor-widget-eael-adv-tabs\" data-id=\"2648142\" data-element_type=\"widget\" data-e-type=\"widget\" data-widget_type=\"eael-adv-tabs.default\">\n\t\t\t\t<div class=\"elementor-widget-container\">\n\t\t\t\t\t        <div data-scroll-on-click=\"no\" data-scroll-speed=\"300\" id=\"eael-advance-tabs-2648142\" class=\"eael-advance-tabs eael-tabs-horizontal eael-tab-auto-active \" data-tabid=\"2648142\">\n            <div class=\"eael-tabs-nav \">\n                <ul class=\"eael-tab-inline-icon\" role=\"tablist\">\n                                            <li id=\"no-culpes-a-nadie\" class=\"inactive eael-tab-item-trigger eael-tab-nav-item\" aria-selected=\"true\" data-tab=\"1\" role=\"tab\" tabindex=\"0\" aria-controls=\"no-culpes-a-nadie-tab\" aria-expanded=\"false\">\n                            \n                                                        \n                                                            <span class=\"eael-tab-title title-after-icon\" >No culpes a Nadie<\/span>                            \n                                                    <\/li>\n                                            <li id=\"o-suficiente\" class=\"inactive eael-tab-item-trigger eael-tab-nav-item\" aria-selected=\"false\" data-tab=\"2\" role=\"tab\" tabindex=\"-1\" aria-controls=\"o-suficiente-tab\" aria-expanded=\"false\">\n                            \n                                                        \n                                                            <span class=\"eael-tab-title title-after-icon\" >O suficiente<\/span>                            \n                                                    <\/li>\n                                            <li id=\"pensamentos\" class=\"inactive eael-tab-item-trigger eael-tab-nav-item\" aria-selected=\"false\" data-tab=\"3\" role=\"tab\" tabindex=\"-1\" aria-controls=\"pensamentos-tab\" aria-expanded=\"false\">\n                            \n                                                        \n                                                            <span class=\"eael-tab-title title-after-icon\" >Pensamentos<\/span>                            \n                                                    <\/li>\n                                            <li id=\"un-mensaje-por-george-carlin\" class=\"inactive eael-tab-item-trigger eael-tab-nav-item\" aria-selected=\"false\" data-tab=\"4\" role=\"tab\" tabindex=\"-1\" aria-controls=\"un-mensaje-por-george-carlin-tab\" aria-expanded=\"false\">\n                            \n                                                        \n                                                            <span class=\"eael-tab-title title-after-icon\" >Un mensaje por George Carlin<\/span>                            \n                                                    <\/li>\n                                            <li id=\"se-podes-manter-a-cabea-por-rudyard-kipling\" class=\"inactive eael-tab-item-trigger eael-tab-nav-item\" aria-selected=\"false\" data-tab=\"5\" role=\"tab\" tabindex=\"-1\" aria-controls=\"se-podes-manter-a-cabea-por-rudyard-kipling-tab\" aria-expanded=\"false\">\n                            \n                                                        \n                                                            <span class=\"eael-tab-title title-after-icon\" >\u201cSe podes manter a cabe\u00e7a&#8230;\u201d por Rudyard Kipling<\/span>                            \n                                                    <\/li>\n                    \n                                  <\/ul>\n            <\/div>\n            \n            <div class=\"eael-tabs-content\">\n\t\t        \n                    <div id=\"no-culpes-a-nadie-tab\" class=\"clearfix eael-tab-content-item inactive\" data-title-link=\"no-culpes-a-nadie-tab\">\n\t\t\t\t        <p>Nunca te quejes de nadie, ni de nada, porque fundamentalmente Tu has hecho lo que<br \/>quer\u00edas en Tu vida.<br \/>Acepta la dificultad de edificarte a ti mismo y el valor de empezar corrigi\u00e9ndote El triunfo<br \/>del verdadero hombre surge de las cenizas de su error.<br \/>Nunca te quejes de Tu soledad o de Tu suerte, enfr\u00e9ntala con valor y ac\u00e9ptala.De una<br \/>manera u otra es el resultado de tus actos y prueba que Tu siempre has de ganar.<br \/>No te amargues de Tu propio fracaso ni se lo cargues a otro, ac\u00e9ptate ahora o seguir\u00e1s<br \/>justific\u00e1ndote como un ni\u00f1o.<\/p><p>Recuerda que cualquier momento es bueno para comenzar y que ninguno es tan terrible<br \/>para claudicar.<\/p><p>No olvides que la causa de Tu presente es Tu pasado as\u00ed como la causa deTu futuro<br \/>ser\u00e1 Tu presente.<\/p><p>Aprende de los audaces, de los fuertes, de quien no acepta situaciones, de quien vivir\u00e1 a<br \/>pesar de todo, piensa menos en tus problemas y m\u00e1s en Tu trabajo y tus problemas<br \/>sin alimentarlos morir\u00e1n.<\/p><p>Aprende a nacer desde el dolor y a ser m\u00e1s grande que el m\u00e1s grande de los obst\u00e1culos,<\/p><p>M\u00edrate en el espejo de ti mismo y ser\u00e1s libre y fuerte y dejar\u00e1s de ser un t\u00edtere<br \/>de las circunstancias porque Tu mismo eres Tu destino.<\/p><p>Lev\u00e1ntate y mira el sol por las ma\u00f1anas y respira la luz del amanecer.<\/p><p>T\u00fa eres parte de la fuerza de Tu vida, ahora despi\u00e9rtate, lucha, camina,<\/p><p>Dec\u00eddete y triunfar\u00e1s en la vida; nunca pienses en la suerte, porque la suerte es:<br \/>el pretexto de los fracasados.<\/p><p>?Pablo Neruda<\/p>                    <\/div>\n\t\t        \n                    <div id=\"o-suficiente-tab\" class=\"clearfix eael-tab-content-item inactive\" data-title-link=\"o-suficiente-tab\">\n\t\t\t\t        <p>H\u00e1 pouco tempo, estava no aeroporto e vi m\u00e3e e filha a despedirem-se.<\/p><p>Quando anunciaram a partida, elas abra\u00e7aram-se e a m\u00e3e disse:<br \/>\u2013 Eu amo-te. Desejo-te o suficiente.<\/p><p>A filha respondeu:<\/p><p>\u2013 M\u00e3e, a nossa vida juntas tem sido mais do que suficiente. O teu amor \u00e9 tudo o que sempre precisei. Eu tamb\u00e9m te desejo o suficiente.<\/p><p>Elas beijaram-se e a filha partiu.<\/p><p>A m\u00e3e passou por mim e encostou-se \u00e0 parede.<\/p><p>Pude ver que ela queria, e precisava, de chorar.<\/p><p>Tentei n\u00e3o me intrometer nesse momento, mas ela dirigiu-se a mim e perguntou:<\/p><p>\u2013 J\u00e1 se despediu de algu\u00e9m sabendo que seria para sempre?<\/p><p>\u2013 J\u00e1 \u2013 respondi. \u2013 Desculpe a pergunta, mas por que foi um adeus para sempre?<\/p><p>\u2013 Estou velha e ela vive t\u00e3o longe daqui! Tenho desafios \u00e0 minha<br \/>frente e a verdade \u00e9 que a pr\u00f3xima viagem dela para c\u00e1, ser\u00e1 para o meu funeral.<\/p><p>\u2013 Quando estavam a despedir-se, ouvi que lhe disse: \u201cDesejo-te o suficiente\u201d. Posso saber o que isso significa?<\/p><p>Ela come\u00e7ou a sorrir.<\/p><p>\u2013 \u00c9 um desejo que tem sido passado de gera\u00e7\u00e3o em gera\u00e7\u00e3o na minha fam\u00edlia. Os meus pais costumavam dizer isso a todos.<\/p><p>Ela parou por um instante e olhou para o alto como se estivesse a tentar lembrar-se dos detalhes e sorriu mais ainda.<\/p><p>\u2013 Quando dizemos \u201cDesejo-te o suficiente\u201d, estamos a desejar uma vida cheia de coisas boas o suficiente para que a pessoa se ampare nelas.<\/p><p>Ent\u00e3o, virando-se para mim, disse como se estivesse a recitar:<\/p><p>\u2013 Desejo-te sol o suficiente para que continues a ter essa atitude radiante.<br \/>\u2013 Desejo-te chuva o suficiente para que possas apreciar mais o sol.<br \/>\u2013 Desejo-te felicidade o suficiente para que mantenhas o teu esp\u00edrito alegre.<br \/>\u2013 Desejo-te dor o suficiente para que as menores alegrias na vida pare\u00e7am muito maiores.<br \/>\u2013 Desejo-te que ganhes o suficiente para satisfazeres os teus pequenos desejos materiais.<br \/>\u2013 Desejo-te perdas o suficiente para que aprecies tudo o que possuis.<br \/>\u2013 Desejo-te \u201col\u00e1s\u201d em n\u00famero suficiente para que chegues ao adeus final.<\/p><p>Ela come\u00e7ou ent\u00e3o a solu\u00e7ar e afastou-se.<\/p><p>Dizem que leva um minuto para encontrar uma pessoa especial, uma hora para apreci\u00e1-la, um dia para am\u00e1-la, mas uma vida inteira para esquec\u00ea-la.<\/p>                    <\/div>\n\t\t        \n                    <div id=\"pensamentos-tab\" class=\"clearfix eael-tab-content-item inactive\" data-title-link=\"pensamentos-tab\">\n\t\t\t\t        <p>\u201c\u00c9 mais f\u00e1cil desintegrar um \u00e1tomo do que um preconceito\u201d \u2013 Albert Einstein<\/p><p>\u201cLa ficcion de hoy, es la ciencia de manana.\u201d \u2013 Dr. K Parvathi kumar<\/p><p>\u201cA transforma\u00e7\u00e3o pessoal requer substitui\u00e7\u00e3o de velhos h\u00e1bitos por novos.\u201d \u2013 W. A. Peterson Osmar<\/p><p>\u201cO que temos que aprender, aprendemos a fazer.\u201d \u2013 Arist\u00f3teles<\/p><p>\u201cConhecer-se a si mesmo \u00e9 o maior saber.\u201d \u2013 Galileo Galilei<\/p><p>\u201cO homem nunca sabe do que \u00e9 capaz at\u00e9 o tentar.\u201d \u2013 Charles Dickens<\/p><p>\u201cTodo o conhecimento come\u00e7a pelas sensa\u00e7\u00f5es.\u201d \u2013 Leonardo da Vinci<\/p><p>\u201cEscutar \u00e9 o caminho mais r\u00e1pido para o conhecimento.\u201d \u2013 J. L. Vives<\/p><p>\u201cA vida \u00e9 um projecto que termina na eternidade\u2026\u201d \u2013 Autor desconhecido<\/p><p>\u201cVive de forma mais simples, para que outros possam simplesmente viver\u2026\u201d \u2013 Mahatma Gandhi<\/p><p>\u201c\u2026a mente que se abre a uma nova ideia jamais regressar\u00e1 ao seu tamanho original\u2026\u201d \u2013 Albert Einstein<\/p><p>\u201cDesenvolve a tua consci\u00eancia. De que te serve que o mundo seja \u201clargo\u201d, se os teus sapatos s\u00e3o estreitos?\u201d \u2013 Alejandro Jodorowsky<\/p><p>\u201cA vida \u00e9 demasiado curta, para perderes o teu tempo a detestar quem quer que seja.\u201d \u2013 Autor desconhecido<\/p><p>\u201cTrabalha como se n\u00e3o precisasses do dinheiro\u2026\u201d \u2013 Autor desconhecido<\/p><p>\u201cFaz as pazes com o teu passado, de forma a n\u00e3o complicares o presente.\u201d \u2013 Autor desconhecido<\/p><p>\u201cRespira fundo. Isto acalma o espirito.\u201d \u2013 Autor desconhecido<\/p><p>\u201cO tempo cura quase tudo. D\u00e1 tempo ao tempo.\u201d \u2013 Autor desconhecido<\/p><p>O valor do Ser humano n\u00e3o \u00e9 medido segundo aquilo que tem, e sim segundo aquilo que ele \u00e9.\u201d \u2013 Albert Einstein \u2013 F\u00edsico alem\u00e3o, 1879-1955<\/p><p>\u201cSe um dia tiver que escolher entre o mundo e o amor, lembre-se: se escolher o mundo, ficar\u00e1 sem o amor, mas, se escolher o amor, com ele conquistar\u00e1 o mundo.\u201c \u2013 Albert Einstein \u2013 F\u00edsico alem\u00e3o, 1879-1955<\/p><p>\u201cNunca se ache demais, pois tudo o que \u00e9 demais sobra, tudo o que sobra \u00e9 resto e tudo o que \u00e9 resto vai para o lixo.\u201d \u2013 Autor desconhecido<\/p><p>\u201cN\u00e3o venci todas as vezes que lutei, mas perdi todas as vezes que deixei de lutar.\u201d \u2013 Autor desconhecido<\/p><p>\u201cToda a Verdade passa por tr\u00eas fases. Primeiro, \u00e9 ridicularizada. Segundo, \u00e9 violentamente atacada. Terceiro, \u00e9 aceite como evidente\u201d \u2013 Schopenhauer<\/p><p>\u201cO caminho para a felicidade n\u00e3o \u00e9 recto. Existem curvas chamadas equ\u00edvocos, existem sem\u00e1foros chamados amigos, luzes de cautela chamadas Fam\u00edlia, e (quando conduzes para e pela tua felicidade) tudo se consegue se tens (contigo ou dentro de ti):<br \/>\u2013 um sobresselente chamado DECIS\u00c3O,<br \/>\u2013 um motor poderoso chamado AMOR,<br \/>\u2013 um bom seguro chamado F\u00e9,<br \/>\u2013 combust\u00edvel abundante chamado PACI\u00caNCIA,<br \/>\u2013 mas acima de tudo um motorista habilidoso chamado DEUS!\u201d \u2013 Gandhi<\/p>                    <\/div>\n\t\t        \n                    <div id=\"un-mensaje-por-george-carlin-tab\" class=\"clearfix eael-tab-content-item inactive\" data-title-link=\"un-mensaje-por-george-carlin-tab\">\n\t\t\t\t        <p>La paradoja de nuestro tiempo es que tenemos edificios mas altos y temperamentos mas reducidos, carreteras mas anchas y puntos de vista mas estrechos. Gastamos mas pero tenemos menos, compramos mas pero disfrutamos menos. Tenemos casas mas grandes y familias mas chicas, mayores comodidades y menos tiempo. Tenemos mas grados acad\u00e9micos pero menos sentido com\u00fan, mayor conocimiento pero menor capacidad de juicio, mas expertos pero mas problemas, mejor medicina pero menor bienestar.<\/p><p>Bebemos demasiado, fumamos demasiado, despilfarramos demasiado, reimos muy poco, manejamos muy r\u00e1pido, nos enojamos demasiado, nos desvelamos demasiado, amanecemos cansados, leemos muy poco, vemos demasiado televisi\u00f3n y oramos muy rara vez.<\/p><p>Hemos multiplicado nuestras posesiones pero reducido nuestros valores. Hablamos demasiado, amamos demasiado poco y odiamos muy frecuentemente.<\/p><p>Hemos aprendido a ganarnos la vida, pero no a vivir. A\u00f1adimos a\u00f1os a nuestras vidas, no vida a nuestros a\u00f1os. Hemos logrado ir y volver de la luna, pero se nos dificulta cruzar la calle para conocer a un nuevo vecino. Conquistamos el espacio exterior, pero no el interior. Hemos hecho grandes cosas, pero no por ello mejores.<\/p><p>Hemos limpiado el aire, pero contaminamos nuestra alma. Conquistamos el \u00e1tomo, pero no nuestros prejuicios. Escribimos mas pero aprendemos menos. Planeamos mas pero logramos menos. Hemos aprendido a apresurarnos, pero no a esperar. Producimos computadoras que pueden procesar mayor informacion y difundirla, pero nos comunicamos cada vez menos y menos.<\/p><p>Estos son tiempos de comidas r\u00e1pidas y digesti\u00f3n lenta, de hombres de gran talla y cortedad de car\u00e1cter, de enormes ganancias econ\u00f3micas y relaciones humanas superficiales. Hoy en d\u00eda hay dos ingresos pero mas divorcios, casas mas lujosas pero hogares rotos. Son tiempos de viajes r\u00e1pidos, pa\u00f1ales desechables, moral descartable, acostones de una noche, cuerpos obesos, y p\u00edldoras que hacen todo, desde alegrar y apaciguar, hasta matar. Son tiempos en que hay mucho en el escaparate y muy poco en la bodega.<\/p><p>Acu\u00e9rdate de pasar alg\u00fan tiempo con tus seres queridos porque ellos no estar\u00e1n aqui siempre.<\/p><p>Acu\u00e9rdate de ser amable con quien ahora te admira, porque esa personita crecer\u00e1 muy pronto y se alejar\u00e1 de ti.<\/p><p>Acu\u00e9rdate de abrazar a quien tienes cerca porque ese es el \u00fanico tesoro que puedes dar con el coraz\u00f3n, sin que te cueste ni un centavo.<\/p><p>Acu\u00e9rdate de decir te amo a tu pareja y a tus seres queridos, pero sobre todo dilo sinceramente. Un beso y un abrazo pueden reparar una herida cuando se dan con toda el alma.<\/p><p>Acu\u00e9rdate de tomarte de la mano con tu ser querido y atesorar ese momento, porque un d\u00eda esa persona ya no estar\u00e1 contigo.<\/p><p>Date tiempo para amar y para conversar, y comparte tus mas preciadas ideas.<\/p><p>Y siempre recuerda:<\/p><p>La vida no se mide por el n\u00famero de veces que tomamos aliento, sino por los extraordinarios momentos que nos lo quitan.<\/p><p>George Carlin.<\/p>                    <\/div>\n\t\t        \n                    <div id=\"se-podes-manter-a-cabea-por-rudyard-kipling-tab\" class=\"clearfix eael-tab-content-item inactive\" data-title-link=\"se-podes-manter-a-cabea-por-rudyard-kipling-tab\">\n\t\t\t\t        <p>\u201cSe podes manter a cabe\u00e7a no lugar quando todos \u00e0 tua volta<br \/>a perderam e culpam-te a ti.<br \/>Se podes continuar a acreditar em ti pr\u00f3prio, quando todos duvidam de ti,<br \/>mas tamb\u00e9m aceitas que tenham d\u00favidas.<br \/>Se podes esperar e n\u00e3o te cansares da espera;<br \/>ou se, sendo enganado, n\u00e3o respondes com mentiras.<br \/>ou se, sendo odiado, n\u00e3o incorres no \u00f3dio.<br \/>E ainda assim n\u00e3o te d\u00e1s de bom, nem de s\u00e1bio.<\/p><p>Se podes sonhar sem que os sonhos te dominem.<br \/>Se podes pensar e n\u00e3o fazer dos teus pensamentos o teu \u00fanico objectivo.<br \/>Se podes encontrar-te com a vit\u00f3ria e a derrota,<br \/>e tratar esses dois impostores da mesma maneira.<br \/>Se consegues suportar ouvir a verdade que disseste,<br \/>Distorcida por vil\u00f5es para enganar tolos.<br \/>Ou ver como se destr\u00f3i tudo aquilo por que deste a vida,<br \/>E \u201carrega\u00e7ar as mangas\u201d para reconstru\u00ed-lo, com as ferramentas gastas.<\/p><p>\u00a0<\/p><p>Se podes acumular todos os teus ganhos<br \/>E arriscares numa \u00fanica jogada;<br \/>E perder, e come\u00e7ar de novo desde o princ\u00edpio<br \/>E nunca dizer nem uma palavra sobre a tua perda.<br \/>Se podes for\u00e7ar o teu cora\u00e7\u00e3o, os teus nervos e tend\u00f5es,<br \/>A cumprir com os teus objectivos muito depois de eles estarem acabados,<br \/>E assim resistir quando j\u00e1 n\u00e3o tens mais nada<br \/>Excepto a Vontade, que lhes diz: Resista!<\/p><p>\u00a0<\/p><p>Se podes falar para uma multid\u00e3o e manter a tua virtude<br \/>Ou caminhas junto a reis, sem menosprezar as pessoas comuns.<br \/>Se nem amigos, nem inimigos podem ferir-te.<br \/>Se todos podem contar contigo, mas nenhum demasiado.<br \/>Se podes preencher o implac\u00e1vel minuto,<br \/>Com sessenta segundos de trabalho activo<br \/>Tua \u00e9 a Terra e tudo o que h\u00e1 nela,<br \/>e \u2013 O que \u00e9 mais \u2013 ser\u00e1s um Homem, meu filho!\u201d<\/p><p>Autor: Rudyard Kipling<\/p>                    <\/div>\n\t\t                    <\/div>\n        <\/div>\n\t\t\t\t<\/div>\n\t\t\t\t<\/div>\n\t\t\t\t\t<\/div>\n\t\t<\/div>\n\t\t\t\t\t<\/div>\n\t\t<\/section>\n\t\t\t\t<section class=\"elementor-section elementor-top-section elementor-element elementor-element-0d2cc8c elementor-section-boxed elementor-section-height-default elementor-section-height-default\" data-id=\"0d2cc8c\" data-element_type=\"section\" data-e-type=\"section\">\n\t\t\t\t\t\t<div class=\"elementor-container elementor-column-gap-default\">\n\t\t\t\t\t<div class=\"elementor-column elementor-col-100 elementor-top-column elementor-element elementor-element-eae2cce\" data-id=\"eae2cce\" data-element_type=\"column\" data-e-type=\"column\">\n\t\t\t<div class=\"elementor-widget-wrap elementor-element-populated\">\n\t\t\t\t\t\t<div class=\"elementor-element elementor-element-79b7b13 elementor-widget elementor-widget-text-editor\" data-id=\"79b7b13\" data-element_type=\"widget\" data-e-type=\"widget\" data-widget_type=\"text-editor.default\">\n\t\t\t\t<div class=\"elementor-widget-container\">\n\t\t\t\t\t\t\t\t\t<p><a href=\"\/cmi\/mais-informacoes-conselhos\/\">[voltar]<\/a><\/p>\t\t\t\t\t\t\t\t<\/div>\n\t\t\t\t<\/div>\n\t\t\t\t\t<\/div>\n\t\t<\/div>\n\t\t\t\t\t<\/div>\n\t\t<\/section>\n\t\t\t\t<section class=\"elementor-section elementor-top-section elementor-element elementor-element-6c11894e elementor-section-boxed elementor-section-height-default elementor-section-height-default\" data-id=\"6c11894e\" data-element_type=\"section\" data-e-type=\"section\">\n\t\t\t\t\t\t<div class=\"elementor-container elementor-column-gap-default\">\n\t\t\t\t\t<div class=\"elementor-column elementor-col-25 elementor-top-column elementor-element elementor-element-74604e1a\" data-id=\"74604e1a\" data-element_type=\"column\" data-e-type=\"column\">\n\t\t\t<div class=\"elementor-widget-wrap elementor-element-populated\">\n\t\t\t\t\t\t<div class=\"elementor-element elementor-element-3609813c elementor-view-framed elementor-shape-circle elementor-widget elementor-widget-icon\" data-id=\"3609813c\" data-element_type=\"widget\" data-e-type=\"widget\" data-widget_type=\"icon.default\">\n\t\t\t\t<div class=\"elementor-widget-container\">\n\t\t\t\t\t\t\t<div class=\"elementor-icon-wrapper\">\n\t\t\t<a class=\"elementor-icon elementor-animation-shrink\" href=\"\/cmi\/\">\n\t\t\t<i aria-hidden=\"true\" class=\"fas fa-home\"><\/i>\t\t\t<\/a>\n\t\t<\/div>\n\t\t\t\t\t\t<\/div>\n\t\t\t\t<\/div>\n\t\t\t\t<div class=\"elementor-element elementor-element-3c502d27 elementor-widget elementor-widget-heading\" data-id=\"3c502d27\" data-element_type=\"widget\" data-e-type=\"widget\" data-widget_type=\"heading.default\">\n\t\t\t\t<div class=\"elementor-widget-container\">\n\t\t\t\t\t<h5 class=\"elementor-heading-title elementor-size-default\"><a href=\"\/cmi\/\">In\u00edcio<\/a><\/h5>\t\t\t\t<\/div>\n\t\t\t\t<\/div>\n\t\t\t\t\t<\/div>\n\t\t<\/div>\n\t\t\t\t<div class=\"elementor-column elementor-col-25 elementor-top-column elementor-element elementor-element-2e736984\" data-id=\"2e736984\" data-element_type=\"column\" data-e-type=\"column\">\n\t\t\t<div class=\"elementor-widget-wrap elementor-element-populated\">\n\t\t\t\t\t\t<div class=\"elementor-element elementor-element-1153b90c elementor-view-framed elementor-shape-circle elementor-widget elementor-widget-icon\" data-id=\"1153b90c\" data-element_type=\"widget\" data-e-type=\"widget\" data-widget_type=\"icon.default\">\n\t\t\t\t<div class=\"elementor-widget-container\">\n\t\t\t\t\t\t\t<div class=\"elementor-icon-wrapper\">\n\t\t\t<a class=\"elementor-icon elementor-animation-shrink\" href=\"\/cmi\/mais-informacoes-conselhos-conselhos-praticos\/\">\n\t\t\t<i aria-hidden=\"true\" class=\"fas fa-highlighter\"><\/i>\t\t\t<\/a>\n\t\t<\/div>\n\t\t\t\t\t\t<\/div>\n\t\t\t\t<\/div>\n\t\t\t\t<div class=\"elementor-element elementor-element-17602911 elementor-widget elementor-widget-heading\" data-id=\"17602911\" data-element_type=\"widget\" data-e-type=\"widget\" data-widget_type=\"heading.default\">\n\t\t\t\t<div class=\"elementor-widget-container\">\n\t\t\t\t\t<h5 class=\"elementor-heading-title elementor-size-default\"><a href=\"\/cmi\/mais-informacoes-conselhos-conselhos-praticos\/\">Conselhos Pr\u00e1ticos  para o Dia a Dia<\/a><\/h5>\t\t\t\t<\/div>\n\t\t\t\t<\/div>\n\t\t\t\t\t<\/div>\n\t\t<\/div>\n\t\t\t\t<div class=\"elementor-column elementor-col-25 elementor-top-column elementor-element elementor-element-17f35cbc\" data-id=\"17f35cbc\" data-element_type=\"column\" data-e-type=\"column\">\n\t\t\t<div class=\"elementor-widget-wrap elementor-element-populated\">\n\t\t\t\t\t\t<div class=\"elementor-element elementor-element-5bb8c0df elementor-view-framed elementor-shape-circle elementor-widget elementor-widget-icon\" data-id=\"5bb8c0df\" data-element_type=\"widget\" data-e-type=\"widget\" data-widget_type=\"icon.default\">\n\t\t\t\t<div class=\"elementor-widget-container\">\n\t\t\t\t\t\t\t<div class=\"elementor-icon-wrapper\">\n\t\t\t<a class=\"elementor-icon elementor-animation-shrink\" href=\"\/cmi\/mais-informacoes-conselhos-mandalas\/\">\n\t\t\t<i aria-hidden=\"true\" class=\"fas fa-palette\"><\/i>\t\t\t<\/a>\n\t\t<\/div>\n\t\t\t\t\t\t<\/div>\n\t\t\t\t<\/div>\n\t\t\t\t<div class=\"elementor-element elementor-element-7ee246ef elementor-widget elementor-widget-heading\" data-id=\"7ee246ef\" data-element_type=\"widget\" data-e-type=\"widget\" data-widget_type=\"heading.default\">\n\t\t\t\t<div class=\"elementor-widget-container\">\n\t\t\t\t\t<h5 class=\"elementor-heading-title elementor-size-default\"><a href=\"\/cmi\/mais-informacoes-conselhos-mandalas\/\">Mandalas<\/a><\/h5>\t\t\t\t<\/div>\n\t\t\t\t<\/div>\n\t\t\t\t\t<\/div>\n\t\t<\/div>\n\t\t\t\t<div class=\"elementor-column elementor-col-25 elementor-top-column elementor-element elementor-element-3c355081\" data-id=\"3c355081\" data-element_type=\"column\" data-e-type=\"column\">\n\t\t\t<div class=\"elementor-widget-wrap elementor-element-populated\">\n\t\t\t\t\t\t<div class=\"elementor-element elementor-element-45fdd85d elementor-view-framed elementor-shape-circle elementor-widget elementor-widget-icon\" data-id=\"45fdd85d\" data-element_type=\"widget\" data-e-type=\"widget\" data-widget_type=\"icon.default\">\n\t\t\t\t<div class=\"elementor-widget-container\">\n\t\t\t\t\t\t\t<div class=\"elementor-icon-wrapper\">\n\t\t\t<a class=\"elementor-icon elementor-animation-shrink\" href=\"http:\/\/cmi\/mais-informacoes\/\">\n\t\t\t<i aria-hidden=\"true\" class=\"fab fa-readme\"><\/i>\t\t\t<\/a>\n\t\t<\/div>\n\t\t\t\t\t\t<\/div>\n\t\t\t\t<\/div>\n\t\t\t\t<div class=\"elementor-element elementor-element-381ac1b1 elementor-widget elementor-widget-heading\" data-id=\"381ac1b1\" data-element_type=\"widget\" data-e-type=\"widget\" data-widget_type=\"heading.default\">\n\t\t\t\t<div class=\"elementor-widget-container\">\n\t\t\t\t\t<h5 class=\"elementor-heading-title elementor-size-default\"><a href=\"http:\/\/cmi\/mais-informacoes\/\">Mais Informa\u00e7\u00f5es<\/a><\/h5>\t\t\t\t<\/div>\n\t\t\t\t<\/div>\n\t\t\t\t\t<\/div>\n\t\t<\/div>\n\t\t\t\t\t<\/div>\n\t\t<\/section>\n\t\t\t\t<\/div>\n\t\t","protected":false},"excerpt":{"rendered":"<p>No culpes a Nadie O suficiente Pensamentos Un mensaje por George Carlin \u201cSe podes manter a cabe\u00e7a&#8230;\u201d por Rudyard Kipling Nunca te quejes de nadie, ni de nada, porque fundamentalmente Tu has hecho lo que quer\u00edas en Tu vida. Acepta [&hellip;]<\/p>\n","protected":false},"author":1,"featured_media":0,"parent":0,"menu_order":0,"comment_status":"closed","ping_status":"closed","template":"page-templates\/page_fullwidth.php","meta":{"footnotes":""},"class_list":["post-780","page","type-page","status-publish","hentry","clearfix"],"_links":{"self":[{"href":"https:\/\/anamoreira.pt\/cmi\/wp-json\/wp\/v2\/pages\/780","targetHints":{"allow":["GET"]}}],"collection":[{"href":"https:\/\/anamoreira.pt\/cmi\/wp-json\/wp\/v2\/pages"}],"about":[{"href":"https:\/\/anamoreira.pt\/cmi\/wp-json\/wp\/v2\/types\/page"}],"author":[{"embeddable":true,"href":"https:\/\/anamoreira.pt\/cmi\/wp-json\/wp\/v2\/users\/1"}],"replies":[{"embeddable":true,"href":"https:\/\/anamoreira.pt\/cmi\/wp-json\/wp\/v2\/comments?post=780"}],"version-history":[{"count":9,"href":"https:\/\/anamoreira.pt\/cmi\/wp-json\/wp\/v2\/pages\/780\/revisions"}],"predecessor-version":[{"id":1495,"href":"https:\/\/anamoreira.pt\/cmi\/wp-json\/wp\/v2\/pages\/780\/revisions\/1495"}],"wp:attachment":[{"href":"https:\/\/anamoreira.pt\/cmi\/wp-json\/wp\/v2\/media?parent=780"}],"curies":[{"name":"wp","href":"https:\/\/api.w.org\/{rel}","templated":true}]}}