{"id":783,"date":"2020-01-01T19:37:23","date_gmt":"2020-01-01T19:37:23","guid":{"rendered":"https:\/\/anamoreira.km35633-02.keymachine.de\/cmi\/?page_id=783"},"modified":"2020-03-07T23:15:50","modified_gmt":"2020-03-07T23:15:50","slug":"mais-informacoes-conselhos-conselhos-praticos-para-o-dia-a-dia","status":"publish","type":"page","link":"https:\/\/anamoreira.pt\/cmi\/mais-informacoes-conselhos-conselhos-praticos-para-o-dia-a-dia\/","title":{"rendered":"Mais Informa\u00e7\u00f5es | Conselhos | Conselhos Pr\u00e1ticos para o Dia a Dia"},"content":{"rendered":"\t\t<div data-elementor-type=\"wp-page\" data-elementor-id=\"783\" class=\"elementor elementor-783\" data-elementor-post-type=\"page\">\n\t\t\t\t\t\t<section class=\"elementor-section elementor-top-section elementor-element elementor-element-05d980d elementor-section-boxed elementor-section-height-default elementor-section-height-default\" data-id=\"05d980d\" data-element_type=\"section\" data-e-type=\"section\">\n\t\t\t\t\t\t<div class=\"elementor-container elementor-column-gap-default\">\n\t\t\t\t\t<div class=\"elementor-column elementor-col-100 elementor-top-column elementor-element elementor-element-8d872b0\" data-id=\"8d872b0\" data-element_type=\"column\" data-e-type=\"column\">\n\t\t\t<div class=\"elementor-widget-wrap elementor-element-populated\">\n\t\t\t\t\t\t<div class=\"elementor-element elementor-element-93db66d elementor-widget elementor-widget-eael-post-timeline\" data-id=\"93db66d\" data-element_type=\"widget\" data-e-type=\"widget\" data-widget_type=\"eael-post-timeline.default\">\n\t\t\t\t<div class=\"elementor-widget-container\">\n\t\t\t\t\t<div id=\"eael-post-timeline-93db66d\" class=\"eael-post-timeline timeline-layout-default eael-post-timeline-arrow-\">\n            <div class=\"eael-post-timeline eael-post-appender eael-post-appender-93db66d\"><article class=\"eael-timeline-post eael-timeline-column\">\n    <div class=\"eael-timeline-bullet\"><\/div>\n    <div class=\"eael-timeline-post-inner\">\n        <a class=\"eael-timeline-post-link\" href=\"https:\/\/anamoreira.pt\/cmi\/2020\/01\/01\/pese-se-uma-vez-por-semana\/\" title=\"Pese-se uma vez por semana\">\n            <time datetime=\"1 de Janeiro, 2020\">1 de Janeiro, 2020<\/time>\n            <div class=\"eael-timeline-post-image  attachment-medium size-medium\" style=\"background-image: url(https:\/\/anamoreira.pt\/cmi\/wp-content\/uploads\/2020\/01\/balan\u00e7a700-300x225.jpg);\"><\/div><div class=\"eael-timeline-post-excerpt\"><p>Pese-se uma vez por semana, se poss\u00edvel, \u00e0 mesma hora, com a mesma roupa e depois de urinar. Registe o...<\/p><\/div><div class=\"eael-timeline-post-title\">\n                    <h2 class=\"eael-timeline-post-title-text\">Pese-se uma vez por semana<\/h2>\n                <\/div><\/a>\n    <\/div>\n<\/article><article class=\"eael-timeline-post eael-timeline-column\">\n    <div class=\"eael-timeline-bullet\"><\/div>\n    <div class=\"eael-timeline-post-inner\">\n        <a class=\"eael-timeline-post-link\" href=\"https:\/\/anamoreira.pt\/cmi\/2020\/01\/01\/antes-de-comprar-um-produto-novo-verifique-a-sua-composicao\/\" title=\"Antes de comprar um produto novo verifique a sua composi\u00e7\u00e3o\">\n            <time datetime=\"1 de Janeiro, 2020\">1 de Janeiro, 2020<\/time>\n            <div class=\"eael-timeline-post-image  attachment-medium size-medium\" style=\"background-image: url();\"><\/div><div class=\"eael-timeline-post-excerpt\"><p>Antes de comprar um produto novo, verifique a sua composi\u00e7\u00e3o. Tome aten\u00e7\u00e3o \u00e0 qualidade. [voltar]<\/p><\/div><div class=\"eael-timeline-post-title\">\n                    <h2 class=\"eael-timeline-post-title-text\">Antes de comprar um produto novo verifique a sua composi\u00e7\u00e3o<\/h2>\n                <\/div><\/a>\n    <\/div>\n<\/article><article class=\"eael-timeline-post eael-timeline-column\">\n    <div class=\"eael-timeline-bullet\"><\/div>\n    <div class=\"eael-timeline-post-inner\">\n        <a class=\"eael-timeline-post-link\" href=\"https:\/\/anamoreira.pt\/cmi\/2020\/01\/01\/ao-deitar-se-evite-luz-indirecta-no-quarto\/\" title=\"Ao deitar-se, evite luz indirecta no quarto\">\n            <time datetime=\"1 de Janeiro, 2020\">1 de Janeiro, 2020<\/time>\n            <div class=\"eael-timeline-post-image  attachment-medium size-medium\" style=\"background-image: url();\"><\/div><div class=\"eael-timeline-post-excerpt\"><p>Ao deitar-se, evite luz indirecta no quarto. Deite-se at\u00e9 \u00e0 meia-noite. \u00c9 um dos melhores conselhos anti-envelhecimento, dados a n\u00edvel...<\/p><\/div><div class=\"eael-timeline-post-title\">\n                    <h2 class=\"eael-timeline-post-title-text\">Ao deitar-se, evite luz indirecta no quarto<\/h2>\n                <\/div><\/a>\n    <\/div>\n<\/article><article class=\"eael-timeline-post eael-timeline-column\">\n    <div class=\"eael-timeline-bullet\"><\/div>\n    <div class=\"eael-timeline-post-inner\">\n        <a class=\"eael-timeline-post-link\" href=\"https:\/\/anamoreira.pt\/cmi\/2020\/01\/01\/jante-de-preferencia-ate-as-20h00\/\" title=\"Jante de prefer\u00eancia at\u00e9 \u00e0s 20h00\">\n            <time datetime=\"1 de Janeiro, 2020\">1 de Janeiro, 2020<\/time>\n            <div class=\"eael-timeline-post-image  attachment-medium size-medium\" style=\"background-image: url();\"><\/div><div class=\"eael-timeline-post-excerpt\"><p>Jante, de prefer\u00eancia, at\u00e9 \u00e0s 20 horas, e com hidratos de carbono integrais. [voltar]<\/p><\/div><div class=\"eael-timeline-post-title\">\n                    <h2 class=\"eael-timeline-post-title-text\">Jante de prefer\u00eancia at\u00e9 \u00e0s 20h00<\/h2>\n                <\/div><\/a>\n    <\/div>\n<\/article><article class=\"eael-timeline-post eael-timeline-column\">\n    <div class=\"eael-timeline-bullet\"><\/div>\n    <div class=\"eael-timeline-post-inner\">\n        <a class=\"eael-timeline-post-link\" href=\"https:\/\/anamoreira.pt\/cmi\/2020\/01\/01\/evitar-o-alcool\/\" title=\"Evitar o \u00e1lcool\">\n            <time datetime=\"1 de Janeiro, 2020\">1 de Janeiro, 2020<\/time>\n            <div class=\"eael-timeline-post-image  attachment-medium size-medium\" style=\"background-image: url();\"><\/div><div class=\"eael-timeline-post-excerpt\"><p>Evitar \u00e1lcool, excepto vinho maduro tinto, 1 copo, \u00e0s refei\u00e7\u00f5es. [voltar]<\/p><\/div><div class=\"eael-timeline-post-title\">\n                    <h2 class=\"eael-timeline-post-title-text\">Evitar o \u00e1lcool<\/h2>\n                <\/div><\/a>\n    <\/div>\n<\/article><article class=\"eael-timeline-post eael-timeline-column\">\n    <div class=\"eael-timeline-bullet\"><\/div>\n    <div class=\"eael-timeline-post-inner\">\n        <a class=\"eael-timeline-post-link\" href=\"https:\/\/anamoreira.pt\/cmi\/2020\/01\/01\/nao-fume\/\" title=\"N\u00e3o fume\">\n            <time datetime=\"1 de Janeiro, 2020\">1 de Janeiro, 2020<\/time>\n            <div class=\"eael-timeline-post-image  attachment-medium size-medium\" style=\"background-image: url(https:\/\/anamoreira.pt\/cmi\/wp-content\/uploads\/2020\/01\/nao-fume-proibido-fumar-pare-sua-saude-ruim-em-amarelo_97669-392-300x200.jpg);\"><\/div><div class=\"eael-timeline-post-excerpt\"><p>Cada cigarro que fuma, retira-lhe 7 minutos de vida.Pe\u00e7a ajuda ao seu m\u00e9dico para deixar de fumar.Promove a sua sa\u00fade,...<\/p><\/div><div class=\"eael-timeline-post-title\">\n                    <h2 class=\"eael-timeline-post-title-text\">N\u00e3o fume<\/h2>\n                <\/div><\/a>\n    <\/div>\n<\/article><article class=\"eael-timeline-post eael-timeline-column\">\n    <div class=\"eael-timeline-bullet\"><\/div>\n    <div class=\"eael-timeline-post-inner\">\n        <a class=\"eael-timeline-post-link\" href=\"https:\/\/anamoreira.pt\/cmi\/2020\/11\/30\/reduzir-stress\/\" title=\"Reduzir Stress\">\n            <time datetime=\"30 de Novembro, 2020\">30 de Novembro, 2020<\/time>\n            <div class=\"eael-timeline-post-image  attachment-medium size-medium\" style=\"background-image: url(https:\/\/anamoreira.pt\/cmi\/wp-content\/uploads\/2020\/11\/Reduzir-Stress-300x300.jpeg);\"><\/div><div class=\"eael-timeline-post-excerpt\"><p>[voltar]<\/p><\/div><div class=\"eael-timeline-post-title\">\n                    <h2 class=\"eael-timeline-post-title-text\">Reduzir Stress<\/h2>\n                <\/div><\/a>\n    <\/div>\n<\/article><article class=\"eael-timeline-post eael-timeline-column\">\n    <div class=\"eael-timeline-bullet\"><\/div>\n    <div class=\"eael-timeline-post-inner\">\n        <a class=\"eael-timeline-post-link\" href=\"https:\/\/anamoreira.pt\/cmi\/2020\/11\/30\/reduzir-consumo-de-sal\/\" title=\"Reduzir consumo de Sal\">\n            <time datetime=\"30 de Novembro, 2020\">30 de Novembro, 2020<\/time>\n            <div class=\"eael-timeline-post-image  attachment-medium size-medium\" style=\"background-image: url(https:\/\/anamoreira.pt\/cmi\/wp-content\/uploads\/2020\/11\/Reduzir-consumo-de-sal-300x300.jpeg);\"><\/div><div class=\"eael-timeline-post-excerpt\"><p>[voltar]<\/p><\/div><div class=\"eael-timeline-post-title\">\n                    <h2 class=\"eael-timeline-post-title-text\">Reduzir consumo de Sal<\/h2>\n                <\/div><\/a>\n    <\/div>\n<\/article><article class=\"eael-timeline-post eael-timeline-column\">\n    <div class=\"eael-timeline-bullet\"><\/div>\n    <div class=\"eael-timeline-post-inner\">\n        <a class=\"eael-timeline-post-link\" href=\"https:\/\/anamoreira.pt\/cmi\/2020\/01\/01\/sons-curativos\/\" title=\"Sons Curativos\">\n            <time datetime=\"1 de Janeiro, 2020\">1 de Janeiro, 2020<\/time>\n            <div class=\"eael-timeline-post-image  attachment-medium size-medium\" style=\"background-image: url();\"><\/div><div class=\"eael-timeline-post-excerpt\"><p>Este exercicio pretende ser uma ferramenta simples, com a qual podemos deixar fluir as nossas EMO\u00c7\u00d5ES. \u00c9 importante perceber que,...<\/p><\/div><div class=\"eael-timeline-post-title\">\n                    <h2 class=\"eael-timeline-post-title-text\">Sons Curativos<\/h2>\n                <\/div><\/a>\n    <\/div>\n<\/article><article class=\"eael-timeline-post eael-timeline-column\">\n    <div class=\"eael-timeline-bullet\"><\/div>\n    <div class=\"eael-timeline-post-inner\">\n        <a class=\"eael-timeline-post-link\" href=\"https:\/\/anamoreira.pt\/cmi\/2020\/01\/01\/mantenha-uma-atividade-fisica-regular-que-lhe-de-prazer\/\" title=\"Mantenha uma atividade f\u00edsica regular que lhe d\u00ea prazer\">\n            <time datetime=\"1 de Janeiro, 2020\">1 de Janeiro, 2020<\/time>\n            <div class=\"eael-timeline-post-image  attachment-medium size-medium\" style=\"background-image: url(https:\/\/anamoreira.pt\/cmi\/wp-content\/uploads\/2020\/01\/Praticar-exercicios-fisicos-300x300.jpeg);\"><\/div><div class=\"eael-timeline-post-excerpt\"><p>Recomenda-se exerc\u00edcio f\u00edsico cinco a seis vezes por semana; por exemplo, meia hora de marcha seguida. O risco da marcha...<\/p><\/div><div class=\"eael-timeline-post-title\">\n                    <h2 class=\"eael-timeline-post-title-text\">Mantenha uma atividade f\u00edsica regular que lhe d\u00ea prazer<\/h2>\n                <\/div><\/a>\n    <\/div>\n<\/article><article class=\"eael-timeline-post eael-timeline-column\">\n    <div class=\"eael-timeline-bullet\"><\/div>\n    <div class=\"eael-timeline-post-inner\">\n        <a class=\"eael-timeline-post-link\" href=\"https:\/\/anamoreira.pt\/cmi\/2020\/01\/01\/luminoterapia\/\" title=\"Luminoterapia\">\n            <time datetime=\"1 de Janeiro, 2020\">1 de Janeiro, 2020<\/time>\n            <div class=\"eael-timeline-post-image  attachment-medium size-medium\" style=\"background-image: url();\"><\/div><div class=\"eael-timeline-post-excerpt\"><p>Luminoterapia: \u2013 use o vermelho para energia e vitalidade. Alivia o cansa\u00e7o; \u2013 use o verde para favorecer o equil\u00edbrio...<\/p><\/div><div class=\"eael-timeline-post-title\">\n                    <h2 class=\"eael-timeline-post-title-text\">Luminoterapia<\/h2>\n                <\/div><\/a>\n    <\/div>\n<\/article><article class=\"eael-timeline-post eael-timeline-column\">\n    <div class=\"eael-timeline-bullet\"><\/div>\n    <div class=\"eael-timeline-post-inner\">\n        <a class=\"eael-timeline-post-link\" href=\"https:\/\/anamoreira.pt\/cmi\/2020\/01\/01\/exercicio-respiratorio\/\" title=\"Exerc\u00edcio respirat\u00f3rio\">\n            <time datetime=\"1 de Janeiro, 2020\">1 de Janeiro, 2020<\/time>\n            <div class=\"eael-timeline-post-image  attachment-medium size-medium\" style=\"background-image: url();\"><\/div><div class=\"eael-timeline-post-excerpt\"><p>Durante 5 minutos, 2 vezes por dia, INSPIRE profundamente pelo nariz, durante 5 segundos e expire durante outros 5 segundos....<\/p><\/div><div class=\"eael-timeline-post-title\">\n                    <h2 class=\"eael-timeline-post-title-text\">Exerc\u00edcio respirat\u00f3rio<\/h2>\n                <\/div><\/a>\n    <\/div>\n<\/article><article class=\"eael-timeline-post eael-timeline-column\">\n    <div class=\"eael-timeline-bullet\"><\/div>\n    <div class=\"eael-timeline-post-inner\">\n        <a class=\"eael-timeline-post-link\" href=\"https:\/\/anamoreira.pt\/cmi\/2020\/11\/30\/hidratar-o-corpo\/\" title=\"Hidratar o Corpo\">\n            <time datetime=\"30 de Novembro, 2020\">30 de Novembro, 2020<\/time>\n            <div class=\"eael-timeline-post-image  attachment-medium size-medium\" style=\"background-image: url(https:\/\/anamoreira.pt\/cmi\/wp-content\/uploads\/2020\/11\/Hidratar-o-corpo-300x300.jpeg);\"><\/div><div class=\"eael-timeline-post-excerpt\"><p>[voltar]<\/p><\/div><div class=\"eael-timeline-post-title\">\n                    <h2 class=\"eael-timeline-post-title-text\">Hidratar o Corpo<\/h2>\n                <\/div><\/a>\n    <\/div>\n<\/article><article class=\"eael-timeline-post eael-timeline-column\">\n    <div class=\"eael-timeline-bullet\"><\/div>\n    <div class=\"eael-timeline-post-inner\">\n        <a class=\"eael-timeline-post-link\" href=\"https:\/\/anamoreira.pt\/cmi\/2020\/01\/01\/evitar-o-cafe\/\" title=\"Evitar o caf\u00e9\">\n            <time datetime=\"1 de Janeiro, 2020\">1 de Janeiro, 2020<\/time>\n            <div class=\"eael-timeline-post-image  attachment-medium size-medium\" style=\"background-image: url();\"><\/div><div class=\"eael-timeline-post-excerpt\"><p>Principalmente, em jejum. Uma alternativa interessante ser\u00e1: cascas de ma\u00e7a (acabadas de descascar), regue-as com \u00e1gua a ferver e deixe...<\/p><\/div><div class=\"eael-timeline-post-title\">\n                    <h2 class=\"eael-timeline-post-title-text\">Evitar o caf\u00e9<\/h2>\n                <\/div><\/a>\n    <\/div>\n<\/article><\/div>\n\t\t<\/div>            <div class=\"eael-load-more-button-wrap eael-force-hide\">\n                <button class=\"eael-load-more-button\" id=\"eael-load-more-btn-93db66d\" data-widget-id=\"93db66d\" data-widget=\"93db66d\" data-page-id=\"783\" data-template=\"{&quot;dir&quot;:&quot;lite&quot;,&quot;file_name&quot;:&quot;default.php&quot;,&quot;name&quot;:&quot;Post-Timeline&quot;}\" data-class=\"Essential_Addons_Elementor\\Elements\\Post_Timeline\" data-layout=\"\" data-page=\"1\" data-args=\"orderby=rand&amp;order=desc&amp;ignore_sticky_posts=1&amp;post_status=publish&amp;posts_per_page=14&amp;post_type=post&amp;tax_query%5B0%5D%5Btaxonomy%5D=category&amp;tax_query%5B0%5D%5Bfield%5D=term_id&amp;tax_query%5B0%5D%5Bterms%5D%5B0%5D=26&amp;tax_query%5Brelation%5D=AND\" data-max-page=\"2\">\n                    <span class=\"eael-btn-loader button__loader\"><\/span>\n                    <span class=\"eael_load_more_text\"><\/span>\n                <\/button>\n            <\/div>\n            \t\t\t\t<\/div>\n\t\t\t\t<\/div>\n\t\t\t\t\t<\/div>\n\t\t<\/div>\n\t\t\t\t\t<\/div>\n\t\t<\/section>\n\t\t\t\t<section class=\"elementor-section elementor-top-section elementor-element elementor-element-5de7ae5 elementor-section-boxed elementor-section-height-default elementor-section-height-default\" data-id=\"5de7ae5\" data-element_type=\"section\" data-e-type=\"section\">\n\t\t\t\t\t\t<div class=\"elementor-container elementor-column-gap-default\">\n\t\t\t\t\t<div class=\"elementor-column elementor-col-100 elementor-top-column elementor-element elementor-element-2457223\" data-id=\"2457223\" data-element_type=\"column\" data-e-type=\"column\">\n\t\t\t<div class=\"elementor-widget-wrap elementor-element-populated\">\n\t\t\t\t\t\t<div class=\"elementor-element elementor-element-ef4da92 elementor-widget elementor-widget-text-editor\" data-id=\"ef4da92\" data-element_type=\"widget\" data-e-type=\"widget\" data-widget_type=\"text-editor.default\">\n\t\t\t\t<div class=\"elementor-widget-container\">\n\t\t\t\t\t\t\t\t\t<p><a href=\"\/cmi\/mais-informacoes-conselhos\/\">[voltar]<\/a><\/p>\t\t\t\t\t\t\t\t<\/div>\n\t\t\t\t<\/div>\n\t\t\t\t\t<\/div>\n\t\t<\/div>\n\t\t\t\t\t<\/div>\n\t\t<\/section>\n\t\t\t\t<section class=\"elementor-section elementor-top-section elementor-element elementor-element-7c4d06bb elementor-section-boxed elementor-section-height-default elementor-section-height-default\" data-id=\"7c4d06bb\" data-element_type=\"section\" data-e-type=\"section\">\n\t\t\t\t\t\t<div class=\"elementor-container elementor-column-gap-default\">\n\t\t\t\t\t<div class=\"elementor-column elementor-col-25 elementor-top-column elementor-element elementor-element-223691bf\" data-id=\"223691bf\" data-element_type=\"column\" data-e-type=\"column\">\n\t\t\t<div class=\"elementor-widget-wrap elementor-element-populated\">\n\t\t\t\t\t\t<div class=\"elementor-element elementor-element-75940782 elementor-view-framed elementor-shape-circle elementor-widget elementor-widget-icon\" data-id=\"75940782\" data-element_type=\"widget\" data-e-type=\"widget\" data-widget_type=\"icon.default\">\n\t\t\t\t<div class=\"elementor-widget-container\">\n\t\t\t\t\t\t\t<div class=\"elementor-icon-wrapper\">\n\t\t\t<a class=\"elementor-icon elementor-animation-shrink\" href=\"\/cmi\/\">\n\t\t\t<i aria-hidden=\"true\" class=\"fas fa-home\"><\/i>\t\t\t<\/a>\n\t\t<\/div>\n\t\t\t\t\t\t<\/div>\n\t\t\t\t<\/div>\n\t\t\t\t<div class=\"elementor-element elementor-element-764ea2e3 elementor-widget elementor-widget-heading\" data-id=\"764ea2e3\" data-element_type=\"widget\" data-e-type=\"widget\" data-widget_type=\"heading.default\">\n\t\t\t\t<div class=\"elementor-widget-container\">\n\t\t\t\t\t<h5 class=\"elementor-heading-title elementor-size-default\"><a href=\"\/cmi\/\">In\u00edcio<\/a><\/h5>\t\t\t\t<\/div>\n\t\t\t\t<\/div>\n\t\t\t\t\t<\/div>\n\t\t<\/div>\n\t\t\t\t<div class=\"elementor-column elementor-col-25 elementor-top-column elementor-element elementor-element-57184d17\" data-id=\"57184d17\" data-element_type=\"column\" data-e-type=\"column\">\n\t\t\t<div class=\"elementor-widget-wrap elementor-element-populated\">\n\t\t\t\t\t\t<div class=\"elementor-element elementor-element-77f796e3 elementor-view-framed elementor-shape-circle elementor-widget elementor-widget-icon\" data-id=\"77f796e3\" data-element_type=\"widget\" data-e-type=\"widget\" data-widget_type=\"icon.default\">\n\t\t\t\t<div class=\"elementor-widget-container\">\n\t\t\t\t\t\t\t<div class=\"elementor-icon-wrapper\">\n\t\t\t<a class=\"elementor-icon elementor-animation-shrink\" href=\"\/cmi\/mais-informacoes-conselhos-pensamentos\/\">\n\t\t\t<i aria-hidden=\"true\" class=\"far fa-comment\"><\/i>\t\t\t<\/a>\n\t\t<\/div>\n\t\t\t\t\t\t<\/div>\n\t\t\t\t<\/div>\n\t\t\t\t<div class=\"elementor-element elementor-element-3e523ec6 elementor-widget elementor-widget-heading\" data-id=\"3e523ec6\" data-element_type=\"widget\" data-e-type=\"widget\" data-widget_type=\"heading.default\">\n\t\t\t\t<div class=\"elementor-widget-container\">\n\t\t\t\t\t<h5 class=\"elementor-heading-title elementor-size-default\"><a href=\"\/cmi\/mais-informacoes-conselhos-pensamentos\/\">Pensamentos<\/a><\/h5>\t\t\t\t<\/div>\n\t\t\t\t<\/div>\n\t\t\t\t\t<\/div>\n\t\t<\/div>\n\t\t\t\t<div class=\"elementor-column elementor-col-25 elementor-top-column elementor-element elementor-element-2f815ccc\" data-id=\"2f815ccc\" data-element_type=\"column\" data-e-type=\"column\">\n\t\t\t<div class=\"elementor-widget-wrap elementor-element-populated\">\n\t\t\t\t\t\t<div class=\"elementor-element elementor-element-42814aa8 elementor-view-framed elementor-shape-circle elementor-widget elementor-widget-icon\" data-id=\"42814aa8\" data-element_type=\"widget\" data-e-type=\"widget\" data-widget_type=\"icon.default\">\n\t\t\t\t<div class=\"elementor-widget-container\">\n\t\t\t\t\t\t\t<div class=\"elementor-icon-wrapper\">\n\t\t\t<a class=\"elementor-icon elementor-animation-shrink\" href=\"\/cmi\/mais-informacoes-conselhos-mandalas\/\">\n\t\t\t<i aria-hidden=\"true\" class=\"fas fa-palette\"><\/i>\t\t\t<\/a>\n\t\t<\/div>\n\t\t\t\t\t\t<\/div>\n\t\t\t\t<\/div>\n\t\t\t\t<div class=\"elementor-element elementor-element-29df35df elementor-widget elementor-widget-heading\" data-id=\"29df35df\" data-element_type=\"widget\" data-e-type=\"widget\" data-widget_type=\"heading.default\">\n\t\t\t\t<div class=\"elementor-widget-container\">\n\t\t\t\t\t<h5 class=\"elementor-heading-title elementor-size-default\"><a href=\"\/cmi\/mais-informacoes-conselhos-mandalas\/\">Mandalas<\/a><\/h5>\t\t\t\t<\/div>\n\t\t\t\t<\/div>\n\t\t\t\t\t<\/div>\n\t\t<\/div>\n\t\t\t\t<div class=\"elementor-column elementor-col-25 elementor-top-column elementor-element elementor-element-6f5730c0\" data-id=\"6f5730c0\" data-element_type=\"column\" data-e-type=\"column\">\n\t\t\t<div class=\"elementor-widget-wrap elementor-element-populated\">\n\t\t\t\t\t\t<div class=\"elementor-element elementor-element-5ac9097b elementor-view-framed elementor-shape-circle elementor-widget elementor-widget-icon\" data-id=\"5ac9097b\" data-element_type=\"widget\" data-e-type=\"widget\" data-widget_type=\"icon.default\">\n\t\t\t\t<div class=\"elementor-widget-container\">\n\t\t\t\t\t\t\t<div class=\"elementor-icon-wrapper\">\n\t\t\t<a class=\"elementor-icon elementor-animation-shrink\" href=\"http:\/\/cmi\/mais-informacoes\/\">\n\t\t\t<i aria-hidden=\"true\" class=\"fab fa-readme\"><\/i>\t\t\t<\/a>\n\t\t<\/div>\n\t\t\t\t\t\t<\/div>\n\t\t\t\t<\/div>\n\t\t\t\t<div class=\"elementor-element elementor-element-3be3a1be elementor-widget elementor-widget-heading\" data-id=\"3be3a1be\" data-element_type=\"widget\" data-e-type=\"widget\" data-widget_type=\"heading.default\">\n\t\t\t\t<div class=\"elementor-widget-container\">\n\t\t\t\t\t<h5 class=\"elementor-heading-title elementor-size-default\"><a href=\"http:\/\/cmi\/mais-informacoes\/\">Mais Informa\u00e7\u00f5es<\/a><\/h5>\t\t\t\t<\/div>\n\t\t\t\t<\/div>\n\t\t\t\t\t<\/div>\n\t\t<\/div>\n\t\t\t\t\t<\/div>\n\t\t<\/section>\n\t\t\t\t<\/div>\n\t\t","protected":false},"excerpt":{"rendered":"<p>1 de Janeiro, 2020 Durante 5 minutos, 2 vezes por dia, INSPIRE profundamente pelo nariz, durante 5 segundos e expire durante outros 5 segundos&#8230;. Exerc\u00edcio respirat\u00f3rio 1 de Janeiro, 2020 Luminoterapia: \u2013 use o vermelho para energia e vitalidade. Alivia [&hellip;]<\/p>\n","protected":false},"author":1,"featured_media":0,"parent":0,"menu_order":0,"comment_status":"closed","ping_status":"closed","template":"page-templates\/page_fullwidth.php","meta":{"footnotes":""},"class_list":["post-783","page","type-page","status-publish","hentry","clearfix"],"_links":{"self":[{"href":"https:\/\/anamoreira.pt\/cmi\/wp-json\/wp\/v2\/pages\/783","targetHints":{"allow":["GET"]}}],"collection":[{"href":"https:\/\/anamoreira.pt\/cmi\/wp-json\/wp\/v2\/pages"}],"about":[{"href":"https:\/\/anamoreira.pt\/cmi\/wp-json\/wp\/v2\/types\/page"}],"author":[{"embeddable":true,"href":"https:\/\/anamoreira.pt\/cmi\/wp-json\/wp\/v2\/users\/1"}],"replies":[{"embeddable":true,"href":"https:\/\/anamoreira.pt\/cmi\/wp-json\/wp\/v2\/comments?post=783"}],"version-history":[{"count":9,"href":"https:\/\/anamoreira.pt\/cmi\/wp-json\/wp\/v2\/pages\/783\/revisions"}],"predecessor-version":[{"id":1728,"href":"https:\/\/anamoreira.pt\/cmi\/wp-json\/wp\/v2\/pages\/783\/revisions\/1728"}],"wp:attachment":[{"href":"https:\/\/anamoreira.pt\/cmi\/wp-json\/wp\/v2\/media?parent=783"}],"curies":[{"name":"wp","href":"https:\/\/api.w.org\/{rel}","templated":true}]}}