{"id":85,"date":"2019-12-27T11:45:32","date_gmt":"2019-12-27T11:45:32","guid":{"rendered":"https:\/\/anamoreira.km35633-02.keymachine.de\/cmi\/?page_id=85"},"modified":"2023-01-25T18:29:12","modified_gmt":"2023-01-25T18:29:12","slug":"terapias-complementares","status":"publish","type":"page","link":"https:\/\/anamoreira.pt\/cmi\/terapias-complementares\/","title":{"rendered":"Terapias Complementares"},"content":{"rendered":"\t\t<div data-elementor-type=\"wp-page\" data-elementor-id=\"85\" class=\"elementor elementor-85\" data-elementor-post-type=\"page\">\n\t\t\t\t\t\t<section class=\"elementor-section elementor-top-section elementor-element elementor-element-0477c66 elementor-section-boxed elementor-section-height-default elementor-section-height-default\" data-id=\"0477c66\" data-element_type=\"section\" data-e-type=\"section\">\n\t\t\t\t\t\t<div class=\"elementor-container elementor-column-gap-default\">\n\t\t\t\t\t<div class=\"elementor-column elementor-col-100 elementor-top-column elementor-element elementor-element-6a2d1bf\" data-id=\"6a2d1bf\" data-element_type=\"column\" data-e-type=\"column\">\n\t\t\t<div class=\"elementor-widget-wrap elementor-element-populated\">\n\t\t\t\t\t\t<div class=\"elementor-element elementor-element-f9f28ed elementor-widget elementor-widget-eael-adv-accordion\" data-id=\"f9f28ed\" data-element_type=\"widget\" data-e-type=\"widget\" data-widget_type=\"eael-adv-accordion.default\">\n\t\t\t\t<div class=\"elementor-widget-container\">\n\t\t\t\t\t            <div class=\"eael-adv-accordion\" id=\"eael-adv-accordion-f9f28ed\" data-scroll-on-click=\"no\" data-scroll-speed=\"300\" data-accordion-id=\"f9f28ed\" data-accordion-type=\"toggle\" data-toogle-speed=\"300\">\n            <div class=\"eael-accordion-list\">\n\t\t\t\t\t<div id=\"medicina-integrativa\" class=\"elementor-tab-title eael-accordion-header\" tabindex=\"0\" data-tab=\"1\" aria-controls=\"elementor-tab-content-2621\"><span class=\"eael-accordion-tab-title\">Medicina Integrativa<\/span><i aria-hidden=\"true\" class=\"fa-toggle fas fa-angle-right\"><\/i><\/div><div id=\"elementor-tab-content-2621\" class=\"eael-accordion-content clearfix\" data-tab=\"1\" aria-labelledby=\"medicina-integrativa\"><p>Cada vez mais pessoas escolhem a Medicina Integrativa quando est\u00e3o doentes. A raz\u00e3o para esta mudan\u00e7a tem duas causas: a preocupa\u00e7\u00e3o sobre os poss\u00edveis efeitos secund\u00e1rios dos medicamentos e o alerta crescente para viver uma vida saud\u00e1vel, com todos os seus benef\u00edcios.<br \/><strong>O que \u00e9 que o termo \u201cMedicina Integrativa\u201d quer dizer?<\/strong><br \/>Medicina Integrativa \u00e9 tratar o corpo como um sistema global, hol\u00edstico, ou seja, tratar a mente, o corpo e o esp\u00edrito.<br \/>A Medicina Integrativa ajuda o corpo a curar-se a ele pr\u00f3prio atrav\u00e9s da ativa\u00e7\u00e3o dos seus pr\u00f3prios mecanismos de defesa.<br \/>Este conceito de Medicina Integrativa \u00e9 tamb\u00e9m encontrado no homotoxicologia e homeopatia.<br \/><strong>Qual a compara\u00e7\u00e3o entre a medicina \u201cocidental cl\u00e1ssica\u201d e a medicina integrativa?<\/strong><br \/>Tirando o facto de que ambas s\u00e3o praticadas por m\u00e9dicos, licenciados em faculdades de medicina p\u00fablicas, n\u00e3o se pode comparar duas coisas que s\u00e3o incompar\u00e1veis; isto porque, \u201ca medicina convencional visa tratar, atrav\u00e9s de rea\u00e7\u00f5es qu\u00edmicas, uso de medicamentos que atuam sobre um \u00fanico receptor (como uma chave que \u00e9 inserida numa fechadura) e eliminar um determinado sintoma\u201d.<br \/>Pelo contr\u00e1rio a medicina integrativa atua por princ\u00edpios energ\u00e9ticos biof\u00edsicos, para produzir rea\u00e7\u00f5es biol\u00f3gicas de cura no pr\u00f3prio organismo do doente e restabelecer o equil\u00edbrio homeost\u00e1tico interno; A sua a\u00e7\u00e3o pode comparar-se \u00e1 do sol, que n\u00e3o induz nenhuma rea\u00e7\u00e3o qu\u00edmica, mas cujos efeitos s\u00e3o apreci\u00e1veis (o corpo recebe uma energia da radia\u00e7\u00e3o solar que leva \u00e0 ativa\u00e7\u00e3o dos melan\u00f3citos da pele, fazendo com que estes fabriquem melanina, protegendo a pele dos raios UV).<\/p><\/div>\n\t\t\t\t\t<\/div><div class=\"eael-accordion-list\">\n\t\t\t\t\t<div id=\"medicina-anti-envelhecimento\" class=\"elementor-tab-title eael-accordion-header\" tabindex=\"0\" data-tab=\"2\" aria-controls=\"elementor-tab-content-2622\"><span class=\"eael-accordion-tab-title\">Medicina Anti-Envelhecimento<\/span><i aria-hidden=\"true\" class=\"fa-toggle fas fa-angle-right\"><\/i><\/div><div id=\"elementor-tab-content-2622\" class=\"eael-accordion-content clearfix\" data-tab=\"2\" aria-labelledby=\"medicina-anti-envelhecimento\"><p>Brevemente.<\/p><\/div>\n\t\t\t\t\t<\/div><div class=\"eael-accordion-list\">\n\t\t\t\t\t<div id=\"medicina-bioenergtica-sintergtica-\" class=\"elementor-tab-title eael-accordion-header\" tabindex=\"0\" data-tab=\"3\" aria-controls=\"elementor-tab-content-2623\"><span class=\"eael-accordion-tab-title\">Medicina Bioenerg\u00e9tica \/ Sinterg\u00e9tica <\/span><i aria-hidden=\"true\" class=\"fa-toggle fas fa-angle-right\"><\/i><\/div><div id=\"elementor-tab-content-2623\" class=\"eael-accordion-content clearfix\" data-tab=\"3\" aria-labelledby=\"medicina-bioenergtica-sintergtica-\"><p><strong>Os sistemas R.A.M.<\/strong><br \/>Baseados na concep\u00e7\u00e3o do campo M (m\u00f3rfico) de Rupert Sheldrake, a teoria dos biocircuitos e as bio-resson\u00e2ncias, os sistemas R.A.M. (sigla para ressonadores de arqu\u00e9tipos m\u00f3rficos), formam parte duma nova proposta clinica para a pr\u00e1tica da bio-resson\u00e2ncia, desde a perspectiva duma combina\u00e7\u00e3o dos princ\u00edpios da resson\u00e2ncia m\u00f3rfica e as teorias dos bio-circuitos e a terapia com as pr\u00f3prias oscila\u00e7\u00f5es.<br \/>Partindo das investiga\u00e7\u00f5es iniciais com as equipas de bio-resson\u00e2ncia fundamentados na transfer\u00eancia, processamento de sinais electromagn\u00e9ticos desde e para fora do organismo, a nossa investiga\u00e7\u00e3o cl\u00ednica com bio-ressonadores inclu\u00eda inicialmente a utiliza\u00e7\u00e3o do princ\u00edpio da reflex\u00e3o e da invers\u00e3o de padr\u00f5es de ondas atrav\u00e9s de espelhos e fibra \u00f3tica. A utiliza\u00e7\u00e3o de bio-circuitos met\u00e1licos convencionais, e o estudo de transfer\u00eancia da informa\u00e7\u00e3o biol\u00f3gica atrav\u00e9s de diferentes tipos de condutores, incluindo os org\u00e2nicos. O maior significado\u00a0de estes trabalhos cl\u00ednicos, confluem em uma s\u00e9rie de tecnologias apropriadas para a pr\u00e1tica das bio-resson\u00e2ncias em Sinterg\u00e9tica, os sistemas RAM cujo princ\u00edpio \u00e9 uma forma de resson\u00e2ncia n\u00e3o energ\u00e9tica, que recolhe e transfere imagens ou padr\u00f5es\u00a0complexos entre as diferentes somatotopias e\u00a0 sistema nervoso central, restabelecendo a comunica\u00e7\u00e3o entre os diferentes sub-sistemas do sistema de informa\u00e7\u00e3o biol\u00f3gico. Os RAM sup\u00f5em a presen\u00e7a no organismo de sistemas de condu\u00e7\u00e3o de informa\u00e7\u00e3o diferentes aos classicamente reconhecidos, e a presen\u00e7a de novas representa\u00e7\u00f5es funcionais a n\u00edvel do sistema nervoso, que se consideram nos semin\u00e1rios de Sinterg\u00e9tica.<br \/>O sitema RAM desencadeia uma cascata de interc\u00e2mbios de padr\u00f5es complexos de informa\u00e7\u00e3o, que ao restabelecer a comunica\u00e7\u00e3o entre os diferentes sub-sistemas do sistema energ\u00e9tico vital, permite que se instaurem processos de auto reconhecimento, auto adapta\u00e7\u00e3o e auto transforma\u00e7\u00e3o. Estes favorecem o restabelecimento da integridade, ao permitir que nas partes afetadas se restabele\u00e7a a informa\u00e7\u00e3o\u00a0na totalidade, a qual constitui condi\u00e7\u00e3o essencial para uma sa\u00fade concebida como integridade harm\u00f3nica.<br \/>As instru\u00e7\u00f5es para o seu uso cl\u00ednico est\u00e3o reservadas aos profissionais da sa\u00fade adequadamente treinados na pr\u00e1tica da Sinterg\u00e9tica.<br \/>A combina\u00e7\u00e3o de bio-circuitos tipo RAM permite ao restabelecimento de circuitos integrados de condu\u00e7\u00e3o de informa\u00e7\u00e3o e a elimina\u00e7\u00e3o da transfer\u00eancia do ru\u00eddo, e o aumento nos n\u00edveis de auto reconhecimento por retroalimenta\u00e7\u00e3o e reflex\u00e3o.<br \/>Produto de mais de vinte anos de investiga\u00e7\u00f5es cl\u00ednicas\u00a0em torno\u00a0de terapias com as pr\u00f3prias oscila\u00e7\u00f5es, os sistemas RAM incluem os RTX-RAM para reflexoterapia, destinados \u00e1 integra\u00e7\u00e3o terap\u00eautica das somatotopias de palmas e plantas, com as somatotopias trigeminais e do sistema nervoso central. Os sistemas CER-RAM prop\u00f5em um bio-circuito b\u00e1sico, cujos terminais s\u00e3o constitu\u00eddos por quatro ressonadores que integram a energia reticular. A combina\u00e7\u00e3o de ambos sistemas \u00e9, na atualidade, a ferramenta b\u00e1sica para a pr\u00e1tica cl\u00ednica da Sinterg\u00e9tica, e a sua utiliza\u00e7\u00e3o, mesmo que n\u00e3o se encontre nenhum tipo de contra indica\u00e7\u00e3o, est\u00e1 reservada a terapeutas adequadamente treinados. Sua fun\u00e7\u00e3o b\u00e1sica \u00e9 preparar o terreno para a pr\u00e1tica das diferentes medicinas vibracionais, induzindo a um relaxamento, diminuindo o n\u00edvel de ru\u00eddo, melhorando os processos de comunica\u00e7\u00e3o tissular e servindo como canal para a transfer\u00eancia seletiva de informa\u00e7\u00f5es terap\u00eauticas. Al\u00e9m disso, permite a prepara\u00e7\u00e3o de isonosodes vibracionais seletiva.<\/p><\/div>\n\t\t\t\t\t<\/div><div class=\"eael-accordion-list\">\n\t\t\t\t\t<div id=\"medicina-ortomolecular-\" class=\"elementor-tab-title eael-accordion-header\" tabindex=\"0\" data-tab=\"4\" aria-controls=\"elementor-tab-content-2624\"><span class=\"eael-accordion-tab-title\">Medicina Ortomolecular <\/span><i aria-hidden=\"true\" class=\"fa-toggle fas fa-angle-right\"><\/i><\/div><div id=\"elementor-tab-content-2624\" class=\"eael-accordion-content clearfix\" data-tab=\"4\" aria-labelledby=\"medicina-ortomolecular-\"><p>Brevemente.<\/p><\/div>\n\t\t\t\t\t<\/div><div class=\"eael-accordion-list\">\n\t\t\t\t\t<div id=\"medicina-vibracional-e-geometria-sagrada-teraputica-\" class=\"elementor-tab-title eael-accordion-header\" tabindex=\"0\" data-tab=\"5\" aria-controls=\"elementor-tab-content-2625\"><span class=\"eael-accordion-tab-title\">Medicina Vibracional e Geometria Sagrada Terap\u00eautica <\/span><i aria-hidden=\"true\" class=\"fa-toggle fas fa-angle-right\"><\/i><\/div><div id=\"elementor-tab-content-2625\" class=\"eael-accordion-content clearfix\" data-tab=\"5\" aria-labelledby=\"medicina-vibracional-e-geometria-sagrada-teraputica-\"><p>A Geometria sagrada trata-se de uma terapia com geometria, uma Medicina Vibracional n\u00e3o invasiva, que exp\u00f5e arqu\u00e9tipos geom\u00e9tricos harm\u00f4nicos em propor\u00e7\u00e3o que interagem com a energia vital que contribui para a sa\u00fade, o aumento da imunidade, diminui\u00e7\u00e3o da variabilidade card\u00edaca e estados profundos de relaxamento.<\/p><\/div>\n\t\t\t\t\t<\/div><div class=\"eael-accordion-list\">\n\t\t\t\t\t<div id=\"maternidade-integrativa-\" class=\"elementor-tab-title eael-accordion-header\" tabindex=\"0\" data-tab=\"6\" aria-controls=\"elementor-tab-content-2626\"><span class=\"eael-accordion-tab-title\">Maternidade Integrativa <\/span><i aria-hidden=\"true\" class=\"fa-toggle fas fa-angle-right\"><\/i><\/div><div id=\"elementor-tab-content-2626\" class=\"eael-accordion-content clearfix\" data-tab=\"6\" aria-labelledby=\"maternidade-integrativa-\"><p>Brevemente.<\/p><\/div>\n\t\t\t\t\t<\/div><div class=\"eael-accordion-list\">\n\t\t\t\t\t<div id=\"pediatria-integrativa\" class=\"elementor-tab-title eael-accordion-header\" tabindex=\"0\" data-tab=\"7\" aria-controls=\"elementor-tab-content-2627\"><span class=\"eael-accordion-tab-title\">Pediatria Integrativa<\/span><i aria-hidden=\"true\" class=\"fa-toggle fas fa-angle-right\"><\/i><\/div><div id=\"elementor-tab-content-2627\" class=\"eael-accordion-content clearfix\" data-tab=\"7\" aria-labelledby=\"pediatria-integrativa\"><p>Temos vindo a assistir a um aumento acelerado e <img fetchpriority=\"high\" decoding=\"async\" class=\"size-medium wp-image-259 alignright\" src=\"https:\/\/anamoreira.km35633-02.keymachine.de\/cmi\/wp-content\/uploads\/2019\/12\/bebe-300x200.jpg\" alt=\"\" width=\"300\" height=\"200\" srcset=\"https:\/\/anamoreira.pt\/cmi\/wp-content\/uploads\/2019\/12\/bebe-300x200.jpg 300w, https:\/\/anamoreira.pt\/cmi\/wp-content\/uploads\/2019\/12\/bebe.jpg 500w\" sizes=\"(max-width: 300px) 100vw, 300px\" \/>preocupante, muitas vezes incompreendido de diversas patologias em idade pedi\u00e1trica.<br \/>Se por um lado, o avan\u00e7o da medicina convencional tem sido not\u00e1vel, por outro lado a sua vis\u00e3o e abordagem parece dar algumas respostas ineficientes face a esta realidade.<br \/>Com a Pediatria Integrativa, pretende-se perceber e abordar cada crian\u00e7a, com base estritamente cient\u00edfica, mas n\u00e3o estritamente \u201cconvencional\u201d.<br \/>Queremos compreender n\u00e3o s\u00f3 a doen\u00e7a, como o paciente e os seus cuidadores.<br \/>Acreditamos que o sucesso, quer da preven\u00e7\u00e3o, quer do diagn\u00f3stico e tratamento implica uma vis\u00e3o alargada e personalizada (hol\u00edstica) de cada beb\u00e9, crian\u00e7a ou adolescente.<br \/>Pretendemos conjugar e integrar todos os fatores preponderantes para a sa\u00fade e cura de cada crian\u00e7a, na medida em que, de acordo com a Organiza\u00e7\u00e3o Mundial de Sa\u00fade, a sa\u00fade \u00e9 o bem-estar f\u00edsico, ps\u00edquico e social.<br \/>Assim, s\u00e3o objetivos da Pediatria Integrativa por um lado, promover e readquirir a bio-regula\u00e7\u00e3o imunologica de cada beb\u00e9, crian\u00e7a ou adolescente, por outro lado, criar uma base para a preven\u00e7\u00e3o e tratamento precoce, eficaz e n\u00e3o danosa para o corpo humano.<\/p><\/div>\n\t\t\t\t\t<\/div><\/div>\t\t\t\t<\/div>\n\t\t\t\t<\/div>\n\t\t\t\t\t<\/div>\n\t\t<\/div>\n\t\t\t\t\t<\/div>\n\t\t<\/section>\n\t\t\t\t<section class=\"elementor-section elementor-top-section elementor-element elementor-element-42aa1a0 elementor-section-boxed elementor-section-height-default elementor-section-height-default\" data-id=\"42aa1a0\" data-element_type=\"section\" data-e-type=\"section\">\n\t\t\t\t\t\t<div class=\"elementor-container elementor-column-gap-default\">\n\t\t\t\t\t<div class=\"elementor-column elementor-col-100 elementor-top-column elementor-element elementor-element-2539689\" data-id=\"2539689\" data-element_type=\"column\" data-e-type=\"column\">\n\t\t\t<div class=\"elementor-widget-wrap elementor-element-populated\">\n\t\t\t\t\t\t<div class=\"elementor-element elementor-element-58d3c4e elementor-widget elementor-widget-spacer\" data-id=\"58d3c4e\" data-element_type=\"widget\" data-e-type=\"widget\" data-widget_type=\"spacer.default\">\n\t\t\t\t<div class=\"elementor-widget-container\">\n\t\t\t\t\t\t\t<div class=\"elementor-spacer\">\n\t\t\t<div class=\"elementor-spacer-inner\"><\/div>\n\t\t<\/div>\n\t\t\t\t\t\t<\/div>\n\t\t\t\t<\/div>\n\t\t\t\t\t<\/div>\n\t\t<\/div>\n\t\t\t\t\t<\/div>\n\t\t<\/section>\n\t\t\t\t<section class=\"elementor-section elementor-top-section elementor-element elementor-element-27b1c9fc elementor-section-boxed elementor-section-height-default elementor-section-height-default\" data-id=\"27b1c9fc\" data-element_type=\"section\" data-e-type=\"section\">\n\t\t\t\t\t\t<div class=\"elementor-container elementor-column-gap-default\">\n\t\t\t\t\t<div class=\"elementor-column elementor-col-25 elementor-top-column elementor-element elementor-element-73d9d1d5\" data-id=\"73d9d1d5\" data-element_type=\"column\" data-e-type=\"column\">\n\t\t\t<div class=\"elementor-widget-wrap elementor-element-populated\">\n\t\t\t\t\t\t<div class=\"elementor-element elementor-element-7c38af6e elementor-view-framed elementor-shape-circle elementor-widget elementor-widget-icon\" data-id=\"7c38af6e\" data-element_type=\"widget\" data-e-type=\"widget\" data-widget_type=\"icon.default\">\n\t\t\t\t<div class=\"elementor-widget-container\">\n\t\t\t\t\t\t\t<div class=\"elementor-icon-wrapper\">\n\t\t\t<a class=\"elementor-icon elementor-animation-shrink\" href=\"\/cmi\/\">\n\t\t\t<i aria-hidden=\"true\" class=\"fas fa-home\"><\/i>\t\t\t<\/a>\n\t\t<\/div>\n\t\t\t\t\t\t<\/div>\n\t\t\t\t<\/div>\n\t\t\t\t<div class=\"elementor-element elementor-element-5c3e0089 elementor-widget elementor-widget-heading\" data-id=\"5c3e0089\" data-element_type=\"widget\" data-e-type=\"widget\" data-widget_type=\"heading.default\">\n\t\t\t\t<div class=\"elementor-widget-container\">\n\t\t\t\t\t<h5 class=\"elementor-heading-title elementor-size-default\"><a href=\"\/cmi\/\">In\u00edcio<\/a><\/h5>\t\t\t\t<\/div>\n\t\t\t\t<\/div>\n\t\t\t\t\t<\/div>\n\t\t<\/div>\n\t\t\t\t<div class=\"elementor-column elementor-col-25 elementor-top-column elementor-element elementor-element-4965b1cc\" data-id=\"4965b1cc\" data-element_type=\"column\" data-e-type=\"column\">\n\t\t\t<div class=\"elementor-widget-wrap elementor-element-populated\">\n\t\t\t\t\t\t<div class=\"elementor-element elementor-element-663d9f2f elementor-view-framed elementor-shape-circle elementor-widget elementor-widget-icon\" data-id=\"663d9f2f\" data-element_type=\"widget\" data-e-type=\"widget\" data-widget_type=\"icon.default\">\n\t\t\t\t<div class=\"elementor-widget-container\">\n\t\t\t\t\t\t\t<div class=\"elementor-icon-wrapper\">\n\t\t\t<a class=\"elementor-icon elementor-animation-shrink\" href=\"\/cmi\/marcacao-de-consulta\/\">\n\t\t\t<i aria-hidden=\"true\" class=\"fas fa-calendar-alt\"><\/i>\t\t\t<\/a>\n\t\t<\/div>\n\t\t\t\t\t\t<\/div>\n\t\t\t\t<\/div>\n\t\t\t\t<div class=\"elementor-element elementor-element-2606fa20 elementor-widget elementor-widget-heading\" data-id=\"2606fa20\" data-element_type=\"widget\" data-e-type=\"widget\" data-widget_type=\"heading.default\">\n\t\t\t\t<div class=\"elementor-widget-container\">\n\t\t\t\t\t<h5 class=\"elementor-heading-title elementor-size-default\"><a href=\"\/cmi\/marcacao-de-consulta\/\">Marca\u00e7\u00e3o de Consulta<\/a><\/h5>\t\t\t\t<\/div>\n\t\t\t\t<\/div>\n\t\t\t\t\t<\/div>\n\t\t<\/div>\n\t\t\t\t<div class=\"elementor-column elementor-col-25 elementor-top-column elementor-element elementor-element-e779780\" data-id=\"e779780\" data-element_type=\"column\" data-e-type=\"column\">\n\t\t\t<div class=\"elementor-widget-wrap elementor-element-populated\">\n\t\t\t\t\t\t<div class=\"elementor-element elementor-element-3723de05 elementor-view-framed elementor-shape-circle elementor-widget elementor-widget-icon\" data-id=\"3723de05\" data-element_type=\"widget\" data-e-type=\"widget\" data-widget_type=\"icon.default\">\n\t\t\t\t<div class=\"elementor-widget-container\">\n\t\t\t\t\t\t\t<div class=\"elementor-icon-wrapper\">\n\t\t\t<a class=\"elementor-icon elementor-animation-shrink\" href=\"\/cmi\/areas-complementares\/\">\n\t\t\t<i aria-hidden=\"true\" class=\"fas fa-users-cog\"><\/i>\t\t\t<\/a>\n\t\t<\/div>\n\t\t\t\t\t\t<\/div>\n\t\t\t\t<\/div>\n\t\t\t\t<div class=\"elementor-element elementor-element-1062b419 elementor-widget elementor-widget-heading\" data-id=\"1062b419\" data-element_type=\"widget\" data-e-type=\"widget\" data-widget_type=\"heading.default\">\n\t\t\t\t<div class=\"elementor-widget-container\">\n\t\t\t\t\t<h5 class=\"elementor-heading-title elementor-size-default\"><a href=\"\/cmi\/areas-complementares\/\">\u00c1reas Complementares<\/a><\/h5>\t\t\t\t<\/div>\n\t\t\t\t<\/div>\n\t\t\t\t\t<\/div>\n\t\t<\/div>\n\t\t\t\t<div class=\"elementor-column elementor-col-25 elementor-top-column elementor-element elementor-element-4211ed8a\" data-id=\"4211ed8a\" data-element_type=\"column\" data-e-type=\"column\">\n\t\t\t<div class=\"elementor-widget-wrap elementor-element-populated\">\n\t\t\t\t\t\t<div class=\"elementor-element elementor-element-3e9ae590 elementor-view-framed elementor-shape-circle elementor-widget elementor-widget-icon\" data-id=\"3e9ae590\" data-element_type=\"widget\" data-e-type=\"widget\" data-widget_type=\"icon.default\">\n\t\t\t\t<div class=\"elementor-widget-container\">\n\t\t\t\t\t\t\t<div class=\"elementor-icon-wrapper\">\n\t\t\t<a class=\"elementor-icon elementor-animation-shrink\" href=\"\/cmi\/cons-medicina-integrativa\/\">\n\t\t\t<i aria-hidden=\"true\" class=\"fas fa-heartbeat\"><\/i>\t\t\t<\/a>\n\t\t<\/div>\n\t\t\t\t\t\t<\/div>\n\t\t\t\t<\/div>\n\t\t\t\t<div class=\"elementor-element elementor-element-2c8eb0d elementor-widget elementor-widget-heading\" data-id=\"2c8eb0d\" data-element_type=\"widget\" data-e-type=\"widget\" data-widget_type=\"heading.default\">\n\t\t\t\t<div class=\"elementor-widget-container\">\n\t\t\t\t\t<h5 class=\"elementor-heading-title elementor-size-default\"><a href=\"\/cmi\/cons-medicina-integrativa\/\">Medicina Integrativa<\/a><\/h5>\t\t\t\t<\/div>\n\t\t\t\t<\/div>\n\t\t\t\t\t<\/div>\n\t\t<\/div>\n\t\t\t\t\t<\/div>\n\t\t<\/section>\n\t\t\t\t<\/div>\n\t\t","protected":false},"excerpt":{"rendered":"<p>Medicina Integrativa Cada vez mais pessoas escolhem a Medicina Integrativa quando est\u00e3o doentes. A raz\u00e3o para esta mudan\u00e7a tem duas causas: a preocupa\u00e7\u00e3o sobre os poss\u00edveis efeitos secund\u00e1rios dos medicamentos e o alerta crescente para viver uma vida saud\u00e1vel, com [&hellip;]<\/p>\n","protected":false},"author":1,"featured_media":0,"parent":0,"menu_order":0,"comment_status":"closed","ping_status":"closed","template":"page-templates\/page_fullwidth.php","meta":{"footnotes":""},"class_list":["post-85","page","type-page","status-publish","hentry","clearfix"],"_links":{"self":[{"href":"https:\/\/anamoreira.pt\/cmi\/wp-json\/wp\/v2\/pages\/85","targetHints":{"allow":["GET"]}}],"collection":[{"href":"https:\/\/anamoreira.pt\/cmi\/wp-json\/wp\/v2\/pages"}],"about":[{"href":"https:\/\/anamoreira.pt\/cmi\/wp-json\/wp\/v2\/types\/page"}],"author":[{"embeddable":true,"href":"https:\/\/anamoreira.pt\/cmi\/wp-json\/wp\/v2\/users\/1"}],"replies":[{"embeddable":true,"href":"https:\/\/anamoreira.pt\/cmi\/wp-json\/wp\/v2\/comments?post=85"}],"version-history":[{"count":28,"href":"https:\/\/anamoreira.pt\/cmi\/wp-json\/wp\/v2\/pages\/85\/revisions"}],"predecessor-version":[{"id":6030,"href":"https:\/\/anamoreira.pt\/cmi\/wp-json\/wp\/v2\/pages\/85\/revisions\/6030"}],"wp:attachment":[{"href":"https:\/\/anamoreira.pt\/cmi\/wp-json\/wp\/v2\/media?parent=85"}],"curies":[{"name":"wp","href":"https:\/\/api.w.org\/{rel}","templated":true}]}}