{"id":976,"date":"2020-01-03T09:52:13","date_gmt":"2020-01-03T09:52:13","guid":{"rendered":"https:\/\/anamoreira.km35633-02.keymachine.de\/cmi\/?page_id=976"},"modified":"2023-01-25T18:21:49","modified_gmt":"2023-01-25T18:21:49","slug":"mais-informacoes-documentos-bibliografia","status":"publish","type":"page","link":"https:\/\/anamoreira.pt\/cmi\/mais-informacoes-documentos-bibliografia\/","title":{"rendered":"Mais Informa\u00e7\u00f5es | Documentos | Bibliografia"},"content":{"rendered":"\t\t<div data-elementor-type=\"wp-page\" data-elementor-id=\"976\" class=\"elementor elementor-976\" data-elementor-post-type=\"page\">\n\t\t\t\t\t\t<section class=\"elementor-section elementor-top-section elementor-element elementor-element-a13e093 elementor-section-boxed elementor-section-height-default elementor-section-height-default\" data-id=\"a13e093\" data-element_type=\"section\" data-e-type=\"section\">\n\t\t\t\t\t\t<div class=\"elementor-container elementor-column-gap-default\">\n\t\t\t\t\t<div class=\"elementor-column elementor-col-100 elementor-top-column elementor-element elementor-element-0d9a103\" data-id=\"0d9a103\" data-element_type=\"column\" data-e-type=\"column\">\n\t\t\t<div class=\"elementor-widget-wrap elementor-element-populated\">\n\t\t\t\t\t\t<div class=\"elementor-element elementor-element-f0433ab elementor-widget elementor-widget-text-editor\" data-id=\"f0433ab\" data-element_type=\"widget\" data-e-type=\"widget\" data-widget_type=\"text-editor.default\">\n\t\t\t\t<div class=\"elementor-widget-container\">\n\t\t\t\t\t\t\t\t\t<p>\u2022 Os quatro acordos, Don Miguel Ruiz , Pergaminho;<br \/>\u2022 Winning the war on c\u00e2ncer, Dr Mark Sircus;<br \/>\u2022 O Segredo, Rhonda Bryne \u2013 Editora Lua de papel;<br \/>\u2022 Milagres da sua mente \u2013 o poder do subconsciente \u2013 Joseph Murphy \u2013 Pergaminho;<br \/>\u2022 The Spontaneous Healing of Belief \u2013 Shattering the Paradigm of False Limits \u2013 Hay House (2008) \u2013 Gregg Braden;<br \/>\u2022 El tiempo fractal \u2013 Gregg Braden;<br \/>\u2022 El antigo secreto de la flor de la vida \u2013Drunvalo cap. XIII;<br \/>\u2022 \u201cComo alcan\u00e7ar o bem estar f\u00edsico e emocional com o poder da mente?\u201d \u2013 Joan Borysenko;<br \/>\u2022 Abrir ventanas al cosmos \u2013 Joan Borysenko;<br \/>\u2022 Paz interior para mujeres muy ocupadas \u2013 Joan Borysenko;<br \/>\u2022 El hombre en busca de sentido \u2013 Victor Frankl;<br \/>\u2022 La nueva mente del imperador \u2013 Roger Penrose;<br \/>\u2022 Una nueva ciencia de la vida \u2013 Rupert Sheldrake;<br \/>\u2022 The presence of past \u2013 Rupert Sheldrake;<br \/>\u2022 De perros que saben que sus amos estan a camino de casa \u2013 Rupert Sheldrake;<br \/>\u2022 Breve historia de todas las cosas \u2013 Ken Wilber;<br \/>\u2022 \u201cTrilogia do cosmos\u201d \u2013 Ken Wilber;<br \/>\u2022 Del intelecto a intuicion \u2013 Alice Bailey;<br \/>\u2022 Esoteric Healing \u2013 Alice Bailey;<br \/>\u2022 Psicologia Esoterica, 2 volumes;<br \/>\u2022 Psicos\u00edntese \u2013 Roberto Assaglioli;<br \/>\u2022 Food and Western Disease \u2013 Staffan Lindeberg;<br \/>\u2022 \u201cThe copper wall experiment\u201d, Elmer Green;<br \/>\u2022 \u201cBeyond Biofeedback\u201d \u2013 Elmer GreenTH;<br \/>\u2022 Os manipuladores de amor \u2013 Isabelle Nazare-Aga \u2013 Editora Pergaminho;<br \/>\u2022 The Delights and Dangers of Our Eleventh Emotion \u2013 Paul Pearshall;<br \/>\u2022 The Beethoven Factor: The New Positive Psychology of Hardiness, Happiness, Healing, and Hope;<br \/>\u2022 Miracle in Maui: Let Miracles Happen in Your Life \u2013 Makawao \u2013 Hawaii: Inner Ocean Publisher, 2001;<br \/>\u2022 Sanar es un viaje \u2013 O. Carl Simonton;<br \/>\u2022 Cartas de um sobrevivente \u2013 O. Carl Simonton;<br \/>\u2022 O C\u00f3digo do cora\u00e7\u00e3o (El c\u00f3digo del corazon);<br \/>\u2022 As bases cient\u00edficas da medicina bio-energ\u00e9tica \u2013 Dr. Oschman;<br \/>\u2022 Mist\u00e9rio das catedrais \u2013 Fulcanelli;<br \/>\u2022 O segundo c\u00e9rebro \u2013 Michael Gershon \u2013 Edi\u00e7\u00e3o campus;<br \/>\u2022 Todos os livros de \u201cCarlos Castaneda\u201d.<\/p>\t\t\t\t\t\t\t\t<\/div>\n\t\t\t\t<\/div>\n\t\t\t\t\t<\/div>\n\t\t<\/div>\n\t\t\t\t\t<\/div>\n\t\t<\/section>\n\t\t\t\t<section class=\"elementor-section elementor-top-section elementor-element elementor-element-29fedb elementor-section-boxed elementor-section-height-default elementor-section-height-default\" data-id=\"29fedb\" data-element_type=\"section\" data-e-type=\"section\">\n\t\t\t\t\t\t<div class=\"elementor-container elementor-column-gap-default\">\n\t\t\t\t\t<div class=\"elementor-column elementor-col-100 elementor-top-column elementor-element elementor-element-7f633493\" data-id=\"7f633493\" data-element_type=\"column\" data-e-type=\"column\">\n\t\t\t<div class=\"elementor-widget-wrap elementor-element-populated\">\n\t\t\t\t\t\t<div class=\"elementor-element elementor-element-3b00a7a9 elementor-widget elementor-widget-text-editor\" data-id=\"3b00a7a9\" data-element_type=\"widget\" data-e-type=\"widget\" data-widget_type=\"text-editor.default\">\n\t\t\t\t<div class=\"elementor-widget-container\">\n\t\t\t\t\t\t\t\t\t<p><a href=\"\/cmi\/mais-informacoes-documentos\/\">[voltar]<\/a><\/p>\t\t\t\t\t\t\t\t<\/div>\n\t\t\t\t<\/div>\n\t\t\t\t\t<\/div>\n\t\t<\/div>\n\t\t\t\t\t<\/div>\n\t\t<\/section>\n\t\t\t\t<section class=\"elementor-section elementor-top-section elementor-element elementor-element-7a6faa5b elementor-section-boxed elementor-section-height-default elementor-section-height-default\" data-id=\"7a6faa5b\" data-element_type=\"section\" data-e-type=\"section\">\n\t\t\t\t\t\t<div class=\"elementor-container elementor-column-gap-default\">\n\t\t\t\t\t<div class=\"elementor-column elementor-col-16 elementor-top-column elementor-element elementor-element-8e67cd5\" data-id=\"8e67cd5\" data-element_type=\"column\" data-e-type=\"column\">\n\t\t\t<div class=\"elementor-widget-wrap elementor-element-populated\">\n\t\t\t\t\t\t<div class=\"elementor-element elementor-element-762853da elementor-view-framed elementor-shape-circle elementor-widget elementor-widget-icon\" data-id=\"762853da\" data-element_type=\"widget\" data-e-type=\"widget\" data-widget_type=\"icon.default\">\n\t\t\t\t<div class=\"elementor-widget-container\">\n\t\t\t\t\t\t\t<div class=\"elementor-icon-wrapper\">\n\t\t\t<a class=\"elementor-icon elementor-animation-shrink\" href=\"\/cmi\/\">\n\t\t\t<i aria-hidden=\"true\" class=\"fas fa-home\"><\/i>\t\t\t<\/a>\n\t\t<\/div>\n\t\t\t\t\t\t<\/div>\n\t\t\t\t<\/div>\n\t\t\t\t<div class=\"elementor-element elementor-element-4176295 elementor-widget elementor-widget-heading\" data-id=\"4176295\" data-element_type=\"widget\" data-e-type=\"widget\" data-widget_type=\"heading.default\">\n\t\t\t\t<div class=\"elementor-widget-container\">\n\t\t\t\t\t<h5 class=\"elementor-heading-title elementor-size-default\"><a href=\"\/cmi\/\">In\u00edcio<\/a><\/h5>\t\t\t\t<\/div>\n\t\t\t\t<\/div>\n\t\t\t\t\t<\/div>\n\t\t<\/div>\n\t\t\t\t<div class=\"elementor-column elementor-col-16 elementor-top-column elementor-element elementor-element-13a3cf4\" data-id=\"13a3cf4\" data-element_type=\"column\" data-e-type=\"column\">\n\t\t\t<div class=\"elementor-widget-wrap elementor-element-populated\">\n\t\t\t\t\t\t<div class=\"elementor-element elementor-element-181aa057 elementor-view-framed elementor-shape-circle elementor-widget elementor-widget-icon\" data-id=\"181aa057\" data-element_type=\"widget\" data-e-type=\"widget\" data-widget_type=\"icon.default\">\n\t\t\t\t<div class=\"elementor-widget-container\">\n\t\t\t\t\t\t\t<div class=\"elementor-icon-wrapper\">\n\t\t\t<a class=\"elementor-icon elementor-animation-shrink\" href=\"\/cmi\/mais-informacoes-documentos-artigos\/\">\n\t\t\t<i aria-hidden=\"true\" class=\"fas fa-file\"><\/i>\t\t\t<\/a>\n\t\t<\/div>\n\t\t\t\t\t\t<\/div>\n\t\t\t\t<\/div>\n\t\t\t\t<div class=\"elementor-element elementor-element-3c034e9d elementor-widget elementor-widget-heading\" data-id=\"3c034e9d\" data-element_type=\"widget\" data-e-type=\"widget\" data-widget_type=\"heading.default\">\n\t\t\t\t<div class=\"elementor-widget-container\">\n\t\t\t\t\t<h5 class=\"elementor-heading-title elementor-size-default\"><a href=\"\/cmi\/mais-informacoes-documentos-artigos\/\">Artigos<\/a><\/h5>\t\t\t\t<\/div>\n\t\t\t\t<\/div>\n\t\t\t\t\t<\/div>\n\t\t<\/div>\n\t\t\t\t<div class=\"elementor-column elementor-col-16 elementor-top-column elementor-element elementor-element-cd2aeca\" data-id=\"cd2aeca\" data-element_type=\"column\" data-e-type=\"column\">\n\t\t\t<div class=\"elementor-widget-wrap elementor-element-populated\">\n\t\t\t\t\t\t<div class=\"elementor-element elementor-element-279f7b28 elementor-view-framed elementor-shape-circle elementor-widget elementor-widget-icon\" data-id=\"279f7b28\" data-element_type=\"widget\" data-e-type=\"widget\" data-widget_type=\"icon.default\">\n\t\t\t\t<div class=\"elementor-widget-container\">\n\t\t\t\t\t\t\t<div class=\"elementor-icon-wrapper\">\n\t\t\t<a class=\"elementor-icon elementor-animation-shrink\" href=\"\/cmi\/mais-informacoes-documentos-artigos-cientificos\/\">\n\t\t\t<i aria-hidden=\"true\" class=\"fas fa-graduation-cap\"><\/i>\t\t\t<\/a>\n\t\t<\/div>\n\t\t\t\t\t\t<\/div>\n\t\t\t\t<\/div>\n\t\t\t\t<div class=\"elementor-element elementor-element-7959aada elementor-widget elementor-widget-heading\" data-id=\"7959aada\" data-element_type=\"widget\" data-e-type=\"widget\" data-widget_type=\"heading.default\">\n\t\t\t\t<div class=\"elementor-widget-container\">\n\t\t\t\t\t<h5 class=\"elementor-heading-title elementor-size-default\"><a href=\"\/cmi\/mais-informacoes-documentos-artigos-cientificos\/\">Artigos Cient\u00edficos<\/a><\/h5>\t\t\t\t<\/div>\n\t\t\t\t<\/div>\n\t\t\t\t\t<\/div>\n\t\t<\/div>\n\t\t\t\t<div class=\"elementor-column elementor-col-16 elementor-top-column elementor-element elementor-element-17c13a02\" data-id=\"17c13a02\" data-element_type=\"column\" data-e-type=\"column\">\n\t\t\t<div class=\"elementor-widget-wrap elementor-element-populated\">\n\t\t\t\t\t\t<div class=\"elementor-element elementor-element-143aaa2e elementor-view-framed elementor-shape-circle elementor-widget elementor-widget-icon\" data-id=\"143aaa2e\" data-element_type=\"widget\" data-e-type=\"widget\" data-widget_type=\"icon.default\">\n\t\t\t\t<div class=\"elementor-widget-container\">\n\t\t\t\t\t\t\t<div class=\"elementor-icon-wrapper\">\n\t\t\t<a class=\"elementor-icon elementor-animation-shrink\" href=\"\/cmi\/mais-informacoes-documentos-curiosidades\/\">\n\t\t\t<i aria-hidden=\"true\" class=\"far fa-surprise\"><\/i>\t\t\t<\/a>\n\t\t<\/div>\n\t\t\t\t\t\t<\/div>\n\t\t\t\t<\/div>\n\t\t\t\t<div class=\"elementor-element elementor-element-602c7d53 elementor-widget elementor-widget-heading\" data-id=\"602c7d53\" data-element_type=\"widget\" data-e-type=\"widget\" data-widget_type=\"heading.default\">\n\t\t\t\t<div class=\"elementor-widget-container\">\n\t\t\t\t\t<h5 class=\"elementor-heading-title elementor-size-default\"><a href=\"\/cmi\/mais-informacoes-documentos-curiosidades\/\">Curiosidades<\/a><\/h5>\t\t\t\t<\/div>\n\t\t\t\t<\/div>\n\t\t\t\t\t<\/div>\n\t\t<\/div>\n\t\t\t\t<div class=\"elementor-column elementor-col-16 elementor-top-column elementor-element elementor-element-39bf637e\" data-id=\"39bf637e\" data-element_type=\"column\" data-e-type=\"column\">\n\t\t\t<div class=\"elementor-widget-wrap elementor-element-populated\">\n\t\t\t\t\t\t<div class=\"elementor-element elementor-element-5e7420b3 elementor-view-framed elementor-shape-circle elementor-widget elementor-widget-icon\" data-id=\"5e7420b3\" data-element_type=\"widget\" data-e-type=\"widget\" data-widget_type=\"icon.default\">\n\t\t\t\t<div class=\"elementor-widget-container\">\n\t\t\t\t\t\t\t<div class=\"elementor-icon-wrapper\">\n\t\t\t<a class=\"elementor-icon elementor-animation-shrink\" href=\"\/cmi\/mais-informacoes-documentos-noticias\/\">\n\t\t\t<i aria-hidden=\"true\" class=\"fas fa-edit\"><\/i>\t\t\t<\/a>\n\t\t<\/div>\n\t\t\t\t\t\t<\/div>\n\t\t\t\t<\/div>\n\t\t\t\t<div class=\"elementor-element elementor-element-1a50247c elementor-widget elementor-widget-heading\" data-id=\"1a50247c\" data-element_type=\"widget\" data-e-type=\"widget\" data-widget_type=\"heading.default\">\n\t\t\t\t<div class=\"elementor-widget-container\">\n\t\t\t\t\t<h5 class=\"elementor-heading-title elementor-size-default\"><a href=\"\/cmi\/mais-informacoes-documentos-noticias\/\">Not\u00edcias<\/a><\/h5>\t\t\t\t<\/div>\n\t\t\t\t<\/div>\n\t\t\t\t\t<\/div>\n\t\t<\/div>\n\t\t\t\t<div class=\"elementor-column elementor-col-16 elementor-top-column elementor-element elementor-element-10952e08\" data-id=\"10952e08\" data-element_type=\"column\" data-e-type=\"column\">\n\t\t\t<div class=\"elementor-widget-wrap elementor-element-populated\">\n\t\t\t\t\t\t<div class=\"elementor-element elementor-element-7f77eca9 elementor-view-framed elementor-shape-circle elementor-widget elementor-widget-icon\" data-id=\"7f77eca9\" data-element_type=\"widget\" data-e-type=\"widget\" data-widget_type=\"icon.default\">\n\t\t\t\t<div class=\"elementor-widget-container\">\n\t\t\t\t\t\t\t<div class=\"elementor-icon-wrapper\">\n\t\t\t<a class=\"elementor-icon elementor-animation-shrink\" href=\"\/cmi\/mais-informacoes\/\">\n\t\t\t<i aria-hidden=\"true\" class=\"fab fa-readme\"><\/i>\t\t\t<\/a>\n\t\t<\/div>\n\t\t\t\t\t\t<\/div>\n\t\t\t\t<\/div>\n\t\t\t\t<div class=\"elementor-element elementor-element-20134435 elementor-widget elementor-widget-heading\" data-id=\"20134435\" data-element_type=\"widget\" data-e-type=\"widget\" data-widget_type=\"heading.default\">\n\t\t\t\t<div class=\"elementor-widget-container\">\n\t\t\t\t\t<h5 class=\"elementor-heading-title elementor-size-default\"><a href=\"\/cmi\/mais-informacoes\/\">Mais Informa\u00e7\u00f5es<\/a><\/h5>\t\t\t\t<\/div>\n\t\t\t\t<\/div>\n\t\t\t\t\t<\/div>\n\t\t<\/div>\n\t\t\t\t\t<\/div>\n\t\t<\/section>\n\t\t\t\t<\/div>\n\t\t","protected":false},"excerpt":{"rendered":"<p>\u2022 Os quatro acordos, Don Miguel Ruiz , Pergaminho; \u2022 Winning the war on c\u00e2ncer, Dr Mark Sircus; \u2022 O Segredo, Rhonda Bryne \u2013 Editora Lua de papel; \u2022 Milagres da sua mente \u2013 o poder do subconsciente \u2013 Joseph [&hellip;]<\/p>\n","protected":false},"author":1,"featured_media":0,"parent":0,"menu_order":0,"comment_status":"closed","ping_status":"closed","template":"page-templates\/page_fullwidth.php","meta":{"footnotes":""},"class_list":["post-976","page","type-page","status-publish","hentry","clearfix"],"_links":{"self":[{"href":"https:\/\/anamoreira.pt\/cmi\/wp-json\/wp\/v2\/pages\/976","targetHints":{"allow":["GET"]}}],"collection":[{"href":"https:\/\/anamoreira.pt\/cmi\/wp-json\/wp\/v2\/pages"}],"about":[{"href":"https:\/\/anamoreira.pt\/cmi\/wp-json\/wp\/v2\/types\/page"}],"author":[{"embeddable":true,"href":"https:\/\/anamoreira.pt\/cmi\/wp-json\/wp\/v2\/users\/1"}],"replies":[{"embeddable":true,"href":"https:\/\/anamoreira.pt\/cmi\/wp-json\/wp\/v2\/comments?post=976"}],"version-history":[{"count":9,"href":"https:\/\/anamoreira.pt\/cmi\/wp-json\/wp\/v2\/pages\/976\/revisions"}],"predecessor-version":[{"id":6013,"href":"https:\/\/anamoreira.pt\/cmi\/wp-json\/wp\/v2\/pages\/976\/revisions\/6013"}],"wp:attachment":[{"href":"https:\/\/anamoreira.pt\/cmi\/wp-json\/wp\/v2\/media?parent=976"}],"curies":[{"name":"wp","href":"https:\/\/api.w.org\/{rel}","templated":true}]}}